{"id":11429,"date":"2025-09-22T01:31:54","date_gmt":"2025-09-22T01:31:54","guid":{"rendered":"https:\/\/ecosolarcarport.com\/?page_id=11429"},"modified":"2025-12-17T00:45:00","modified_gmt":"2025-12-17T00:45:00","slug":"unser-projekt","status":"publish","type":"page","link":"https:\/\/ecosolarcarport.com\/de\/unser-projekt\/","title":{"rendered":"UNSER PROJEKT"},"content":{"rendered":"<p>[vc_row][vc_column width=&#8220;1\/3&#8243;][vc_single_image image=&#8220;8934&#8243; img_size=&#8220;360&#215;240&#8243; add_caption=&#8220;yes&#8220; onclick=&#8220;link_image&#8220; css_animation=&#8220;fadeIn&#8220; css=&#8220;.vc_custom_1762153800213{margin-bottom: 0px !important;}&#8220; el_class=&#8220;img-hover-scale&#8220;][vc_column_text css=&#8220;.vc_custom_1762152922364{margin-top: -10px !important;}&#8220;]Switzerland\uff0cBaltschieder[\/vc_column_text][\/vc_column][vc_column width=&#8220;1\/3&#8243;][vc_single_image image=&#8220;8949&#8243; img_size=&#8220;360&#215;240&#8243; add_caption=&#8220;yes&#8220; onclick=&#8220;link_image&#8220; css_animation=&#8220;fadeIn&#8220; css=&#8220;.vc_custom_1762154367757{margin-bottom: 0px !important;}&#8220; el_class=&#8220;img-hover-scale&#8220;][vc_column_text css=&#8220;.vc_custom_1762152970500{margin-top: -10px !important;}&#8220;]Germany\uff0cRohrbach[\/vc_column_text][\/vc_column][vc_column width=&#8220;1\/3&#8243;][vc_single_image image=&#8220;8974&#8243; img_size=&#8220;360&#215;240&#8243; onclick=&#8220;link_image&#8220; css_animation=&#8220;fadeIn&#8220; css=&#8220;.vc_custom_1762154372210{margin-bottom: 0px !important;}&#8220; el_class=&#8220;img-hover-scale&#8220;][vc_column_text css=&#8220;.vc_custom_1762153003549{margin-top: -10px !important;}&#8220;]Germany\uff0cFriedrichshafen[\/vc_column_text][\/vc_column][\/vc_row][vc_row][vc_column width=&#8220;1\/3&#8243;][vc_single_image image=&#8220;8914&#8243; img_size=&#8220;360&#215;240&#8243; onclick=&#8220;link_image&#8220; css_animation=&#8220;fadeIn&#8220; css=&#8220;.vc_custom_1762154612813{margin-bottom: 0px !important;}&#8220; el_class=&#8220;img-hover-scale&#8220;][vc_column_text css=&#8220;.vc_custom_1762152776533{margin-top: -10px !important;}&#8220;]Germany\uff0cMoormerland[\/vc_column_text][\/vc_column][vc_column width=&#8220;1\/3&#8243;][vc_single_image image=&#8220;8919&#8243; img_size=&#8220;360&#215;240&#8243; onclick=&#8220;link_image&#8220; css_animation=&#8220;fadeIn&#8220; css=&#8220;.vc_custom_1762154605172{margin-bottom: 0px !important;}&#8220; el_class=&#8220;img-hover-scale&#8220;][vc_column_text css=&#8220;.vc_custom_1765414932945{margin-top: -10px !important;}&#8220;]Austria\uff0cV\u00f6lkermarkt[\/vc_column_text][\/vc_column][vc_column width=&#8220;1\/3&#8243;][vc_single_image image=&#8220;8924&#8243; img_size=&#8220;360&#215;240&#8243; onclick=&#8220;link_image&#8220; css_animation=&#8220;fadeIn&#8220; el_class=&#8220;img-hover-scale&#8220; css=&#8220;.vc_custom_1762155854042{margin-bottom: 0px !important;}&#8220;][vc_column_text css=&#8220;.vc_custom_1762154633195{margin-top: -10px !important;}&#8220;]Belgique\uff0cGembloux[\/vc_column_text][\/vc_column][\/vc_row][vc_row][vc_column width=&#8220;1\/3&#8243;][vc_single_image image=&#8220;8929&#8243; img_size=&#8220;360&#215;240&#8243; onclick=&#8220;link_image&#8220; css_animation=&#8220;fadeIn&#8220; el_class=&#8220;img-hover-scale&#8220; css=&#8220;.vc_custom_1762155867147{margin-bottom: 0px !important;}&#8220;][vc_column_text css=&#8220;.vc_custom_1762154715979{margin-top: -10px !important;}&#8220;]Germany\uff0cRohrbach[\/vc_column_text][\/vc_column][vc_column width=&#8220;1\/3&#8243;][vc_single_image image=&#8220;8939&#8243; img_size=&#8220;360&#215;240&#8243; onclick=&#8220;link_image&#8220; css_animation=&#8220;fadeIn&#8220; el_class=&#8220;img-hover-scale&#8220; css=&#8220;.vc_custom_1762155875667{margin-bottom: 0px !important;}&#8220;][vc_column_text css=&#8220;.vc_custom_1762154784459{margin-top: -10px !important;}&#8220;]Austria\uff0cWien[\/vc_column_text][\/vc_column][vc_column width=&#8220;1\/3&#8243;][vc_single_image image=&#8220;8944&#8243; img_size=&#8220;360&#215;240&#8243; onclick=&#8220;link_image&#8220; css_animation=&#8220;fadeIn&#8220; el_class=&#8220;img-hover-scale&#8220; css=&#8220;.vc_custom_1762155879577{margin-bottom: 0px !important;}&#8220;][vc_column_text css=&#8220;.vc_custom_1762154804930{margin-top: -10px !important;}&#8220;]Germany\uff0cHamburg[\/vc_column_text][\/vc_column][\/vc_row][vc_row][vc_column width=&#8220;1\/3&#8243;][vc_single_image image=&#8220;8954&#8243; img_size=&#8220;360&#215;240&#8243; onclick=&#8220;link_image&#8220; css_animation=&#8220;fadeIn&#8220; el_class=&#8220;img-hover-scale&#8220; css=&#8220;.vc_custom_1762155885308{margin-bottom: 0px !important;}&#8220;][vc_column_text css=&#8220;.vc_custom_1762154818611{margin-top: -10px !important;}&#8220;]Germany\uff0cAltlandsberg[\/vc_column_text][\/vc_column][vc_column width=&#8220;1\/3&#8243;][vc_single_image image=&#8220;8959&#8243; img_size=&#8220;360&#215;240&#8243; onclick=&#8220;link_image&#8220; css_animation=&#8220;fadeIn&#8220; el_class=&#8220;img-hover-scale&#8220; css=&#8220;.vc_custom_1762155889274{margin-bottom: 0px !important;}&#8220;][vc_column_text css=&#8220;.vc_custom_1762154992675{margin-top: -10px !important;}&#8220;]Poland\uff0cTarnowskie G\u00f3ry[\/vc_column_text][\/vc_column][vc_column width=&#8220;1\/3&#8243;][vc_single_image image=&#8220;8964&#8243; img_size=&#8220;360&#215;240&#8243; onclick=&#8220;link_image&#8220; css_animation=&#8220;fadeIn&#8220; el_class=&#8220;img-hover-scale&#8220; css=&#8220;.vc_custom_1762155893187{margin-bottom: 0px !important;}&#8220;][vc_column_text css=&#8220;.vc_custom_1762155026434{margin-top: -10px !important;}&#8220;]Austria\uff0cLinz[\/vc_column_text][\/vc_column][\/vc_row][vc_row][vc_column width=&#8220;1\/3&#8243;][vc_single_image image=&#8220;8969&#8243; img_size=&#8220;360&#215;240&#8243; onclick=&#8220;link_image&#8220; css_animation=&#8220;fadeIn&#8220; el_class=&#8220;img-hover-scale&#8220; css=&#8220;.vc_custom_1762155897411{margin-bottom: 0px !important;}&#8220;][vc_column_text css=&#8220;.vc_custom_1762155151650{margin-top: -10px !important;}&#8220;]Belgium\uff0cGenk[\/vc_column_text][\/vc_column][vc_column width=&#8220;1\/3&#8243;][vc_single_image image=&#8220;8979&#8243; img_size=&#8220;360&#215;240&#8243; onclick=&#8220;link_image&#8220; css_animation=&#8220;fadeIn&#8220; el_class=&#8220;img-hover-scale&#8220; css=&#8220;.vc_custom_1762155901611{margin-bottom: 0px !important;}&#8220;][vc_column_text css=&#8220;.vc_custom_1762155298626{margin-top: -10px !important;}&#8220;]Germany\uff0cFriedrichshafen[\/vc_column_text][\/vc_column][vc_column width=&#8220;1\/3&#8243;][vc_single_image image=&#8220;8984&#8243; img_size=&#8220;360&#215;240&#8243; onclick=&#8220;link_image&#8220; css_animation=&#8220;fadeIn&#8220; el_class=&#8220;img-hover-scale&#8220; css=&#8220;.vc_custom_1762155905547{margin-bottom: 0px !important;}&#8220;][vc_column_text css=&#8220;.vc_custom_1762155250618{margin-top: -10px !important;}&#8220;]Germany\uff0cDarmstadt[\/vc_column_text][\/vc_column][\/vc_row][vc_row][vc_column width=&#8220;1\/3&#8243;][vc_single_image image=&#8220;8989&#8243; img_size=&#8220;360&#215;240&#8243; onclick=&#8220;link_image&#8220; css_animation=&#8220;fadeIn&#8220; el_class=&#8220;img-hover-scale&#8220; css=&#8220;.vc_custom_1762161278723{margin-bottom: 0px !important;}&#8220;][vc_column_text css=&#8220;.vc_custom_1762161318708{margin-top: -10px !important;}&#8220;]Norway\uff0cOlso[\/vc_column_text][\/vc_column][vc_column width=&#8220;1\/3&#8243;][vc_single_image image=&#8220;8994&#8243; img_size=&#8220;360&#215;240&#8243; onclick=&#8220;link_image&#8220; css_animation=&#8220;fadeIn&#8220; el_class=&#8220;img-hover-scale&#8220; css=&#8220;.vc_custom_1762161337118{margin-bottom: 0px !important;}&#8220;][vc_column_text css=&#8220;.vc_custom_1762161352628{margin-top: -10px !important;}&#8220;]Belgium\uff0cBalen[\/vc_column_text][\/vc_column][vc_column width=&#8220;1\/3&#8243;][vc_single_image image=&#8220;10695&#8243; img_size=&#8220;360&#215;240&#8243; onclick=&#8220;link_image&#8220; css_animation=&#8220;fadeIn&#8220; el_class=&#8220;img-hover-scale&#8220; css=&#8220;.vc_custom_1762161364070{margin-bottom: 0px !important;}&#8220;][vc_column_text css=&#8220;.vc_custom_1762161379012{margin-top: -10px !important;}&#8220;]Czech Republic\uff0cKl\u00e1\u0161terec nad Oh\u0159\u00ed[\/vc_column_text][\/vc_column][\/vc_row][vc_row][vc_column width=&#8220;1\/3&#8243;][vc_single_image image=&#8220;10700&#8243; img_size=&#8220;360&#215;240&#8243; onclick=&#8220;link_image&#8220; css_animation=&#8220;fadeIn&#8220; el_class=&#8220;img-hover-scale&#8220; css=&#8220;.vc_custom_1762161392875{margin-bottom: 0px !important;}&#8220;][vc_column_text css=&#8220;.vc_custom_1762161411771{margin-top: -10px !important;}&#8220;]Germany\uff0cLudwigswinkel[\/vc_column_text][\/vc_column][vc_column width=&#8220;1\/3&#8243;][vc_single_image image=&#8220;10705&#8243; img_size=&#8220;360&#215;240&#8243; onclick=&#8220;link_image&#8220; css_animation=&#8220;fadeIn&#8220; el_class=&#8220;img-hover-scale&#8220; css=&#8220;.vc_custom_1762161422262{margin-bottom: 0px !important;}&#8220;][vc_column_text css=&#8220;.vc_custom_1762161436075{margin-top: -10px !important;}&#8220;]Sweden\uff0cMalm\u00f6[\/vc_column_text][\/vc_column][vc_column width=&#8220;1\/3&#8243;][vc_single_image image=&#8220;10710&#8243; img_size=&#8220;360&#215;240&#8243; onclick=&#8220;link_image&#8220; css_animation=&#8220;fadeIn&#8220; el_class=&#8220;img-hover-scale&#8220; css=&#8220;.vc_custom_1762161444198{margin-bottom: 0px !important;}&#8220;][vc_column_text css=&#8220;.vc_custom_1762161472820{margin-top: -10px !important;}&#8220;]Poland[\/vc_column_text][\/vc_column][\/vc_row][vc_row][vc_column width=&#8220;1\/3&#8243;][vc_single_image image=&#8220;10715&#8243; img_size=&#8220;360&#215;240&#8243; onclick=&#8220;link_image&#8220; css_animation=&#8220;fadeIn&#8220; el_class=&#8220;img-hover-scale&#8220; css=&#8220;.vc_custom_1762161484614{margin-bottom: 0px !important;}&#8220;][vc_column_text css=&#8220;.vc_custom_1762161497420{margin-top: -10px !important;}&#8220;]Czech Republic\uff0cPrague[\/vc_column_text][\/vc_column][vc_column width=&#8220;1\/3&#8243;][vc_single_image image=&#8220;10725&#8243; img_size=&#8220;360&#215;240&#8243; onclick=&#8220;link_image&#8220; css_animation=&#8220;fadeIn&#8220; el_class=&#8220;img-hover-scale&#8220; css=&#8220;.vc_custom_1762161529251{margin-bottom: 0px !important;}&#8220;][vc_column_text css=&#8220;.vc_custom_1762161558724{margin-top: -10px !important;}&#8220;]Germany\uff0cRohrbach[\/vc_column_text][\/vc_column][vc_column width=&#8220;1\/3&#8243;][vc_single_image image=&#8220;11770&#8243; img_size=&#8220;360&#215;240&#8243; onclick=&#8220;link_image&#8220; css_animation=&#8220;fadeIn&#8220; el_class=&#8220;img-hover-scale&#8220; css=&#8220;.vc_custom_1765932297124{margin-bottom: 0px !important;}&#8220;][vc_column_text css=&#8220;.vc_custom_1765874264540{margin-top: -10px !important;}&#8220;]Germany\uff0cLeipzig[\/vc_column_text][\/vc_column][\/vc_row]<\/p>\n","protected":false},"excerpt":{"rendered":"<p>[vc_row][vc_column width=&#8220;1\/3&#8243;][vc_single_image image=&#8220;8934&#8243; img_size=&#8220;360&#215;240&#8243; add_caption=&#8220;yes&#8220; onclick=&#8220;link_image&#8220; css_animation=&#8220;fadeIn&#8220; css=&#8220;.vc_custom_1762153800213{margin-bottom: 0px !important;}&#8220; el_class=&#8220;img-hover-scale&#8220;][vc_column_text css=&#8220;.vc_custom_1762152922364{margin-top: -10px !important;}&#8220;]Switzerland\uff0cBaltschieder[\/vc_column_text][\/vc_column][vc_column width=&#8220;1\/3&#8243;][vc_single_image image=&#8220;8949&#8243; img_size=&#8220;360&#215;240&#8243; add_caption=&#8220;yes&#8220; onclick=&#8220;link_image&#8220; css_animation=&#8220;fadeIn&#8220; css=&#8220;.vc_custom_1762154367757{margin-bottom: 0px !important;}&#8220; el_class=&#8220;img-hover-scale&#8220;][vc_column_text css=&#8220;.vc_custom_1762152970500{margin-top: -10px !important;}&#8220;]Germany\uff0cRohrbach[\/vc_column_text][\/vc_column][vc_column width=&#8220;1\/3&#8243;][vc_single_image image=&#8220;8974&#8243; img_size=&#8220;360&#215;240&#8243; onclick=&#8220;link_image&#8220; css_animation=&#8220;fadeIn&#8220; css=&#8220;.vc_custom_1762154372210{margin-bottom: 0px !important;}&#8220; el_class=&#8220;img-hover-scale&#8220;][vc_column_text css=&#8220;.vc_custom_1762153003549{margin-top: -10px !important;}&#8220;]Germany\uff0cFriedrichshafen[\/vc_column_text][\/vc_column][\/vc_row][vc_row][vc_column width=&#8220;1\/3&#8243;][vc_single_image image=&#8220;8914&#8243; img_size=&#8220;360&#215;240&#8243; onclick=&#8220;link_image&#8220; css_animation=&#8220;fadeIn&#8220; css=&#8220;.vc_custom_1762154612813{margin-bottom: 0px !important;}&#8220; el_class=&#8220;img-hover-scale&#8220;][vc_column_text css=&#8220;.vc_custom_1762152776533{margin-top: -10px !important;}&#8220;]Germany\uff0cMoormerland[\/vc_column_text][\/vc_column][vc_column width=&#8220;1\/3&#8243;][vc_single_image image=&#8220;8919&#8243; img_size=&#8220;360&#215;240&#8243; onclick=&#8220;link_image&#8220;<span class=\"screen-reader-text\"><a href=\"https:\/\/ecosolarcarport.com\/de\/unser-projekt\/\" rel=\"nofollow\">[&#8230;]<\/a><\/span><\/p>\n","protected":false},"author":1,"featured_media":9306,"parent":0,"menu_order":0,"comment_status":"closed","ping_status":"closed","template":"","meta":{"om_disable_all_campaigns":false,"_monsterinsights_skip_tracking":false,"_monsterinsights_sitenote_active":false,"_monsterinsights_sitenote_note":"","_monsterinsights_sitenote_category":0,"footnotes":""},"class_list":["post-11429","page","type-page","status-publish","has-post-thumbnail","hentry"],"acf":[],"yoast_head":"<!-- This site is optimized with the Yoast SEO plugin v27.1.1 - https:\/\/yoast.com\/product\/yoast-seo-wordpress\/ -->\n<title>UNSER PROJEKT - ecosolarcarport<\/title>\n<meta name=\"robots\" content=\"index, follow, max-snippet:-1, max-image-preview:large, max-video-preview:-1\" \/>\n<link rel=\"canonical\" href=\"https:\/\/ecosolarcarport.com\/de\/unser-projekt\/\" \/>\n<meta property=\"og:locale\" content=\"de_DE\" \/>\n<meta property=\"og:type\" content=\"article\" \/>\n<meta property=\"og:title\" content=\"UNSER PROJEKT - ecosolarcarport\" \/>\n<meta property=\"og:description\" content=\"[vc_row][vc_column width=&#8220;1\/3&#8243;][vc_single_image image=&#8220;8934&#8243; img_size=&#8220;360&#215;240&#8243; add_caption=&#8220;yes&#8220; onclick=&#8220;link_image&#8220; css_animation=&#8220;fadeIn&#8220; css=&#8220;.vc_custom_1762153800213{margin-bottom: 0px !important;}&#8220; el_class=&#8220;img-hover-scale&#8220;][vc_column_text css=&#8220;.vc_custom_1762152922364{margin-top: -10px !important;}&#8220;]Switzerland\uff0cBaltschieder[\/vc_column_text][\/vc_column][vc_column width=&#8220;1\/3&#8243;][vc_single_image image=&#8220;8949&#8243; img_size=&#8220;360&#215;240&#8243; add_caption=&#8220;yes&#8220; onclick=&#8220;link_image&#8220; css_animation=&#8220;fadeIn&#8220; css=&#8220;.vc_custom_1762154367757{margin-bottom: 0px !important;}&#8220; el_class=&#8220;img-hover-scale&#8220;][vc_column_text css=&#8220;.vc_custom_1762152970500{margin-top: -10px !important;}&#8220;]Germany\uff0cRohrbach[\/vc_column_text][\/vc_column][vc_column width=&#8220;1\/3&#8243;][vc_single_image image=&#8220;8974&#8243; img_size=&#8220;360&#215;240&#8243; onclick=&#8220;link_image&#8220; css_animation=&#8220;fadeIn&#8220; css=&#8220;.vc_custom_1762154372210{margin-bottom: 0px !important;}&#8220; el_class=&#8220;img-hover-scale&#8220;][vc_column_text css=&#8220;.vc_custom_1762153003549{margin-top: -10px !important;}&#8220;]Germany\uff0cFriedrichshafen[\/vc_column_text][\/vc_column][\/vc_row][vc_row][vc_column width=&#8220;1\/3&#8243;][vc_single_image image=&#8220;8914&#8243; img_size=&#8220;360&#215;240&#8243; onclick=&#8220;link_image&#8220; css_animation=&#8220;fadeIn&#8220; css=&#8220;.vc_custom_1762154612813{margin-bottom: 0px !important;}&#8220; el_class=&#8220;img-hover-scale&#8220;][vc_column_text css=&#8220;.vc_custom_1762152776533{margin-top: -10px !important;}&#8220;]Germany\uff0cMoormerland[\/vc_column_text][\/vc_column][vc_column width=&#8220;1\/3&#8243;][vc_single_image image=&#8220;8919&#8243; img_size=&#8220;360&#215;240&#8243; onclick=&#8220;link_image&#8220;[...]\" \/>\n<meta property=\"og:url\" content=\"https:\/\/ecosolarcarport.com\/de\/unser-projekt\/\" \/>\n<meta property=\"og:site_name\" content=\"ecosolarcarport\" \/>\n<meta property=\"article:publisher\" content=\"https:\/\/www.facebook.com\/Ecosolarcarport\" \/>\n<meta property=\"article:modified_time\" content=\"2025-12-17T00:45:00+00:00\" \/>\n<meta property=\"og:image\" content=\"https:\/\/ecosolarcarport.com\/wp-content\/uploads\/2025\/09\/Solar-carport-banner-3.jpg\" \/>\n\t<meta property=\"og:image:width\" content=\"1920\" \/>\n\t<meta property=\"og:image:height\" content=\"1080\" \/>\n\t<meta property=\"og:image:type\" content=\"image\/jpeg\" \/>\n<meta name=\"twitter:card\" content=\"summary_large_image\" \/>\n<meta name=\"twitter:label1\" content=\"Gesch\u00e4tzte Lesezeit\" \/>\n\t<meta name=\"twitter:data1\" content=\"5\u00a0Minuten\" \/>\n<script type=\"application\/ld+json\" class=\"yoast-schema-graph\">{\"@context\":\"https:\/\/schema.org\",\"@graph\":[{\"@type\":\"WebPage\",\"@id\":\"https:\/\/ecosolarcarport.com\/de\/unser-projekt\/\",\"url\":\"https:\/\/ecosolarcarport.com\/de\/unser-projekt\/\",\"name\":\"UNSER PROJEKT - ecosolarcarport\",\"isPartOf\":{\"@id\":\"https:\/\/ecosolarcarport.com\/de\/#website\"},\"primaryImageOfPage\":{\"@id\":\"https:\/\/ecosolarcarport.com\/de\/unser-projekt\/#primaryimage\"},\"image\":{\"@id\":\"https:\/\/ecosolarcarport.com\/de\/unser-projekt\/#primaryimage\"},\"thumbnailUrl\":\"https:\/\/ecosolarcarport.com\/wp-content\/uploads\/2025\/09\/Solar-carport-banner-3.jpg\",\"datePublished\":\"2025-09-22T01:31:54+00:00\",\"dateModified\":\"2025-12-17T00:45:00+00:00\",\"breadcrumb\":{\"@id\":\"https:\/\/ecosolarcarport.com\/de\/unser-projekt\/#breadcrumb\"},\"inLanguage\":\"de\",\"potentialAction\":[{\"@type\":\"ReadAction\",\"target\":[\"https:\/\/ecosolarcarport.com\/de\/unser-projekt\/\"]}]},{\"@type\":\"ImageObject\",\"inLanguage\":\"de\",\"@id\":\"https:\/\/ecosolarcarport.com\/de\/unser-projekt\/#primaryimage\",\"url\":\"https:\/\/ecosolarcarport.com\/wp-content\/uploads\/2025\/09\/Solar-carport-banner-3.jpg\",\"contentUrl\":\"https:\/\/ecosolarcarport.com\/wp-content\/uploads\/2025\/09\/Solar-carport-banner-3.jpg\",\"width\":1920,\"height\":1080},{\"@type\":\"BreadcrumbList\",\"@id\":\"https:\/\/ecosolarcarport.com\/de\/unser-projekt\/#breadcrumb\",\"itemListElement\":[{\"@type\":\"ListItem\",\"position\":1,\"name\":\"\u9996\u9875\",\"item\":\"https:\/\/ecosolarcarport.com\/de\/\"},{\"@type\":\"ListItem\",\"position\":2,\"name\":\"UNSER PROJEKT\"}]},{\"@type\":\"WebSite\",\"@id\":\"https:\/\/ecosolarcarport.com\/de\/#website\",\"url\":\"https:\/\/ecosolarcarport.com\/de\/\",\"name\":\"ecosolarcarport\",\"description\":\"\",\"publisher\":{\"@id\":\"https:\/\/ecosolarcarport.com\/de\/#organization\"},\"potentialAction\":[{\"@type\":\"SearchAction\",\"target\":{\"@type\":\"EntryPoint\",\"urlTemplate\":\"https:\/\/ecosolarcarport.com\/de\/?s={search_term_string}\"},\"query-input\":{\"@type\":\"PropertyValueSpecification\",\"valueRequired\":true,\"valueName\":\"search_term_string\"}}],\"inLanguage\":\"de\"},{\"@type\":\"Organization\",\"@id\":\"https:\/\/ecosolarcarport.com\/de\/#organization\",\"name\":\"ecosolarcarport\",\"url\":\"https:\/\/ecosolarcarport.com\/de\/\",\"logo\":{\"@type\":\"ImageObject\",\"inLanguage\":\"de\",\"@id\":\"https:\/\/ecosolarcarport.com\/de\/#\/schema\/logo\/image\/\",\"url\":\"https:\/\/ecosolarcarport.com\/wp-content\/uploads\/2026\/03\/Ecosolarcarport.jpg\",\"contentUrl\":\"https:\/\/ecosolarcarport.com\/wp-content\/uploads\/2026\/03\/Ecosolarcarport.jpg\",\"width\":696,\"height\":696,\"caption\":\"ecosolarcarport\"},\"image\":{\"@id\":\"https:\/\/ecosolarcarport.com\/de\/#\/schema\/logo\/image\/\"},\"sameAs\":[\"https:\/\/www.facebook.com\/Ecosolarcarport\"]}]}<\/script>\n<!-- \/ Yoast SEO plugin. -->","yoast_head_json":{"title":"UNSER PROJEKT - ecosolarcarport","robots":{"index":"index","follow":"follow","max-snippet":"max-snippet:-1","max-image-preview":"max-image-preview:large","max-video-preview":"max-video-preview:-1"},"canonical":"https:\/\/ecosolarcarport.com\/de\/unser-projekt\/","og_locale":"de_DE","og_type":"article","og_title":"UNSER PROJEKT - ecosolarcarport","og_description":"[vc_row][vc_column width=&#8220;1\/3&#8243;][vc_single_image image=&#8220;8934&#8243; img_size=&#8220;360&#215;240&#8243; add_caption=&#8220;yes&#8220; onclick=&#8220;link_image&#8220; css_animation=&#8220;fadeIn&#8220; css=&#8220;.vc_custom_1762153800213{margin-bottom: 0px !important;}&#8220; el_class=&#8220;img-hover-scale&#8220;][vc_column_text css=&#8220;.vc_custom_1762152922364{margin-top: -10px !important;}&#8220;]Switzerland\uff0cBaltschieder[\/vc_column_text][\/vc_column][vc_column width=&#8220;1\/3&#8243;][vc_single_image image=&#8220;8949&#8243; img_size=&#8220;360&#215;240&#8243; add_caption=&#8220;yes&#8220; onclick=&#8220;link_image&#8220; css_animation=&#8220;fadeIn&#8220; css=&#8220;.vc_custom_1762154367757{margin-bottom: 0px !important;}&#8220; el_class=&#8220;img-hover-scale&#8220;][vc_column_text css=&#8220;.vc_custom_1762152970500{margin-top: -10px !important;}&#8220;]Germany\uff0cRohrbach[\/vc_column_text][\/vc_column][vc_column width=&#8220;1\/3&#8243;][vc_single_image image=&#8220;8974&#8243; img_size=&#8220;360&#215;240&#8243; onclick=&#8220;link_image&#8220; css_animation=&#8220;fadeIn&#8220; css=&#8220;.vc_custom_1762154372210{margin-bottom: 0px !important;}&#8220; el_class=&#8220;img-hover-scale&#8220;][vc_column_text css=&#8220;.vc_custom_1762153003549{margin-top: -10px !important;}&#8220;]Germany\uff0cFriedrichshafen[\/vc_column_text][\/vc_column][\/vc_row][vc_row][vc_column width=&#8220;1\/3&#8243;][vc_single_image image=&#8220;8914&#8243; img_size=&#8220;360&#215;240&#8243; onclick=&#8220;link_image&#8220; css_animation=&#8220;fadeIn&#8220; css=&#8220;.vc_custom_1762154612813{margin-bottom: 0px !important;}&#8220; el_class=&#8220;img-hover-scale&#8220;][vc_column_text css=&#8220;.vc_custom_1762152776533{margin-top: -10px !important;}&#8220;]Germany\uff0cMoormerland[\/vc_column_text][\/vc_column][vc_column width=&#8220;1\/3&#8243;][vc_single_image image=&#8220;8919&#8243; img_size=&#8220;360&#215;240&#8243; onclick=&#8220;link_image&#8220;[...]","og_url":"https:\/\/ecosolarcarport.com\/de\/unser-projekt\/","og_site_name":"ecosolarcarport","article_publisher":"https:\/\/www.facebook.com\/Ecosolarcarport","article_modified_time":"2025-12-17T00:45:00+00:00","og_image":[{"width":1920,"height":1080,"url":"https:\/\/ecosolarcarport.com\/wp-content\/uploads\/2025\/09\/Solar-carport-banner-3.jpg","type":"image\/jpeg"}],"twitter_card":"summary_large_image","twitter_misc":{"Gesch\u00e4tzte Lesezeit":"5\u00a0Minuten"},"schema":{"@context":"https:\/\/schema.org","@graph":[{"@type":"WebPage","@id":"https:\/\/ecosolarcarport.com\/de\/unser-projekt\/","url":"https:\/\/ecosolarcarport.com\/de\/unser-projekt\/","name":"UNSER PROJEKT - ecosolarcarport","isPartOf":{"@id":"https:\/\/ecosolarcarport.com\/de\/#website"},"primaryImageOfPage":{"@id":"https:\/\/ecosolarcarport.com\/de\/unser-projekt\/#primaryimage"},"image":{"@id":"https:\/\/ecosolarcarport.com\/de\/unser-projekt\/#primaryimage"},"thumbnailUrl":"https:\/\/ecosolarcarport.com\/wp-content\/uploads\/2025\/09\/Solar-carport-banner-3.jpg","datePublished":"2025-09-22T01:31:54+00:00","dateModified":"2025-12-17T00:45:00+00:00","breadcrumb":{"@id":"https:\/\/ecosolarcarport.com\/de\/unser-projekt\/#breadcrumb"},"inLanguage":"de","potentialAction":[{"@type":"ReadAction","target":["https:\/\/ecosolarcarport.com\/de\/unser-projekt\/"]}]},{"@type":"ImageObject","inLanguage":"de","@id":"https:\/\/ecosolarcarport.com\/de\/unser-projekt\/#primaryimage","url":"https:\/\/ecosolarcarport.com\/wp-content\/uploads\/2025\/09\/Solar-carport-banner-3.jpg","contentUrl":"https:\/\/ecosolarcarport.com\/wp-content\/uploads\/2025\/09\/Solar-carport-banner-3.jpg","width":1920,"height":1080},{"@type":"BreadcrumbList","@id":"https:\/\/ecosolarcarport.com\/de\/unser-projekt\/#breadcrumb","itemListElement":[{"@type":"ListItem","position":1,"name":"\u9996\u9875","item":"https:\/\/ecosolarcarport.com\/de\/"},{"@type":"ListItem","position":2,"name":"UNSER PROJEKT"}]},{"@type":"WebSite","@id":"https:\/\/ecosolarcarport.com\/de\/#website","url":"https:\/\/ecosolarcarport.com\/de\/","name":"ecosolarcarport","description":"","publisher":{"@id":"https:\/\/ecosolarcarport.com\/de\/#organization"},"potentialAction":[{"@type":"SearchAction","target":{"@type":"EntryPoint","urlTemplate":"https:\/\/ecosolarcarport.com\/de\/?s={search_term_string}"},"query-input":{"@type":"PropertyValueSpecification","valueRequired":true,"valueName":"search_term_string"}}],"inLanguage":"de"},{"@type":"Organization","@id":"https:\/\/ecosolarcarport.com\/de\/#organization","name":"ecosolarcarport","url":"https:\/\/ecosolarcarport.com\/de\/","logo":{"@type":"ImageObject","inLanguage":"de","@id":"https:\/\/ecosolarcarport.com\/de\/#\/schema\/logo\/image\/","url":"https:\/\/ecosolarcarport.com\/wp-content\/uploads\/2026\/03\/Ecosolarcarport.jpg","contentUrl":"https:\/\/ecosolarcarport.com\/wp-content\/uploads\/2026\/03\/Ecosolarcarport.jpg","width":696,"height":696,"caption":"ecosolarcarport"},"image":{"@id":"https:\/\/ecosolarcarport.com\/de\/#\/schema\/logo\/image\/"},"sameAs":["https:\/\/www.facebook.com\/Ecosolarcarport"]}]}},"_links":{"self":[{"href":"https:\/\/ecosolarcarport.com\/de\/wp-json\/wp\/v2\/pages\/11429","targetHints":{"allow":["GET"]}}],"collection":[{"href":"https:\/\/ecosolarcarport.com\/de\/wp-json\/wp\/v2\/pages"}],"about":[{"href":"https:\/\/ecosolarcarport.com\/de\/wp-json\/wp\/v2\/types\/page"}],"author":[{"embeddable":true,"href":"https:\/\/ecosolarcarport.com\/de\/wp-json\/wp\/v2\/users\/1"}],"replies":[{"embeddable":true,"href":"https:\/\/ecosolarcarport.com\/de\/wp-json\/wp\/v2\/comments?post=11429"}],"version-history":[{"count":3,"href":"https:\/\/ecosolarcarport.com\/de\/wp-json\/wp\/v2\/pages\/11429\/revisions"}],"predecessor-version":[{"id":11811,"href":"https:\/\/ecosolarcarport.com\/de\/wp-json\/wp\/v2\/pages\/11429\/revisions\/11811"}],"wp:featuredmedia":[{"embeddable":true,"href":"https:\/\/ecosolarcarport.com\/de\/wp-json\/wp\/v2\/media\/9306"}],"wp:attachment":[{"href":"https:\/\/ecosolarcarport.com\/de\/wp-json\/wp\/v2\/media?parent=11429"}],"curies":[{"name":"wp","href":"https:\/\/api.w.org\/{rel}","templated":true}]}}