{"id":11504,"date":"2025-12-08T07:02:33","date_gmt":"2025-12-08T07:02:33","guid":{"rendered":"https:\/\/ecosolarcarport.com\/trapezfoermige-metalldach-solarhalterung\/"},"modified":"2026-04-02T06:25:11","modified_gmt":"2026-04-02T06:25:11","slug":"pv-freiflaechensystem-alu","status":"publish","type":"page","link":"https:\/\/ecosolarcarport.com\/de\/pv-freiflaechensystem-alu\/","title":{"rendered":"Trapezf\u00f6rmige Metalldach-Solarhalterung"},"content":{"rendered":"<p>[vc_section full_width=&#8220;stretch_row&#8220; content_placement=&#8220;middle&#8220; css=&#8220;.vc_custom_1765176999004{margin-bottom: 60px !important;padding-top: 300px !important;padding-bottom: 300px !important;background-image: url(https:\/\/ecosolarcarport.com\/wp-content\/uploads\/2025\/12\/Main-image-2.jpg?id=11217) !important;background-position: 0 0 !important;background-repeat: no-repeat !important;}&#8220;][vc_row css=&#8220;.vc_custom_1762505308474{margin-top: 140px !important;}&#8220;][vc_column css=&#8220;.vc_custom_1758097058625{margin-top: 0px !important;}&#8220;]<div style=\"\" class=\"heading-title  al-center\" id=\"alian4x_el_69d05462d18b6\"><h2 style=\"color:#ffffff;\" class=\"al-headitg-title al-parallax\">PV-Freifl\u00e4chensystem Alu<\/h2><div style=\"color:#ffffff;\" class=\"al-subtitle\"><\/div><\/div>[\/vc_column][\/vc_row][\/vc_section][vc_row css=&#8220;.vc_custom_1758097465459{margin-top: -150px !important;}&#8220;][vc_column][vc_column_text]<\/p>\n<h3><\/h3>\n<h3 class=\"woocommerce-loop-category__title\">PV-Freifl\u00e4chensystem Alu<\/h3>\n<p>[\/vc_column_text][\/vc_column][\/vc_row][vc_row full_width=&#8220;stretch_row&#8220; gap=&#8220;20&#8243;][vc_column width=&#8220;1\/2&#8243;][vc_images_carousel images=&#8220;11222&#8243; img_size=&#8220;680&#215;420&#8243; autoplay=&#8220;yes&#8220; hide_prev_next_buttons=&#8220;yes&#8220; wrap=&#8220;yes&#8220; css_animation=&#8220;none&#8220;][\/vc_column][vc_column width=&#8220;1\/2&#8243; css=&#8220;.vc_custom_1749880285195{margin-left: 120px !important;}&#8220;][vc_column_text css_animation=&#8220;none&#8220; css=&#8220;.vc_custom_1765177055683{margin-top: -30px !important;}&#8220;]Modell-Nr:Trapezf\u00f6rmige Metalldach-Solarhalterung[\/vc_column_text][\/vc_column][\/vc_row][vc_row css=&#8220;.vc_custom_1758174259832{margin-top: 50px !important;}&#8220;][vc_column css=&#8220;.vc_custom_1758175297426{margin-bottom: -40px !important;}&#8220;][vc_column_text]<\/p>\n<h5 style=\"text-align: center;\">Parameter<\/h5>\n<p>[\/vc_column_text][\/vc_column][\/vc_row][vc_row css=&#8220;.vc_custom_1762506960310{margin-top: 100px !important;margin-bottom: 0px !important;}&#8220;][vc_column width=&#8220;1\/5&#8243;][vc_single_image image=&#8220;11161&#8243; img_size=&#8220;full&#8220; onclick=&#8220;link_image&#8220;][vc_column_text]<\/p>\n<p class=\"product_title entry-title\" style=\"text-align: center;\">Endklemme 30mm<br \/>\nSichern Sie ein 30mm dickes Solarpanel<\/p>\n<p>[\/vc_column_text][\/vc_column][vc_column width=&#8220;1\/5&#8243;][vc_single_image image=&#8220;11161&#8243; img_size=&#8220;full&#8220; onclick=&#8220;link_image&#8220;][vc_column_text]<\/p>\n<p class=\"product_title entry-title\" style=\"text-align: center;\">Endklemme 35mm<br \/>\nSichern Sie ein 35mm dickes Solarpanel<\/p>\n<p>[\/vc_column_text][\/vc_column][vc_column width=&#8220;1\/5&#8243;][vc_single_image image=&#8220;11227&#8243; img_size=&#8220;full&#8220; onclick=&#8220;link_image&#8220;][vc_column_text]<\/p>\n<p class=\"product_title entry-title\" style=\"text-align: center;\">Hammerschraube<br \/>\nM10 * 25mm Zur Verbindung von Montageschiene und St\u00e4nder<\/p>\n<p>[\/vc_column_text][\/vc_column][vc_column width=&#8220;1\/5&#8243;][vc_single_image image=&#8220;11233&#8243; img_size=&#8220;full&#8220;][vc_column_text]<\/p>\n<p class=\"product_title entry-title\" style=\"text-align: center;\">M10 Mutter<br \/>\nF\u00fcr M10 Bolzen<\/p>\n<p>[\/vc_column_text][\/vc_column][vc_column width=&#8220;1\/5&#8243;][vc_single_image image=&#8220;11239&#8243; img_size=&#8220;full&#8220;][vc_column_text]<\/p>\n<p class=\"product_title entry-title\" style=\"text-align: center;\">M8 * 16mm Sechskantschraubensatz<br \/>\nZur Verbindung von Trapezblech-Montageschiene &amp; St\u00e4nder<\/p>\n<p>[\/vc_column_text][\/vc_column][\/vc_row][vc_row css=&#8220;.vc_custom_1765185987470{margin-top: 0px !important;margin-bottom: 0px !important;}&#8220;][vc_column width=&#8220;1\/5&#8243;][vc_single_image image=&#8220;11244&#8243; img_size=&#8220;full&#8220;][vc_column_text]<\/p>\n<p class=\"product_title entry-title\" style=\"text-align: center;\">M8 * 45mm Inbusschraube<br \/>\nF\u00fcr Mittelklemme &amp; 30mm Endklemme<\/p>\n<p>[\/vc_column_text][\/vc_column][vc_column width=&#8220;1\/5&#8243;][vc_single_image image=&#8220;11244&#8243; img_size=&#8220;full&#8220; onclick=&#8220;link_image&#8220;][vc_column_text]<\/p>\n<p class=\"product_title entry-title\" style=\"text-align: center;\">M8 * 50mm Inbusschraube<br \/>\nF\u00fcr 35mm Endklemme<\/p>\n<p>[\/vc_column_text][\/vc_column][vc_column width=&#8220;1\/5&#8243;][vc_single_image image=&#8220;11151&#8243; img_size=&#8220;full&#8220; onclick=&#8220;link_image&#8220;][vc_column_text]<\/p>\n<p class=\"product_title entry-title\" style=\"text-align: center;\">Mittlere Klemme<br \/>\nSichern Sie 30\/35mm Solarmodule<\/p>\n<p>[\/vc_column_text][\/vc_column][vc_column width=&#8220;1\/5&#8243;][vc_single_image image=&#8220;11156&#8243; img_size=&#8220;full&#8220; onclick=&#8220;link_image&#8220;][vc_column_text]<\/p>\n<p style=\"text-align: center;\">Montageschiene 40 * 40 mm<br \/>\nL3580 * B40 * H40mm<br \/>\n<span class=\"Y2IQFc\" lang=\"en\">St\u00fctzen Sie Solarmodule<\/span><br \/>\nOberer Schlitz geeignet f\u00fcr M8 Schlitzstruktur<br \/>\nUntere Halterung passt f\u00fcr Hammerbolzen<\/p>\n<p>[\/vc_column_text][\/vc_column][vc_column width=&#8220;1\/5&#8243;][vc_single_image image=&#8220;11250&#8243; img_size=&#8220;full&#8220; onclick=&#8220;link_image&#8220;][vc_column_text]<\/p>\n<p class=\"product_title entry-title\" style=\"text-align: center;\">Flachkopfschraube<br \/>\nM8 * 100mm Holzschraube<\/p>\n<p>[\/vc_column_text][\/vc_column][\/vc_row][vc_row css=&#8220;.vc_custom_1765185995176{margin-top: 0px !important;margin-bottom: 0px !important;}&#8220;][vc_column width=&#8220;1\/5&#8243;][vc_single_image image=&#8220;11255&#8243; img_size=&#8220;full&#8220;][vc_column_text]<\/p>\n<p class=\"product_title entry-title\" style=\"text-align: center;\">Schienenverbinder<br \/>\n40 * 40mm<br \/>\nVerbinden von zwei Montageschienen<\/p>\n<p>[\/vc_column_text][\/vc_column][vc_column width=&#8220;1\/5&#8243;][vc_single_image image=&#8220;11260&#8243; img_size=&#8220;full&#8220; onclick=&#8220;link_image&#8220;][vc_column_text]<\/p>\n<p class=\"product_title entry-title\" style=\"text-align: center;\">Dichtungsband<br \/>\nL= 30m<br \/>\nVerklebt auf der Unterseite der Trapezblech-Montageschiene<br \/>\nzur Abdichtung<\/p>\n<p>[\/vc_column_text][\/vc_column][vc_column width=&#8220;1\/5&#8243;][vc_single_image image=&#8220;11265&#8243; img_size=&#8220;full&#8220; onclick=&#8220;link_image&#8220;][vc_column_text]<\/p>\n<p class=\"product_title entry-title\" style=\"text-align: center;\">Nutenstein f\u00fcr M8 Bolzen<br \/>\nM8<br \/>\nIn die Nut der Montageschiene schieben<\/p>\n<p>[\/vc_column_text][\/vc_column][vc_column width=&#8220;1\/5&#8243;][vc_single_image image=&#8220;11270&#8243; img_size=&#8220;full&#8220; onclick=&#8220;link_image&#8220;][vc_column_text]<\/p>\n<p class=\"product_title entry-title\" style=\"text-align: center;\">St\u00e4nder 226mm<br \/>\nL= 226mm<br \/>\nVerbinden Sie Montageschiene und Trapezblech<br \/>\nMontageschiene, erreichen Sie 15\u00b0<br \/>\nNeigung des Solarpanels<\/p>\n<p>[\/vc_column_text][\/vc_column][vc_column width=&#8220;1\/5&#8243;][vc_single_image image=&#8220;11275&#8243; img_size=&#8220;full&#8220; onclick=&#8220;link_image&#8220;][vc_column_text]<\/p>\n<p class=\"product_title entry-title\" style=\"text-align: center;\">St\u00e4nder 75mm<br \/>\nL= 75mm<br \/>\nVerbinden Sie Montageschiene und Trapezblech<br \/>\nMontageschiene<\/p>\n<p>[\/vc_column_text][\/vc_column][\/vc_row][vc_row css=&#8220;.vc_custom_1765186000593{margin-top: 0px !important;margin-bottom: 0px !important;}&#8220;][vc_column width=&#8220;1\/5&#8243;][vc_single_image image=&#8220;11280&#8243; img_size=&#8220;full&#8220;][vc_column_text]<\/p>\n<p class=\"product_title entry-title\" style=\"text-align: center;\">D\u00fcnnblechschraube<br \/>\nM5,5 * 25mm<br \/>\nTrapezblech-Montageschiene an<br \/>\nTrapezblech befestigen<\/p>\n<p>[\/vc_column_text][\/vc_column][vc_column width=&#8220;1\/5&#8243;][vc_single_image image=&#8220;11285&#8243; img_size=&#8220;full&#8220; onclick=&#8220;link_image&#8220;][vc_column_text]<\/p>\n<p class=\"product_title entry-title\" style=\"text-align: center;\">Trapezblech-Montageschiene<br \/>\nL= 400mm<br \/>\nSichern Sie das Trapezblech und verbinden Sie<br \/>\ndie Standschienen<\/p>\n<p>[\/vc_column_text][\/vc_column][\/vc_row]<\/p>\n","protected":false},"excerpt":{"rendered":"<p>[vc_section full_width=&#8220;stretch_row&#8220; content_placement=&#8220;middle&#8220; css=&#8220;.vc_custom_1765176999004{margin-bottom: 60px !important;padding-top: 300px !important;padding-bottom: 300px !important;background-image: url(https:\/\/ecosolarcarport.com\/wp-content\/uploads\/2025\/12\/Main-image-2.jpg?id=11217) !important;background-position: 0 0 !important;background-repeat: no-repeat !important;}&#8220;][vc_row css=&#8220;.vc_custom_1762505308474{margin-top: 140px !important;}&#8220;][vc_column css=&#8220;.vc_custom_1758097058625{margin-top: 0px !important;}&#8220;][\/vc_column][\/vc_row][\/vc_section][vc_row css=&#8220;.vc_custom_1758097465459{margin-top: -150px !important;}&#8220;][vc_column][vc_column_text] PV-Freifl\u00e4chensystem Alu [\/vc_column_text][\/vc_column][\/vc_row][vc_row full_width=&#8220;stretch_row&#8220; gap=&#8220;20&#8243;][vc_column width=&#8220;1\/2&#8243;][vc_images_carousel images=&#8220;11222&#8243; img_size=&#8220;680&#215;420&#8243; autoplay=&#8220;yes&#8220; hide_prev_next_buttons=&#8220;yes&#8220; wrap=&#8220;yes&#8220; css_animation=&#8220;none&#8220;][\/vc_column][vc_column width=&#8220;1\/2&#8243; css=&#8220;.vc_custom_1749880285195{margin-left: 120px !important;}&#8220;][vc_column_text css_animation=&#8220;none&#8220; css=&#8220;.vc_custom_1765177055683{margin-top: -30px !important;}&#8220;]Modell-Nr:Trapezf\u00f6rmige Metalldach-Solarhalterung[\/vc_column_text][\/vc_column][\/vc_row][vc_row css=&#8220;.vc_custom_1758174259832{margin-top: 50px !important;}&#8220;][vc_column css=&#8220;.vc_custom_1758175297426{margin-bottom: -40px !important;}&#8220;][vc_column_text] Parameter [\/vc_column_text][\/vc_column][\/vc_row][vc_row<span class=\"screen-reader-text\"><a href=\"https:\/\/ecosolarcarport.com\/de\/pv-freiflaechensystem-alu\/\" rel=\"nofollow\">[&#8230;]<\/a><\/span><\/p>\n","protected":false},"author":1,"featured_media":0,"parent":0,"menu_order":0,"comment_status":"closed","ping_status":"closed","template":"page-builder.php","meta":{"om_disable_all_campaigns":false,"_monsterinsights_skip_tracking":false,"_monsterinsights_sitenote_active":false,"_monsterinsights_sitenote_note":"","_monsterinsights_sitenote_category":0,"footnotes":""},"class_list":["post-11504","page","type-page","status-publish","hentry"],"acf":[],"yoast_head":"<!-- This site is optimized with the Yoast SEO plugin v27.1.1 - https:\/\/yoast.com\/product\/yoast-seo-wordpress\/ -->\n<title>PV-Freifl\u00e4chensystem Alu | Lager in DE | Ecosolarcarport<\/title>\n<meta name=\"description\" content=\"Robuste Photovoltaik Unterkonstruktion f\u00fcr Freifl\u00e4chen. Hochwertiges Aluminium, CE-gepr\u00fcft mit Statik. Ab Lager DE. Ecosolarcarport: Ihr B2B Partner.\" \/>\n<meta name=\"robots\" content=\"index, follow, max-snippet:-1, max-image-preview:large, max-video-preview:-1\" \/>\n<link rel=\"canonical\" href=\"https:\/\/ecosolarcarport.com\/de\/pv-freiflaechensystem-alu\/\" \/>\n<meta property=\"og:locale\" content=\"de_DE\" \/>\n<meta property=\"og:type\" content=\"article\" \/>\n<meta property=\"og:title\" content=\"PV-Freifl\u00e4chensystem Alu | Lager in DE | Ecosolarcarport\" \/>\n<meta property=\"og:description\" content=\"Robuste Photovoltaik Unterkonstruktion f\u00fcr Freifl\u00e4chen. Hochwertiges Aluminium, CE-gepr\u00fcft mit Statik. Ab Lager DE. Ecosolarcarport: Ihr B2B Partner.\" \/>\n<meta property=\"og:url\" content=\"https:\/\/ecosolarcarport.com\/de\/pv-freiflaechensystem-alu\/\" \/>\n<meta property=\"og:site_name\" content=\"ecosolarcarport\" \/>\n<meta property=\"article:publisher\" content=\"https:\/\/www.facebook.com\/Ecosolarcarport\" \/>\n<meta property=\"article:modified_time\" content=\"2026-04-02T06:25:11+00:00\" \/>\n<meta name=\"twitter:card\" content=\"summary_large_image\" \/>\n<meta name=\"twitter:label1\" content=\"Gesch\u00e4tzte Lesezeit\" \/>\n\t<meta name=\"twitter:data1\" content=\"2\u00a0Minuten\" \/>\n<script type=\"application\/ld+json\" class=\"yoast-schema-graph\">{\"@context\":\"https:\/\/schema.org\",\"@graph\":[{\"@type\":\"WebPage\",\"@id\":\"https:\/\/ecosolarcarport.com\/de\/pv-freiflaechensystem-alu\/\",\"url\":\"https:\/\/ecosolarcarport.com\/de\/pv-freiflaechensystem-alu\/\",\"name\":\"PV-Freifl\u00e4chensystem Alu | Lager in DE | Ecosolarcarport\",\"isPartOf\":{\"@id\":\"https:\/\/ecosolarcarport.com\/de\/#website\"},\"datePublished\":\"2025-12-08T07:02:33+00:00\",\"dateModified\":\"2026-04-02T06:25:11+00:00\",\"description\":\"Robuste Photovoltaik Unterkonstruktion f\u00fcr Freifl\u00e4chen. Hochwertiges Aluminium, CE-gepr\u00fcft mit Statik. Ab Lager DE. Ecosolarcarport: Ihr B2B Partner.\",\"breadcrumb\":{\"@id\":\"https:\/\/ecosolarcarport.com\/de\/pv-freiflaechensystem-alu\/#breadcrumb\"},\"inLanguage\":\"de\",\"potentialAction\":[{\"@type\":\"ReadAction\",\"target\":[\"https:\/\/ecosolarcarport.com\/de\/pv-freiflaechensystem-alu\/\"]}]},{\"@type\":\"BreadcrumbList\",\"@id\":\"https:\/\/ecosolarcarport.com\/de\/pv-freiflaechensystem-alu\/#breadcrumb\",\"itemListElement\":[{\"@type\":\"ListItem\",\"position\":1,\"name\":\"\u9996\u9875\",\"item\":\"https:\/\/ecosolarcarport.com\/de\/\"},{\"@type\":\"ListItem\",\"position\":2,\"name\":\"Trapezf\u00f6rmige Metalldach-Solarhalterung\"}]},{\"@type\":\"WebSite\",\"@id\":\"https:\/\/ecosolarcarport.com\/de\/#website\",\"url\":\"https:\/\/ecosolarcarport.com\/de\/\",\"name\":\"ecosolarcarport\",\"description\":\"\",\"publisher\":{\"@id\":\"https:\/\/ecosolarcarport.com\/de\/#organization\"},\"potentialAction\":[{\"@type\":\"SearchAction\",\"target\":{\"@type\":\"EntryPoint\",\"urlTemplate\":\"https:\/\/ecosolarcarport.com\/de\/?s={search_term_string}\"},\"query-input\":{\"@type\":\"PropertyValueSpecification\",\"valueRequired\":true,\"valueName\":\"search_term_string\"}}],\"inLanguage\":\"de\"},{\"@type\":\"Organization\",\"@id\":\"https:\/\/ecosolarcarport.com\/de\/#organization\",\"name\":\"ecosolarcarport\",\"url\":\"https:\/\/ecosolarcarport.com\/de\/\",\"logo\":{\"@type\":\"ImageObject\",\"inLanguage\":\"de\",\"@id\":\"https:\/\/ecosolarcarport.com\/de\/#\/schema\/logo\/image\/\",\"url\":\"https:\/\/ecosolarcarport.com\/wp-content\/uploads\/2026\/03\/Ecosolarcarport.jpg\",\"contentUrl\":\"https:\/\/ecosolarcarport.com\/wp-content\/uploads\/2026\/03\/Ecosolarcarport.jpg\",\"width\":696,\"height\":696,\"caption\":\"ecosolarcarport\"},\"image\":{\"@id\":\"https:\/\/ecosolarcarport.com\/de\/#\/schema\/logo\/image\/\"},\"sameAs\":[\"https:\/\/www.facebook.com\/Ecosolarcarport\"]}]}<\/script>\n<!-- \/ Yoast SEO plugin. -->","yoast_head_json":{"title":"PV-Freifl\u00e4chensystem Alu | Lager in DE | Ecosolarcarport","description":"Robuste Photovoltaik Unterkonstruktion f\u00fcr Freifl\u00e4chen. Hochwertiges Aluminium, CE-gepr\u00fcft mit Statik. Ab Lager DE. Ecosolarcarport: Ihr B2B Partner.","robots":{"index":"index","follow":"follow","max-snippet":"max-snippet:-1","max-image-preview":"max-image-preview:large","max-video-preview":"max-video-preview:-1"},"canonical":"https:\/\/ecosolarcarport.com\/de\/pv-freiflaechensystem-alu\/","og_locale":"de_DE","og_type":"article","og_title":"PV-Freifl\u00e4chensystem Alu | Lager in DE | Ecosolarcarport","og_description":"Robuste Photovoltaik Unterkonstruktion f\u00fcr Freifl\u00e4chen. Hochwertiges Aluminium, CE-gepr\u00fcft mit Statik. Ab Lager DE. Ecosolarcarport: Ihr B2B Partner.","og_url":"https:\/\/ecosolarcarport.com\/de\/pv-freiflaechensystem-alu\/","og_site_name":"ecosolarcarport","article_publisher":"https:\/\/www.facebook.com\/Ecosolarcarport","article_modified_time":"2026-04-02T06:25:11+00:00","twitter_card":"summary_large_image","twitter_misc":{"Gesch\u00e4tzte Lesezeit":"2\u00a0Minuten"},"schema":{"@context":"https:\/\/schema.org","@graph":[{"@type":"WebPage","@id":"https:\/\/ecosolarcarport.com\/de\/pv-freiflaechensystem-alu\/","url":"https:\/\/ecosolarcarport.com\/de\/pv-freiflaechensystem-alu\/","name":"PV-Freifl\u00e4chensystem Alu | Lager in DE | Ecosolarcarport","isPartOf":{"@id":"https:\/\/ecosolarcarport.com\/de\/#website"},"datePublished":"2025-12-08T07:02:33+00:00","dateModified":"2026-04-02T06:25:11+00:00","description":"Robuste Photovoltaik Unterkonstruktion f\u00fcr Freifl\u00e4chen. Hochwertiges Aluminium, CE-gepr\u00fcft mit Statik. Ab Lager DE. Ecosolarcarport: Ihr B2B Partner.","breadcrumb":{"@id":"https:\/\/ecosolarcarport.com\/de\/pv-freiflaechensystem-alu\/#breadcrumb"},"inLanguage":"de","potentialAction":[{"@type":"ReadAction","target":["https:\/\/ecosolarcarport.com\/de\/pv-freiflaechensystem-alu\/"]}]},{"@type":"BreadcrumbList","@id":"https:\/\/ecosolarcarport.com\/de\/pv-freiflaechensystem-alu\/#breadcrumb","itemListElement":[{"@type":"ListItem","position":1,"name":"\u9996\u9875","item":"https:\/\/ecosolarcarport.com\/de\/"},{"@type":"ListItem","position":2,"name":"Trapezf\u00f6rmige Metalldach-Solarhalterung"}]},{"@type":"WebSite","@id":"https:\/\/ecosolarcarport.com\/de\/#website","url":"https:\/\/ecosolarcarport.com\/de\/","name":"ecosolarcarport","description":"","publisher":{"@id":"https:\/\/ecosolarcarport.com\/de\/#organization"},"potentialAction":[{"@type":"SearchAction","target":{"@type":"EntryPoint","urlTemplate":"https:\/\/ecosolarcarport.com\/de\/?s={search_term_string}"},"query-input":{"@type":"PropertyValueSpecification","valueRequired":true,"valueName":"search_term_string"}}],"inLanguage":"de"},{"@type":"Organization","@id":"https:\/\/ecosolarcarport.com\/de\/#organization","name":"ecosolarcarport","url":"https:\/\/ecosolarcarport.com\/de\/","logo":{"@type":"ImageObject","inLanguage":"de","@id":"https:\/\/ecosolarcarport.com\/de\/#\/schema\/logo\/image\/","url":"https:\/\/ecosolarcarport.com\/wp-content\/uploads\/2026\/03\/Ecosolarcarport.jpg","contentUrl":"https:\/\/ecosolarcarport.com\/wp-content\/uploads\/2026\/03\/Ecosolarcarport.jpg","width":696,"height":696,"caption":"ecosolarcarport"},"image":{"@id":"https:\/\/ecosolarcarport.com\/de\/#\/schema\/logo\/image\/"},"sameAs":["https:\/\/www.facebook.com\/Ecosolarcarport"]}]}},"_links":{"self":[{"href":"https:\/\/ecosolarcarport.com\/de\/wp-json\/wp\/v2\/pages\/11504","targetHints":{"allow":["GET"]}}],"collection":[{"href":"https:\/\/ecosolarcarport.com\/de\/wp-json\/wp\/v2\/pages"}],"about":[{"href":"https:\/\/ecosolarcarport.com\/de\/wp-json\/wp\/v2\/types\/page"}],"author":[{"embeddable":true,"href":"https:\/\/ecosolarcarport.com\/de\/wp-json\/wp\/v2\/users\/1"}],"replies":[{"embeddable":true,"href":"https:\/\/ecosolarcarport.com\/de\/wp-json\/wp\/v2\/comments?post=11504"}],"version-history":[{"count":4,"href":"https:\/\/ecosolarcarport.com\/de\/wp-json\/wp\/v2\/pages\/11504\/revisions"}],"predecessor-version":[{"id":12301,"href":"https:\/\/ecosolarcarport.com\/de\/wp-json\/wp\/v2\/pages\/11504\/revisions\/12301"}],"wp:attachment":[{"href":"https:\/\/ecosolarcarport.com\/de\/wp-json\/wp\/v2\/media?parent=11504"}],"curies":[{"name":"wp","href":"https:\/\/api.w.org\/{rel}","templated":true}]}}