{"id":11510,"date":"2025-12-01T08:14:36","date_gmt":"2025-12-01T08:14:36","guid":{"rendered":"https:\/\/ecosolarcarport.com\/ziegeldach-solarhalterung\/"},"modified":"2026-04-02T06:30:31","modified_gmt":"2026-04-02T06:30:31","slug":"pv-dachhaken-fuer-ziegeldach","status":"publish","type":"page","link":"https:\/\/ecosolarcarport.com\/de\/pv-dachhaken-fuer-ziegeldach\/","title":{"rendered":"Ziegeldach-Solarhalterung"},"content":{"rendered":"<p>[vc_section full_width=&#8220;stretch_row&#8220; content_placement=&#8220;middle&#8220; css=&#8220;.vc_custom_1764574517243{margin-bottom: 60px !important;padding-top: 300px !important;padding-bottom: 300px !important;background-image: url(https:\/\/ecosolarcarport.com\/wp-content\/uploads\/2025\/12\/Main-image.jpg?id=11131) !important;background-position: 0 0 !important;background-repeat: no-repeat !important;}&#8220;][vc_row css=&#8220;.vc_custom_1762505308474{margin-top: 140px !important;}&#8220;][vc_column css=&#8220;.vc_custom_1758097058625{margin-top: 0px !important;}&#8220;]<div style=\"\" class=\"heading-title  al-center\" id=\"alian4x_el_69d059e526062\"><h2 style=\"color:#ffffff;\" class=\"al-headitg-title al-parallax\">PV-Dachhaken f\u00fcr Ziegeldach<\/h2><div style=\"color:#ffffff;\" class=\"al-subtitle\"><\/div><\/div>[\/vc_column][\/vc_row][\/vc_section][vc_row css=&#8220;.vc_custom_1758097465459{margin-top: -150px !important;}&#8220;][vc_column][vc_column_text]<\/p>\n<h3><\/h3>\n<h3 class=\"woocommerce-loop-category__title\">PV-Dachhaken f\u00fcr Ziegeldach<\/h3>\n<p>[\/vc_column_text][\/vc_column][\/vc_row][vc_row full_width=&#8220;stretch_row&#8220; gap=&#8220;20&#8243;][vc_column width=&#8220;1\/2&#8243;][vc_images_carousel images=&#8220;11136&#8243; img_size=&#8220;680&#215;420&#8243; autoplay=&#8220;yes&#8220; hide_prev_next_buttons=&#8220;yes&#8220; wrap=&#8220;yes&#8220; css_animation=&#8220;none&#8220;][\/vc_column][vc_column width=&#8220;1\/2&#8243; css=&#8220;.vc_custom_1749880285195{margin-left: 120px !important;}&#8220;][vc_column_text css_animation=&#8220;none&#8220; css=&#8220;.vc_custom_1764576668439{margin-top: -30px !important;}&#8220;]<\/p>\n<h5>Modell-Nr:Ziegeldach-Solarhalterung<\/h5>\n<p>[\/vc_column_text][\/vc_column][\/vc_row][vc_row css=&#8220;.vc_custom_1758174259832{margin-top: 50px !important;}&#8220;][vc_column css=&#8220;.vc_custom_1758175297426{margin-bottom: -40px !important;}&#8220;][vc_column_text]<\/p>\n<h5 style=\"text-align: center;\">Parameter<\/h5>\n<p>[\/vc_column_text][\/vc_column][\/vc_row][vc_row css=&#8220;.vc_custom_1762506960310{margin-top: 100px !important;margin-bottom: 0px !important;}&#8220;][vc_column width=&#8220;1\/5&#8243;][vc_single_image image=&#8220;11161&#8243; img_size=&#8220;full&#8220; onclick=&#8220;link_image&#8220;][vc_column_text]<\/p>\n<p class=\"product_title entry-title\" style=\"text-align: center;\">30mm\/35mm Endklemmensatz<br \/>\nf\u00fcr 30mm\/35mm Solarmodul<\/p>\n<p>[\/vc_column_text][\/vc_column][vc_column width=&#8220;1\/5&#8243;][vc_single_image image=&#8220;11146&#8243; img_size=&#8220;full&#8220; onclick=&#8220;link_image&#8220;][vc_column_text]<\/p>\n<p style=\"text-align: center;\">Erdungsclip<br \/>\nL= 50mm<br \/>\nVerbinden Sie das Solarmodul mit der Montageschiene und<br \/>\nschaffen Sie einen elektrischen Pfad zur Erde.<\/p>\n<p>[\/vc_column_text][\/vc_column][vc_column width=&#8220;1\/5&#8243;][vc_single_image image=&#8220;11141&#8243; img_size=&#8220;full&#8220; onclick=&#8220;link_image&#8220;][vc_column_text]<\/p>\n<p class=\"product_title entry-title\" style=\"text-align: center;\">Erdungs\u00f6se<br \/>\nL= 42mm<br \/>\nVerbinden Sie das Solarmodul mit dem Erdungssystem<\/p>\n<p>[\/vc_column_text][\/vc_column][vc_column width=&#8220;1\/5&#8243;][vc_single_image image=&#8220;11151&#8243; img_size=&#8220;full&#8220;][vc_column_text]<\/p>\n<p class=\"product_title entry-title\" style=\"text-align: center;\">Mittelklemmensatz<br \/>\nf\u00fcr 30mm Solarmodul<\/p>\n<p>[\/vc_column_text][\/vc_column][vc_column width=&#8220;1\/5&#8243;][vc_single_image image=&#8220;11156&#8243; img_size=&#8220;full&#8220;][vc_column_text]<\/p>\n<p style=\"text-align: center;\">L3580 * B40 * H40mm<br \/>\n<span class=\"Y2IQFc\" lang=\"en\">St\u00fctzen Sie Solarmodule<\/span><br \/>\nOberer Schlitz geeignet f\u00fcr M8 Schlitzstruktur<br \/>\nTretlager passt f\u00fcr Hammerschrauben<\/p>\n<p>[\/vc_column_text][\/vc_column][\/vc_row][vc_row css=&#8220;.vc_custom_1765339094810{margin-top: 20px !important;margin-bottom: 0px !important;}&#8220;][vc_column width=&#8220;1\/5&#8243;][vc_single_image image=&#8220;11166&#8243; img_size=&#8220;full&#8220; onclick=&#8220;link_image&#8220;][vc_column_text]<\/p>\n<p style=\"text-align: center;\">Schienenverbindung<br \/>\nL= 200mm<br \/>\nVerbinden von zwei Montageschienen<\/p>\n<p>[\/vc_column_text][\/vc_column][vc_column width=&#8220;1\/5&#8243;][vc_single_image image=&#8220;11171&#8243; img_size=&#8220;full&#8220; onclick=&#8220;link_image&#8220;][vc_column_text]<\/p>\n<p class=\"product_title entry-title\" style=\"text-align: center;\">Schienenverbindung<br \/>\nL= 200mm<br \/>\nVerbinden von zwei Montageschienen<\/p>\n<p>[\/vc_column_text][\/vc_column][vc_column width=&#8220;1\/5&#8243;][\/vc_column][vc_column width=&#8220;1\/5&#8243;][\/vc_column][vc_column width=&#8220;1\/5&#8243;][\/vc_column][\/vc_row]<\/p>\n","protected":false},"excerpt":{"rendered":"<p>[vc_section full_width=&#8220;stretch_row&#8220; content_placement=&#8220;middle&#8220; css=&#8220;.vc_custom_1764574517243{margin-bottom: 60px !important;padding-top: 300px !important;padding-bottom: 300px !important;background-image: url(https:\/\/ecosolarcarport.com\/wp-content\/uploads\/2025\/12\/Main-image.jpg?id=11131) !important;background-position: 0 0 !important;background-repeat: no-repeat !important;}&#8220;][vc_row css=&#8220;.vc_custom_1762505308474{margin-top: 140px !important;}&#8220;][vc_column css=&#8220;.vc_custom_1758097058625{margin-top: 0px !important;}&#8220;][\/vc_column][\/vc_row][\/vc_section][vc_row css=&#8220;.vc_custom_1758097465459{margin-top: -150px !important;}&#8220;][vc_column][vc_column_text] PV-Dachhaken f\u00fcr Ziegeldach [\/vc_column_text][\/vc_column][\/vc_row][vc_row full_width=&#8220;stretch_row&#8220; gap=&#8220;20&#8243;][vc_column width=&#8220;1\/2&#8243;][vc_images_carousel images=&#8220;11136&#8243; img_size=&#8220;680&#215;420&#8243; autoplay=&#8220;yes&#8220; hide_prev_next_buttons=&#8220;yes&#8220; wrap=&#8220;yes&#8220; css_animation=&#8220;none&#8220;][\/vc_column][vc_column width=&#8220;1\/2&#8243; css=&#8220;.vc_custom_1749880285195{margin-left: 120px !important;}&#8220;][vc_column_text css_animation=&#8220;none&#8220; css=&#8220;.vc_custom_1764576668439{margin-top: -30px !important;}&#8220;] Modell-Nr:Ziegeldach-Solarhalterung [\/vc_column_text][\/vc_column][\/vc_row][vc_row css=&#8220;.vc_custom_1758174259832{margin-top: 50px !important;}&#8220;][vc_column css=&#8220;.vc_custom_1758175297426{margin-bottom: -40px !important;}&#8220;][vc_column_text]<span class=\"screen-reader-text\"><a href=\"https:\/\/ecosolarcarport.com\/de\/pv-dachhaken-fuer-ziegeldach\/\" rel=\"nofollow\">[&#8230;]<\/a><\/span><\/p>\n","protected":false},"author":1,"featured_media":0,"parent":0,"menu_order":0,"comment_status":"closed","ping_status":"closed","template":"page-builder.php","meta":{"om_disable_all_campaigns":false,"_monsterinsights_skip_tracking":false,"_monsterinsights_sitenote_active":false,"_monsterinsights_sitenote_note":"","_monsterinsights_sitenote_category":0,"footnotes":""},"class_list":["post-11510","page","type-page","status-publish","hentry"],"acf":[],"yoast_head":"<!-- This site is optimized with the Yoast SEO plugin v27.1.1 - https:\/\/yoast.com\/product\/yoast-seo-wordpress\/ -->\n<title>PV-Dachhaken f\u00fcr Ziegeldach | Alu &amp; Edelstahl | Ecosolarcarport<\/title>\n<meta name=\"description\" content=\"Hochwertige Dachhaken f\u00fcr PV-Anlagen auf Ziegeld\u00e4chern. Robuste Alu-Profile &amp; Edelstahl-Haken. Einfache Montage &amp; Lager DE. Ecosolarcarport.\" \/>\n<meta name=\"robots\" content=\"index, follow, max-snippet:-1, max-image-preview:large, max-video-preview:-1\" \/>\n<link rel=\"canonical\" href=\"https:\/\/ecosolarcarport.com\/de\/pv-dachhaken-fuer-ziegeldach\/\" \/>\n<meta property=\"og:locale\" content=\"de_DE\" \/>\n<meta property=\"og:type\" content=\"article\" \/>\n<meta property=\"og:title\" content=\"PV-Dachhaken f\u00fcr Ziegeldach | Alu &amp; Edelstahl | Ecosolarcarport\" \/>\n<meta property=\"og:description\" content=\"Hochwertige Dachhaken f\u00fcr PV-Anlagen auf Ziegeld\u00e4chern. Robuste Alu-Profile &amp; Edelstahl-Haken. Einfache Montage &amp; Lager DE. Ecosolarcarport.\" \/>\n<meta property=\"og:url\" content=\"https:\/\/ecosolarcarport.com\/de\/pv-dachhaken-fuer-ziegeldach\/\" \/>\n<meta property=\"og:site_name\" content=\"ecosolarcarport\" \/>\n<meta property=\"article:publisher\" content=\"https:\/\/www.facebook.com\/Ecosolarcarport\" \/>\n<meta property=\"article:modified_time\" content=\"2026-04-02T06:30:31+00:00\" \/>\n<meta name=\"twitter:card\" content=\"summary_large_image\" \/>\n<meta name=\"twitter:label1\" content=\"Gesch\u00e4tzte Lesezeit\" \/>\n\t<meta name=\"twitter:data1\" content=\"3\u00a0Minuten\" \/>\n<script type=\"application\/ld+json\" class=\"yoast-schema-graph\">{\"@context\":\"https:\/\/schema.org\",\"@graph\":[{\"@type\":\"WebPage\",\"@id\":\"https:\/\/ecosolarcarport.com\/de\/pv-dachhaken-fuer-ziegeldach\/\",\"url\":\"https:\/\/ecosolarcarport.com\/de\/pv-dachhaken-fuer-ziegeldach\/\",\"name\":\"PV-Dachhaken f\u00fcr Ziegeldach | Alu & Edelstahl | Ecosolarcarport\",\"isPartOf\":{\"@id\":\"https:\/\/ecosolarcarport.com\/de\/#website\"},\"datePublished\":\"2025-12-01T08:14:36+00:00\",\"dateModified\":\"2026-04-02T06:30:31+00:00\",\"description\":\"Hochwertige Dachhaken f\u00fcr PV-Anlagen auf Ziegeld\u00e4chern. Robuste Alu-Profile & Edelstahl-Haken. Einfache Montage & Lager DE. Ecosolarcarport.\",\"breadcrumb\":{\"@id\":\"https:\/\/ecosolarcarport.com\/de\/pv-dachhaken-fuer-ziegeldach\/#breadcrumb\"},\"inLanguage\":\"de\",\"potentialAction\":[{\"@type\":\"ReadAction\",\"target\":[\"https:\/\/ecosolarcarport.com\/de\/pv-dachhaken-fuer-ziegeldach\/\"]}]},{\"@type\":\"BreadcrumbList\",\"@id\":\"https:\/\/ecosolarcarport.com\/de\/pv-dachhaken-fuer-ziegeldach\/#breadcrumb\",\"itemListElement\":[{\"@type\":\"ListItem\",\"position\":1,\"name\":\"\u9996\u9875\",\"item\":\"https:\/\/ecosolarcarport.com\/de\/\"},{\"@type\":\"ListItem\",\"position\":2,\"name\":\"Ziegeldach-Solarhalterung\"}]},{\"@type\":\"WebSite\",\"@id\":\"https:\/\/ecosolarcarport.com\/de\/#website\",\"url\":\"https:\/\/ecosolarcarport.com\/de\/\",\"name\":\"ecosolarcarport\",\"description\":\"\",\"publisher\":{\"@id\":\"https:\/\/ecosolarcarport.com\/de\/#organization\"},\"potentialAction\":[{\"@type\":\"SearchAction\",\"target\":{\"@type\":\"EntryPoint\",\"urlTemplate\":\"https:\/\/ecosolarcarport.com\/de\/?s={search_term_string}\"},\"query-input\":{\"@type\":\"PropertyValueSpecification\",\"valueRequired\":true,\"valueName\":\"search_term_string\"}}],\"inLanguage\":\"de\"},{\"@type\":\"Organization\",\"@id\":\"https:\/\/ecosolarcarport.com\/de\/#organization\",\"name\":\"ecosolarcarport\",\"url\":\"https:\/\/ecosolarcarport.com\/de\/\",\"logo\":{\"@type\":\"ImageObject\",\"inLanguage\":\"de\",\"@id\":\"https:\/\/ecosolarcarport.com\/de\/#\/schema\/logo\/image\/\",\"url\":\"https:\/\/ecosolarcarport.com\/wp-content\/uploads\/2026\/03\/Ecosolarcarport.jpg\",\"contentUrl\":\"https:\/\/ecosolarcarport.com\/wp-content\/uploads\/2026\/03\/Ecosolarcarport.jpg\",\"width\":696,\"height\":696,\"caption\":\"ecosolarcarport\"},\"image\":{\"@id\":\"https:\/\/ecosolarcarport.com\/de\/#\/schema\/logo\/image\/\"},\"sameAs\":[\"https:\/\/www.facebook.com\/Ecosolarcarport\"]}]}<\/script>\n<!-- \/ Yoast SEO plugin. -->","yoast_head_json":{"title":"PV-Dachhaken f\u00fcr Ziegeldach | Alu & Edelstahl | Ecosolarcarport","description":"Hochwertige Dachhaken f\u00fcr PV-Anlagen auf Ziegeld\u00e4chern. Robuste Alu-Profile & Edelstahl-Haken. Einfache Montage & Lager DE. Ecosolarcarport.","robots":{"index":"index","follow":"follow","max-snippet":"max-snippet:-1","max-image-preview":"max-image-preview:large","max-video-preview":"max-video-preview:-1"},"canonical":"https:\/\/ecosolarcarport.com\/de\/pv-dachhaken-fuer-ziegeldach\/","og_locale":"de_DE","og_type":"article","og_title":"PV-Dachhaken f\u00fcr Ziegeldach | Alu & Edelstahl | Ecosolarcarport","og_description":"Hochwertige Dachhaken f\u00fcr PV-Anlagen auf Ziegeld\u00e4chern. Robuste Alu-Profile & Edelstahl-Haken. Einfache Montage & Lager DE. Ecosolarcarport.","og_url":"https:\/\/ecosolarcarport.com\/de\/pv-dachhaken-fuer-ziegeldach\/","og_site_name":"ecosolarcarport","article_publisher":"https:\/\/www.facebook.com\/Ecosolarcarport","article_modified_time":"2026-04-02T06:30:31+00:00","twitter_card":"summary_large_image","twitter_misc":{"Gesch\u00e4tzte Lesezeit":"3\u00a0Minuten"},"schema":{"@context":"https:\/\/schema.org","@graph":[{"@type":"WebPage","@id":"https:\/\/ecosolarcarport.com\/de\/pv-dachhaken-fuer-ziegeldach\/","url":"https:\/\/ecosolarcarport.com\/de\/pv-dachhaken-fuer-ziegeldach\/","name":"PV-Dachhaken f\u00fcr Ziegeldach | Alu & Edelstahl | Ecosolarcarport","isPartOf":{"@id":"https:\/\/ecosolarcarport.com\/de\/#website"},"datePublished":"2025-12-01T08:14:36+00:00","dateModified":"2026-04-02T06:30:31+00:00","description":"Hochwertige Dachhaken f\u00fcr PV-Anlagen auf Ziegeld\u00e4chern. Robuste Alu-Profile & Edelstahl-Haken. Einfache Montage & Lager DE. Ecosolarcarport.","breadcrumb":{"@id":"https:\/\/ecosolarcarport.com\/de\/pv-dachhaken-fuer-ziegeldach\/#breadcrumb"},"inLanguage":"de","potentialAction":[{"@type":"ReadAction","target":["https:\/\/ecosolarcarport.com\/de\/pv-dachhaken-fuer-ziegeldach\/"]}]},{"@type":"BreadcrumbList","@id":"https:\/\/ecosolarcarport.com\/de\/pv-dachhaken-fuer-ziegeldach\/#breadcrumb","itemListElement":[{"@type":"ListItem","position":1,"name":"\u9996\u9875","item":"https:\/\/ecosolarcarport.com\/de\/"},{"@type":"ListItem","position":2,"name":"Ziegeldach-Solarhalterung"}]},{"@type":"WebSite","@id":"https:\/\/ecosolarcarport.com\/de\/#website","url":"https:\/\/ecosolarcarport.com\/de\/","name":"ecosolarcarport","description":"","publisher":{"@id":"https:\/\/ecosolarcarport.com\/de\/#organization"},"potentialAction":[{"@type":"SearchAction","target":{"@type":"EntryPoint","urlTemplate":"https:\/\/ecosolarcarport.com\/de\/?s={search_term_string}"},"query-input":{"@type":"PropertyValueSpecification","valueRequired":true,"valueName":"search_term_string"}}],"inLanguage":"de"},{"@type":"Organization","@id":"https:\/\/ecosolarcarport.com\/de\/#organization","name":"ecosolarcarport","url":"https:\/\/ecosolarcarport.com\/de\/","logo":{"@type":"ImageObject","inLanguage":"de","@id":"https:\/\/ecosolarcarport.com\/de\/#\/schema\/logo\/image\/","url":"https:\/\/ecosolarcarport.com\/wp-content\/uploads\/2026\/03\/Ecosolarcarport.jpg","contentUrl":"https:\/\/ecosolarcarport.com\/wp-content\/uploads\/2026\/03\/Ecosolarcarport.jpg","width":696,"height":696,"caption":"ecosolarcarport"},"image":{"@id":"https:\/\/ecosolarcarport.com\/de\/#\/schema\/logo\/image\/"},"sameAs":["https:\/\/www.facebook.com\/Ecosolarcarport"]}]}},"_links":{"self":[{"href":"https:\/\/ecosolarcarport.com\/de\/wp-json\/wp\/v2\/pages\/11510","targetHints":{"allow":["GET"]}}],"collection":[{"href":"https:\/\/ecosolarcarport.com\/de\/wp-json\/wp\/v2\/pages"}],"about":[{"href":"https:\/\/ecosolarcarport.com\/de\/wp-json\/wp\/v2\/types\/page"}],"author":[{"embeddable":true,"href":"https:\/\/ecosolarcarport.com\/de\/wp-json\/wp\/v2\/users\/1"}],"replies":[{"embeddable":true,"href":"https:\/\/ecosolarcarport.com\/de\/wp-json\/wp\/v2\/comments?post=11510"}],"version-history":[{"count":3,"href":"https:\/\/ecosolarcarport.com\/de\/wp-json\/wp\/v2\/pages\/11510\/revisions"}],"predecessor-version":[{"id":12304,"href":"https:\/\/ecosolarcarport.com\/de\/wp-json\/wp\/v2\/pages\/11510\/revisions\/12304"}],"wp:attachment":[{"href":"https:\/\/ecosolarcarport.com\/de\/wp-json\/wp\/v2\/media?parent=11510"}],"curies":[{"name":"wp","href":"https:\/\/api.w.org\/{rel}","templated":true}]}}