{"id":11561,"date":"2025-11-29T06:42:46","date_gmt":"2025-11-29T06:42:46","guid":{"rendered":"https:\/\/ecosolarcarport.com\/bodenmontierte-solarhalterung\/"},"modified":"2025-12-12T07:33:23","modified_gmt":"2025-12-12T07:33:23","slug":"bodenmontierte-solarhalterung","status":"publish","type":"page","link":"https:\/\/ecosolarcarport.com\/de\/bodenmontierte-solarhalterung\/","title":{"rendered":"Bodenmontierte Solarhalterung"},"content":{"rendered":"<p>[vc_section full_width=&#8220;stretch_row&#8220; content_placement=&#8220;middle&#8220; css=&#8220;.vc_custom_1765337310918{margin-bottom: 60px !important;padding-top: 300px !important;padding-bottom: 300px !important;background-image: url(https:\/\/ecosolarcarport.com\/wp-content\/uploads\/2025\/12\/Main-image-3.jpg?id=11303) !important;background-position: 0 0 !important;background-repeat: no-repeat !important;}&#8220;][vc_row css=&#8220;.vc_custom_1762505308474{margin-top: 140px !important;}&#8220;][vc_column css=&#8220;.vc_custom_1758097058625{margin-top: 0px !important;}&#8220;]<div style=\"\" class=\"heading-title  al-center\" id=\"alian4x_el_69d0547472039\"><h2 style=\"color:#ffffff;\" class=\"al-headitg-title al-parallax\">Bodenmontierte Solarhalterung<\/h2><div style=\"color:#ffffff;\" class=\"al-subtitle\"><\/div><\/div>[\/vc_column][\/vc_row][\/vc_section][vc_row css=&#8220;.vc_custom_1758097465459{margin-top: -150px !important;}&#8220;][vc_column][vc_column_text]<\/p>\n<h3><\/h3>\n<h3 class=\"al-heading-title-big\">Bodenmontierte Solarhalterung<\/h3>\n<p>[\/vc_column_text][\/vc_column][\/vc_row][vc_row full_width=&#8220;stretch_row&#8220; gap=&#8220;20&#8243;][vc_column width=&#8220;1\/2&#8243;][vc_images_carousel images=&#8220;11308,11313,11318,11323,11328,10131&#8243; img_size=&#8220;680&#215;420&#8243; autoplay=&#8220;yes&#8220; hide_prev_next_buttons=&#8220;yes&#8220; wrap=&#8220;yes&#8220; css_animation=&#8220;none&#8220;][\/vc_column][vc_column width=&#8220;1\/2&#8243; css=&#8220;.vc_custom_1749880285195{margin-left: 120px !important;}&#8220;][vc_column_text css_animation=&#8220;none&#8220; css=&#8220;.vc_custom_1765334685630{margin-top: -30px !important;}&#8220;]<\/p>\n<h5>Modell-Nr:SG-B<\/h5>\n<h5>Dimension:<\/h5>\n<ul>\n<li>F\u00fcr Sonnenkollektoren 1724 * 1134 * 30\/35mm<\/li>\n<li>Kann f\u00fcr verschiedene Gr\u00f6\u00dfen von Solarmodulen angepasst werden<\/li>\n<\/ul>\n<div>\n<hr>\n<\/div>\n<h5 style=\"text-align: left;\">Material: Aluminiumlegierung<\/h5>\n<ul>\n<li>Neigungswinkel:20\u00b0 , 25\u00b0 , 30\u00b0<\/li>\n<li>Geeignet f\u00fcr: Boden<\/li>\n<\/ul>\n<hr>\n<h5><strong>Beschreibung<\/strong><\/h5>\n<ul>\n<li>Tragbar und mobil f\u00fcr jeden Standort<\/li>\n<li>Leicht zu erweiterndes Solarpanel<\/li>\n<li>Schnelle, einfache Installation<\/li>\n<\/ul>\n<p>[\/vc_column_text][\/vc_column][\/vc_row][vc_row css=&#8220;.vc_custom_1758174259832{margin-top: 50px !important;}&#8220;][vc_column css=&#8220;.vc_custom_1758175297426{margin-bottom: -40px !important;}&#8220;][vc_column_text]<\/p>\n<h5 style=\"text-align: center;\">Parameter<\/h5>\n<p>[\/vc_column_text][\/vc_column][\/vc_row][vc_row css=&#8220;.vc_custom_1762506960310{margin-top: 100px !important;margin-bottom: 0px !important;}&#8220;][vc_column width=&#8220;1\/5&#8243;][vc_single_image image=&#8220;11333&#8243; img_size=&#8220;full&#8220;][vc_column_text]<\/p>\n<p style=\"text-align: center;\">Dreieckige Halterung<br \/>\nL:1150mm,880mm,370mm<br \/>\nT:4.0mm<\/p>\n<p>[\/vc_column_text][\/vc_column][vc_column width=&#8220;1\/5&#8243;][vc_single_image image=&#8220;11338&#8243; img_size=&#8220;full&#8220;][vc_column_text]<\/p>\n<p style=\"text-align: center;\">Einziehbare Verbindungsschiene<br \/>\n43*43*800-1050mm<\/p>\n<p>[\/vc_column_text][\/vc_column][vc_column width=&#8220;1\/5&#8243;][vc_single_image image=&#8220;11343&#8243; img_size=&#8220;full&#8220;][vc_column_text]<\/p>\n<p style=\"text-align: center;\">Wechselrichter-Befestigungsblech<br \/>\n20*80*6mm<\/p>\n<p>[\/vc_column_text][\/vc_column][vc_column width=&#8220;1\/5&#8243;][vc_single_image image=&#8220;11348&#8243; img_size=&#8220;full&#8220;][vc_column_text]<\/p>\n<p style=\"text-align: center;\">Aluminium Platte<br \/>\n310*310*20mm<\/p>\n<p>[\/vc_column_text][\/vc_column][vc_column width=&#8220;1\/5&#8243;][vc_single_image image=&#8220;11353&#8243; img_size=&#8220;full&#8220;][vc_column_text]<\/p>\n<p style=\"text-align: center;\">M8*14mm Sechskantschraube<br \/>\nmit Mutter<\/p>\n<p>[\/vc_column_text][\/vc_column][\/vc_row][vc_row css=&#8220;.vc_custom_1765337479038{margin-top: 20px !important;margin-bottom: 0px !important;}&#8220;][vc_column width=&#8220;1\/6&#8243;][vc_single_image image=&#8220;11358&#8243; img_size=&#8220;full&#8220;][vc_column_text]<\/p>\n<p style=\"text-align: center;\">M8*20mm Inbusschraube<\/p>\n<p>[\/vc_column_text][\/vc_column][vc_column width=&#8220;1\/6&#8243;][vc_single_image image=&#8220;11363&#8243; img_size=&#8220;full&#8220;][vc_column_text]<\/p>\n<p style=\"text-align: center;\">M8*25mm Inbusschraube<br \/>\nmit Mutter, Unterlegscheibe &amp; Unterlegscheibe<\/p>\n<p>[\/vc_column_text][\/vc_column][vc_column width=&#8220;1\/6&#8243;][vc_single_image image=&#8220;10944&#8243; img_size=&#8220;full&#8220;][vc_column_text]<\/p>\n<p style=\"text-align: center;\">M8*60mm Inbusschraube<br \/>\nmit Mutter, Unterlegscheibe &amp; Unterlegscheibe<\/p>\n<p>[\/vc_column_text][\/vc_column][vc_column width=&#8220;1\/6&#8243;][vc_single_image image=&#8220;11373&#8243; img_size=&#8220;full&#8220;][vc_column_text]<\/p>\n<p style=\"text-align: center;\">M5*14mm Phillips<br \/>\nSechskantschraube mit Mutter<\/p>\n<p>[\/vc_column_text][\/vc_column][vc_column width=&#8220;1\/6&#8243;][vc_single_image image=&#8220;10960&#8243; img_size=&#8220;full&#8220;][vc_column_text]<\/p>\n<p style=\"text-align: center;\">Inbusschl\u00fcssel<br \/>\n(f\u00fcr M8 Inbusschraube)<\/p>\n<p>[\/vc_column_text][\/vc_column][vc_column width=&#8220;1\/6&#8243;][vc_single_image image=&#8220;10970&#8243; img_size=&#8220;full&#8220;][vc_column_text]<\/p>\n<p style=\"text-align: center;\">Schraubenschl\u00fcssel<\/p>\n<p>[\/vc_column_text][\/vc_column][\/vc_row]<\/p>\n","protected":false},"excerpt":{"rendered":"<p>[vc_section full_width=&#8220;stretch_row&#8220; content_placement=&#8220;middle&#8220; css=&#8220;.vc_custom_1765337310918{margin-bottom: 60px !important;padding-top: 300px !important;padding-bottom: 300px !important;background-image: url(https:\/\/ecosolarcarport.com\/wp-content\/uploads\/2025\/12\/Main-image-3.jpg?id=11303) !important;background-position: 0 0 !important;background-repeat: no-repeat !important;}&#8220;][vc_row css=&#8220;.vc_custom_1762505308474{margin-top: 140px !important;}&#8220;][vc_column css=&#8220;.vc_custom_1758097058625{margin-top: 0px !important;}&#8220;][\/vc_column][\/vc_row][\/vc_section][vc_row css=&#8220;.vc_custom_1758097465459{margin-top: -150px !important;}&#8220;][vc_column][vc_column_text] Bodenmontierte Solarhalterung [\/vc_column_text][\/vc_column][\/vc_row][vc_row full_width=&#8220;stretch_row&#8220; gap=&#8220;20&#8243;][vc_column width=&#8220;1\/2&#8243;][vc_images_carousel images=&#8220;11308,11313,11318,11323,11328,10131&#8243; img_size=&#8220;680&#215;420&#8243; autoplay=&#8220;yes&#8220; hide_prev_next_buttons=&#8220;yes&#8220; wrap=&#8220;yes&#8220; css_animation=&#8220;none&#8220;][\/vc_column][vc_column width=&#8220;1\/2&#8243; css=&#8220;.vc_custom_1749880285195{margin-left: 120px !important;}&#8220;][vc_column_text css_animation=&#8220;none&#8220; css=&#8220;.vc_custom_1765334685630{margin-top: -30px !important;}&#8220;] Modell-Nr:SG-B Dimension: F\u00fcr Sonnenkollektoren 1724 * 1134 * 30\/35mm<span class=\"screen-reader-text\"><a href=\"https:\/\/ecosolarcarport.com\/de\/bodenmontierte-solarhalterung\/\" rel=\"nofollow\">[&#8230;]<\/a><\/span><\/p>\n","protected":false},"author":1,"featured_media":0,"parent":0,"menu_order":0,"comment_status":"closed","ping_status":"closed","template":"page-builder.php","meta":{"om_disable_all_campaigns":false,"_monsterinsights_skip_tracking":false,"_monsterinsights_sitenote_active":false,"_monsterinsights_sitenote_note":"","_monsterinsights_sitenote_category":0,"footnotes":""},"class_list":["post-11561","page","type-page","status-publish","hentry"],"acf":[],"yoast_head":"<!-- This site is optimized with the Yoast SEO plugin v27.1.1 - https:\/\/yoast.com\/product\/yoast-seo-wordpress\/ -->\n<title>Bodenmontierte Solarhalterung - ecosolarcarport<\/title>\n<meta name=\"robots\" content=\"index, follow, max-snippet:-1, max-image-preview:large, max-video-preview:-1\" \/>\n<link rel=\"canonical\" href=\"https:\/\/ecosolarcarport.com\/de\/bodenmontierte-solarhalterung\/\" \/>\n<meta property=\"og:locale\" content=\"de_DE\" \/>\n<meta property=\"og:type\" content=\"article\" \/>\n<meta property=\"og:title\" content=\"Bodenmontierte Solarhalterung - ecosolarcarport\" \/>\n<meta property=\"og:description\" content=\"[vc_section full_width=&#8220;stretch_row&#8220; content_placement=&#8220;middle&#8220; css=&#8220;.vc_custom_1765337310918{margin-bottom: 60px !important;padding-top: 300px !important;padding-bottom: 300px !important;background-image: url(https:\/\/ecosolarcarport.com\/wp-content\/uploads\/2025\/12\/Main-image-3.jpg?id=11303) !important;background-position: 0 0 !important;background-repeat: no-repeat !important;}&#8220;][vc_row css=&#8220;.vc_custom_1762505308474{margin-top: 140px !important;}&#8220;][vc_column css=&#8220;.vc_custom_1758097058625{margin-top: 0px !important;}&#8220;][\/vc_column][\/vc_row][\/vc_section][vc_row css=&#8220;.vc_custom_1758097465459{margin-top: -150px !important;}&#8220;][vc_column][vc_column_text] Bodenmontierte Solarhalterung [\/vc_column_text][\/vc_column][\/vc_row][vc_row full_width=&#8220;stretch_row&#8220; gap=&#8220;20&#8243;][vc_column width=&#8220;1\/2&#8243;][vc_images_carousel images=&#8220;11308,11313,11318,11323,11328,10131&#8243; img_size=&#8220;680&#215;420&#8243; autoplay=&#8220;yes&#8220; hide_prev_next_buttons=&#8220;yes&#8220; wrap=&#8220;yes&#8220; css_animation=&#8220;none&#8220;][\/vc_column][vc_column width=&#8220;1\/2&#8243; css=&#8220;.vc_custom_1749880285195{margin-left: 120px !important;}&#8220;][vc_column_text css_animation=&#8220;none&#8220; css=&#8220;.vc_custom_1765334685630{margin-top: -30px !important;}&#8220;] Modell-Nr:SG-B Dimension: F\u00fcr Sonnenkollektoren 1724 * 1134 * 30\/35mm[...]\" \/>\n<meta property=\"og:url\" content=\"https:\/\/ecosolarcarport.com\/de\/bodenmontierte-solarhalterung\/\" \/>\n<meta property=\"og:site_name\" content=\"ecosolarcarport\" \/>\n<meta property=\"article:publisher\" content=\"https:\/\/www.facebook.com\/Ecosolarcarport\" \/>\n<meta property=\"article:modified_time\" content=\"2025-12-12T07:33:23+00:00\" \/>\n<meta name=\"twitter:card\" content=\"summary_large_image\" \/>\n<meta name=\"twitter:label1\" content=\"Gesch\u00e4tzte Lesezeit\" \/>\n\t<meta name=\"twitter:data1\" content=\"3\u00a0Minuten\" \/>\n<script type=\"application\/ld+json\" class=\"yoast-schema-graph\">{\"@context\":\"https:\/\/schema.org\",\"@graph\":[{\"@type\":\"WebPage\",\"@id\":\"https:\/\/ecosolarcarport.com\/de\/bodenmontierte-solarhalterung\/\",\"url\":\"https:\/\/ecosolarcarport.com\/de\/bodenmontierte-solarhalterung\/\",\"name\":\"Bodenmontierte Solarhalterung - ecosolarcarport\",\"isPartOf\":{\"@id\":\"https:\/\/ecosolarcarport.com\/de\/#website\"},\"datePublished\":\"2025-11-29T06:42:46+00:00\",\"dateModified\":\"2025-12-12T07:33:23+00:00\",\"breadcrumb\":{\"@id\":\"https:\/\/ecosolarcarport.com\/de\/bodenmontierte-solarhalterung\/#breadcrumb\"},\"inLanguage\":\"de\",\"potentialAction\":[{\"@type\":\"ReadAction\",\"target\":[\"https:\/\/ecosolarcarport.com\/de\/bodenmontierte-solarhalterung\/\"]}]},{\"@type\":\"BreadcrumbList\",\"@id\":\"https:\/\/ecosolarcarport.com\/de\/bodenmontierte-solarhalterung\/#breadcrumb\",\"itemListElement\":[{\"@type\":\"ListItem\",\"position\":1,\"name\":\"\u9996\u9875\",\"item\":\"https:\/\/ecosolarcarport.com\/de\/\"},{\"@type\":\"ListItem\",\"position\":2,\"name\":\"Bodenmontierte Solarhalterung\"}]},{\"@type\":\"WebSite\",\"@id\":\"https:\/\/ecosolarcarport.com\/de\/#website\",\"url\":\"https:\/\/ecosolarcarport.com\/de\/\",\"name\":\"ecosolarcarport\",\"description\":\"\",\"publisher\":{\"@id\":\"https:\/\/ecosolarcarport.com\/de\/#organization\"},\"potentialAction\":[{\"@type\":\"SearchAction\",\"target\":{\"@type\":\"EntryPoint\",\"urlTemplate\":\"https:\/\/ecosolarcarport.com\/de\/?s={search_term_string}\"},\"query-input\":{\"@type\":\"PropertyValueSpecification\",\"valueRequired\":true,\"valueName\":\"search_term_string\"}}],\"inLanguage\":\"de\"},{\"@type\":\"Organization\",\"@id\":\"https:\/\/ecosolarcarport.com\/de\/#organization\",\"name\":\"ecosolarcarport\",\"url\":\"https:\/\/ecosolarcarport.com\/de\/\",\"logo\":{\"@type\":\"ImageObject\",\"inLanguage\":\"de\",\"@id\":\"https:\/\/ecosolarcarport.com\/de\/#\/schema\/logo\/image\/\",\"url\":\"https:\/\/ecosolarcarport.com\/wp-content\/uploads\/2026\/03\/Ecosolarcarport.jpg\",\"contentUrl\":\"https:\/\/ecosolarcarport.com\/wp-content\/uploads\/2026\/03\/Ecosolarcarport.jpg\",\"width\":696,\"height\":696,\"caption\":\"ecosolarcarport\"},\"image\":{\"@id\":\"https:\/\/ecosolarcarport.com\/de\/#\/schema\/logo\/image\/\"},\"sameAs\":[\"https:\/\/www.facebook.com\/Ecosolarcarport\"]}]}<\/script>\n<!-- \/ Yoast SEO plugin. -->","yoast_head_json":{"title":"Bodenmontierte Solarhalterung - ecosolarcarport","robots":{"index":"index","follow":"follow","max-snippet":"max-snippet:-1","max-image-preview":"max-image-preview:large","max-video-preview":"max-video-preview:-1"},"canonical":"https:\/\/ecosolarcarport.com\/de\/bodenmontierte-solarhalterung\/","og_locale":"de_DE","og_type":"article","og_title":"Bodenmontierte Solarhalterung - ecosolarcarport","og_description":"[vc_section full_width=&#8220;stretch_row&#8220; content_placement=&#8220;middle&#8220; css=&#8220;.vc_custom_1765337310918{margin-bottom: 60px !important;padding-top: 300px !important;padding-bottom: 300px !important;background-image: url(https:\/\/ecosolarcarport.com\/wp-content\/uploads\/2025\/12\/Main-image-3.jpg?id=11303) !important;background-position: 0 0 !important;background-repeat: no-repeat !important;}&#8220;][vc_row css=&#8220;.vc_custom_1762505308474{margin-top: 140px !important;}&#8220;][vc_column css=&#8220;.vc_custom_1758097058625{margin-top: 0px !important;}&#8220;][\/vc_column][\/vc_row][\/vc_section][vc_row css=&#8220;.vc_custom_1758097465459{margin-top: -150px !important;}&#8220;][vc_column][vc_column_text] Bodenmontierte Solarhalterung [\/vc_column_text][\/vc_column][\/vc_row][vc_row full_width=&#8220;stretch_row&#8220; gap=&#8220;20&#8243;][vc_column width=&#8220;1\/2&#8243;][vc_images_carousel images=&#8220;11308,11313,11318,11323,11328,10131&#8243; img_size=&#8220;680&#215;420&#8243; autoplay=&#8220;yes&#8220; hide_prev_next_buttons=&#8220;yes&#8220; wrap=&#8220;yes&#8220; css_animation=&#8220;none&#8220;][\/vc_column][vc_column width=&#8220;1\/2&#8243; css=&#8220;.vc_custom_1749880285195{margin-left: 120px !important;}&#8220;][vc_column_text css_animation=&#8220;none&#8220; css=&#8220;.vc_custom_1765334685630{margin-top: -30px !important;}&#8220;] Modell-Nr:SG-B Dimension: F\u00fcr Sonnenkollektoren 1724 * 1134 * 30\/35mm[...]","og_url":"https:\/\/ecosolarcarport.com\/de\/bodenmontierte-solarhalterung\/","og_site_name":"ecosolarcarport","article_publisher":"https:\/\/www.facebook.com\/Ecosolarcarport","article_modified_time":"2025-12-12T07:33:23+00:00","twitter_card":"summary_large_image","twitter_misc":{"Gesch\u00e4tzte Lesezeit":"3\u00a0Minuten"},"schema":{"@context":"https:\/\/schema.org","@graph":[{"@type":"WebPage","@id":"https:\/\/ecosolarcarport.com\/de\/bodenmontierte-solarhalterung\/","url":"https:\/\/ecosolarcarport.com\/de\/bodenmontierte-solarhalterung\/","name":"Bodenmontierte Solarhalterung - ecosolarcarport","isPartOf":{"@id":"https:\/\/ecosolarcarport.com\/de\/#website"},"datePublished":"2025-11-29T06:42:46+00:00","dateModified":"2025-12-12T07:33:23+00:00","breadcrumb":{"@id":"https:\/\/ecosolarcarport.com\/de\/bodenmontierte-solarhalterung\/#breadcrumb"},"inLanguage":"de","potentialAction":[{"@type":"ReadAction","target":["https:\/\/ecosolarcarport.com\/de\/bodenmontierte-solarhalterung\/"]}]},{"@type":"BreadcrumbList","@id":"https:\/\/ecosolarcarport.com\/de\/bodenmontierte-solarhalterung\/#breadcrumb","itemListElement":[{"@type":"ListItem","position":1,"name":"\u9996\u9875","item":"https:\/\/ecosolarcarport.com\/de\/"},{"@type":"ListItem","position":2,"name":"Bodenmontierte Solarhalterung"}]},{"@type":"WebSite","@id":"https:\/\/ecosolarcarport.com\/de\/#website","url":"https:\/\/ecosolarcarport.com\/de\/","name":"ecosolarcarport","description":"","publisher":{"@id":"https:\/\/ecosolarcarport.com\/de\/#organization"},"potentialAction":[{"@type":"SearchAction","target":{"@type":"EntryPoint","urlTemplate":"https:\/\/ecosolarcarport.com\/de\/?s={search_term_string}"},"query-input":{"@type":"PropertyValueSpecification","valueRequired":true,"valueName":"search_term_string"}}],"inLanguage":"de"},{"@type":"Organization","@id":"https:\/\/ecosolarcarport.com\/de\/#organization","name":"ecosolarcarport","url":"https:\/\/ecosolarcarport.com\/de\/","logo":{"@type":"ImageObject","inLanguage":"de","@id":"https:\/\/ecosolarcarport.com\/de\/#\/schema\/logo\/image\/","url":"https:\/\/ecosolarcarport.com\/wp-content\/uploads\/2026\/03\/Ecosolarcarport.jpg","contentUrl":"https:\/\/ecosolarcarport.com\/wp-content\/uploads\/2026\/03\/Ecosolarcarport.jpg","width":696,"height":696,"caption":"ecosolarcarport"},"image":{"@id":"https:\/\/ecosolarcarport.com\/de\/#\/schema\/logo\/image\/"},"sameAs":["https:\/\/www.facebook.com\/Ecosolarcarport"]}]}},"_links":{"self":[{"href":"https:\/\/ecosolarcarport.com\/de\/wp-json\/wp\/v2\/pages\/11561","targetHints":{"allow":["GET"]}}],"collection":[{"href":"https:\/\/ecosolarcarport.com\/de\/wp-json\/wp\/v2\/pages"}],"about":[{"href":"https:\/\/ecosolarcarport.com\/de\/wp-json\/wp\/v2\/types\/page"}],"author":[{"embeddable":true,"href":"https:\/\/ecosolarcarport.com\/de\/wp-json\/wp\/v2\/users\/1"}],"replies":[{"embeddable":true,"href":"https:\/\/ecosolarcarport.com\/de\/wp-json\/wp\/v2\/comments?post=11561"}],"version-history":[{"count":2,"href":"https:\/\/ecosolarcarport.com\/de\/wp-json\/wp\/v2\/pages\/11561\/revisions"}],"predecessor-version":[{"id":11563,"href":"https:\/\/ecosolarcarport.com\/de\/wp-json\/wp\/v2\/pages\/11561\/revisions\/11563"}],"wp:attachment":[{"href":"https:\/\/ecosolarcarport.com\/de\/wp-json\/wp\/v2\/media?parent=11561"}],"curies":[{"name":"wp","href":"https:\/\/api.w.org\/{rel}","templated":true}]}}