{"id":11567,"date":"2025-09-27T03:17:30","date_gmt":"2025-09-27T03:17:30","guid":{"rendered":"https:\/\/ecosolarcarport.com\/solar-carport-mit-doppelsaeule-fuer-die-wandmontage\/"},"modified":"2025-12-13T07:54:18","modified_gmt":"2025-12-13T07:54:18","slug":"solar-carport-mit-doppelsaeule-fuer-die-wandmontage","status":"publish","type":"page","link":"https:\/\/ecosolarcarport.com\/de\/solar-carport-mit-doppelsaeule-fuer-die-wandmontage\/","title":{"rendered":"Solar-Carport mit Doppels\u00e4ule f\u00fcr die Wandmontage"},"content":{"rendered":"<p>[vc_section full_width=&#8220;stretch_row&#8220; content_placement=&#8220;middle&#8220; css=&#8220;.vc_custom_1758245840458{margin-bottom: 60px !important;padding-top: 300px !important;padding-bottom: 300px !important;background-image: url(https:\/\/ecosolarcarport.com\/wp-content\/uploads\/2025\/09\/Main-image-3.jpg?id=9840) !important;background-position: 0 0 !important;background-repeat: no-repeat !important;}&#8220;][vc_row css=&#8220;.vc_custom_1758097431591{margin-top: 100px !important;}&#8220;][vc_column css=&#8220;.vc_custom_1758097058625{margin-top: 0px !important;}&#8220;]<div style=\"\" class=\"heading-title  al-center\" id=\"alian4x_el_69d059bad6955\"><h2 style=\"color:#ffffff;\" class=\"al-headitg-title al-parallax\">Der komplette Solar-Carport<br \/>\nf\u00fcr Ihr Fahrzeug<\/h2><div style=\"color:#ffffff;\" class=\"al-subtitle\"><\/div><\/div>[\/vc_column][\/vc_row][\/vc_section][vc_row css=&#8220;.vc_custom_1758097465459{margin-top: -150px !important;}&#8220;][vc_column][vc_column_text]<\/p>\n<h3 class=\"al-heading-title-big\">Solar-Carport mit Doppels\u00e4ule f\u00fcr die Wandmontage<\/h3>\n<p>[\/vc_column_text][\/vc_column][\/vc_row][vc_row full_width=&#8220;stretch_row&#8220; gap=&#8220;20&#8243;][vc_column width=&#8220;1\/2&#8243;][vc_images_carousel images=&#8220;10261,8552,9640,9830&#8243; img_size=&#8220;680&#215;420&#8243; autoplay=&#8220;yes&#8220; hide_prev_next_buttons=&#8220;yes&#8220; wrap=&#8220;yes&#8220; css_animation=&#8220;none&#8220;][\/vc_column][vc_column width=&#8220;1\/2&#8243; css=&#8220;.vc_custom_1749880285195{margin-left: 120px !important;}&#8220;][vc_column_text css_animation=&#8220;fadeIn&#8220; css=&#8220;.vc_custom_1758245945992{margin-top: -30px !important;}&#8220;]<\/p>\n<h5 style=\"text-align: left;\">Integriertes Solar-Carport-Kraftwerk<\/h5>\n<ul>\n<li>Home Solar Carport Against Wall , wo das Haus und der Carport nahtlos ineinander \u00fcbergehen und zu einem integralen Bestandteil des anderen werden<\/li>\n<li>Diese Integration st\u00e4rkt die strukturelle Stabilit\u00e4t und verbessert die \u00c4sthetik<\/li>\n<\/ul>\n<div>\n<hr \/>\n<\/div>\n<h5 style=\"text-align: left;\">Geeignete Anwendungen<\/h5>\n<p>Haus\/Villenhof\/Wohngeb\u00e4ude\/Gewerbe Gemeinschaftsparkpl\u00e4tze\/Kleingewerbe\/Boutique-Hotels &amp; G\u00e4steh\u00e4user\/Firmen &amp; Institutionen Kleine Parkpl\u00e4tze\/Landwirtschaftliche\/Farmfahrzeug-Parkpl\u00e4tze[\/vc_column_text][\/vc_column][\/vc_row][vc_row css=&#8220;.vc_custom_1758174259832{margin-top: 50px !important;}&#8220;][vc_column css=&#8220;.vc_custom_1758175297426{margin-bottom: -40px !important;}&#8220;][vc_column_text]<\/p>\n<h5>Parameter<\/h5>\n<p>[\/vc_column_text][\/vc_column][\/vc_row][vc_row css=&#8220;.vc_custom_1758174565728{margin-top: -40px !important;}&#8220;][vc_column width=&#8220;1\/2&#8243;][vc_column_text]<\/p>\n<hr \/>\n<p>Im Paket enthalten\uff1a<\/p>\n<ul>\n<li>Die Aluminiumrahmenkonstruktion besteht aus vier offenen Seiten und einem leicht geneigten Dach aus Solarmodulen.<\/li>\n<li>Unterkonstruktion f\u00fcr Solarmodule<\/li>\n<li>inkl. Regenrinne und Fallrohr Dachneigung<\/li>\n<\/ul>\n<hr \/>\n<p>Dachneigung\uff1a6\u00b0<\/p>\n<hr \/>\n<p>Schneelast\uff1a1.1 Kpa<\/p>\n<hr \/>\n<p>Windlast\uff1a33 M\/S<\/p>\n<hr \/>\n<p>Modul\uff1a<\/p>\n<ul>\n<li>Bis zu 20 Module (1722mm x 1134mm x 30mm)<\/li>\n<li>Modulleistung von 440 Wp<\/li>\n<li>Gesamtleistung 8,8 kWp<\/li>\n<\/ul>\n<hr \/>\n<p>Farbe\uff1aRAL7016 (Anthrazitgrau)<\/p>\n<hr \/>\n<p>[\/vc_column_text][\/vc_column][vc_column width=&#8220;1\/2&#8243; css=&#8220;.vc_custom_1749880247022{margin-left: 100px !important;}&#8220;][vc_images_carousel images=&#8220;10276,10271,10266&#8243; img_size=&#8220;560&#215;680&#8243; autoplay=&#8220;yes&#8220; hide_prev_next_buttons=&#8220;yes&#8220; wrap=&#8220;yes&#8220; css_animation=&#8220;none&#8220;][\/vc_column][\/vc_row][vc_row full_width=&#8220;stretch_row&#8220; css=&#8220;.vc_custom_1758183794810{margin-top: 120px !important;padding-top: 100px !important;padding-bottom: 100px !important;background-color: #eeeeee !important;}&#8220;][vc_column width=&#8220;1\/2&#8243;][vc_single_image image=&#8220;9861&#8243; img_size=&#8220;850&#215;500&#8243; css_animation=&#8220;none&#8220;][\/vc_column][vc_column width=&#8220;1\/2&#8243;][vc_column_text css_animation=&#8220;none&#8220; css=&#8220;.vc_custom_1758167459593{margin-top: -30px !important;}&#8220; el_class=&#8220;small-text&#8220;]<\/p>\n<h5 style=\"text-align: left;\">Solar-Carport mit photovoltaischer Stromerzeugung: Ein komplettes netzunabh\u00e4ngiges oder netzgekoppeltes System<\/h5>\n<p style=\"text-align: left;\">Unser Solar-Carport-System integriert kostenlose Photovoltaik-Stromerzeugung mit einem 6kW-Wechselrichter und einem 5kW-10kWh Batteriespeicher, die alle \u00fcber eine mobile WiFi-App gesteuert werden k\u00f6nnen. Dieses effiziente System dient sowohl der Stromerzeugung zu Hause als auch dem t\u00e4glichen Strombedarf und erm\u00f6glicht gleichzeitig das Aufladen Ihres Elektrofahrzeugs. Ob netzunabh\u00e4ngig oder an das Stromnetz angeschlossen, genie\u00dfen Sie die Vorteile von sauberer Energie, niedrigeren Stromkosten und dem bequemen Aufladen Ihres Elektrofahrzeugs mit Solarstrom<\/p>\n<h5 style=\"text-align: left;\"><\/h5>\n<p>[\/vc_column_text][\/vc_column][\/vc_row]<\/p>\n","protected":false},"excerpt":{"rendered":"<p>[vc_section full_width=&#8220;stretch_row&#8220; content_placement=&#8220;middle&#8220; css=&#8220;.vc_custom_1758245840458{margin-bottom: 60px !important;padding-top: 300px !important;padding-bottom: 300px !important;background-image: url(https:\/\/ecosolarcarport.com\/wp-content\/uploads\/2025\/09\/Main-image-3.jpg?id=9840) !important;background-position: 0 0 !important;background-repeat: no-repeat !important;}&#8220;][vc_row css=&#8220;.vc_custom_1758097431591{margin-top: 100px !important;}&#8220;][vc_column css=&#8220;.vc_custom_1758097058625{margin-top: 0px !important;}&#8220;][\/vc_column][\/vc_row][\/vc_section][vc_row css=&#8220;.vc_custom_1758097465459{margin-top: -150px !important;}&#8220;][vc_column][vc_column_text] Solar-Carport mit Doppels\u00e4ule f\u00fcr die Wandmontage [\/vc_column_text][\/vc_column][\/vc_row][vc_row full_width=&#8220;stretch_row&#8220; gap=&#8220;20&#8243;][vc_column width=&#8220;1\/2&#8243;][vc_images_carousel images=&#8220;10261,8552,9640,9830&#8243; img_size=&#8220;680&#215;420&#8243; autoplay=&#8220;yes&#8220; hide_prev_next_buttons=&#8220;yes&#8220; wrap=&#8220;yes&#8220; css_animation=&#8220;none&#8220;][\/vc_column][vc_column width=&#8220;1\/2&#8243; css=&#8220;.vc_custom_1749880285195{margin-left: 120px !important;}&#8220;][vc_column_text css_animation=&#8220;fadeIn&#8220; css=&#8220;.vc_custom_1758245945992{margin-top: -30px !important;}&#8220;] Integriertes Solar-Carport-Kraftwerk Home Solar Carport<span class=\"screen-reader-text\"><a href=\"https:\/\/ecosolarcarport.com\/de\/solar-carport-mit-doppelsaeule-fuer-die-wandmontage\/\" rel=\"nofollow\">[&#8230;]<\/a><\/span><\/p>\n","protected":false},"author":1,"featured_media":0,"parent":0,"menu_order":0,"comment_status":"closed","ping_status":"closed","template":"page-builder.php","meta":{"om_disable_all_campaigns":false,"_monsterinsights_skip_tracking":false,"_monsterinsights_sitenote_active":false,"_monsterinsights_sitenote_note":"","_monsterinsights_sitenote_category":0,"footnotes":""},"class_list":["post-11567","page","type-page","status-publish","hentry"],"acf":[],"yoast_head":"<!-- This site is optimized with the Yoast SEO plugin v27.1.1 - https:\/\/yoast.com\/product\/yoast-seo-wordpress\/ -->\n<title>Solar-Carport mit Doppels\u00e4ule f\u00fcr die Wandmontage - ecosolarcarport<\/title>\n<meta name=\"robots\" content=\"index, follow, max-snippet:-1, max-image-preview:large, max-video-preview:-1\" \/>\n<link rel=\"canonical\" href=\"https:\/\/ecosolarcarport.com\/de\/solar-carport-mit-doppelsaeule-fuer-die-wandmontage\/\" \/>\n<meta property=\"og:locale\" content=\"de_DE\" \/>\n<meta property=\"og:type\" content=\"article\" \/>\n<meta property=\"og:title\" content=\"Solar-Carport mit Doppels\u00e4ule f\u00fcr die Wandmontage - ecosolarcarport\" \/>\n<meta property=\"og:description\" content=\"[vc_section full_width=&#8220;stretch_row&#8220; content_placement=&#8220;middle&#8220; css=&#8220;.vc_custom_1758245840458{margin-bottom: 60px !important;padding-top: 300px !important;padding-bottom: 300px !important;background-image: url(https:\/\/ecosolarcarport.com\/wp-content\/uploads\/2025\/09\/Main-image-3.jpg?id=9840) !important;background-position: 0 0 !important;background-repeat: no-repeat !important;}&#8220;][vc_row css=&#8220;.vc_custom_1758097431591{margin-top: 100px !important;}&#8220;][vc_column css=&#8220;.vc_custom_1758097058625{margin-top: 0px !important;}&#8220;][\/vc_column][\/vc_row][\/vc_section][vc_row css=&#8220;.vc_custom_1758097465459{margin-top: -150px !important;}&#8220;][vc_column][vc_column_text] Solar-Carport mit Doppels\u00e4ule f\u00fcr die Wandmontage [\/vc_column_text][\/vc_column][\/vc_row][vc_row full_width=&#8220;stretch_row&#8220; gap=&#8220;20&#8243;][vc_column width=&#8220;1\/2&#8243;][vc_images_carousel images=&#8220;10261,8552,9640,9830&#8243; img_size=&#8220;680&#215;420&#8243; autoplay=&#8220;yes&#8220; hide_prev_next_buttons=&#8220;yes&#8220; wrap=&#8220;yes&#8220; css_animation=&#8220;none&#8220;][\/vc_column][vc_column width=&#8220;1\/2&#8243; css=&#8220;.vc_custom_1749880285195{margin-left: 120px !important;}&#8220;][vc_column_text css_animation=&#8220;fadeIn&#8220; css=&#8220;.vc_custom_1758245945992{margin-top: -30px !important;}&#8220;] Integriertes Solar-Carport-Kraftwerk Home Solar Carport[...]\" \/>\n<meta property=\"og:url\" content=\"https:\/\/ecosolarcarport.com\/de\/solar-carport-mit-doppelsaeule-fuer-die-wandmontage\/\" \/>\n<meta property=\"og:site_name\" content=\"ecosolarcarport\" \/>\n<meta property=\"article:publisher\" content=\"https:\/\/www.facebook.com\/Ecosolarcarport\" \/>\n<meta property=\"article:modified_time\" content=\"2025-12-13T07:54:18+00:00\" \/>\n<meta name=\"twitter:card\" content=\"summary_large_image\" \/>\n<meta name=\"twitter:label1\" content=\"Gesch\u00e4tzte Lesezeit\" \/>\n\t<meta name=\"twitter:data1\" content=\"3\u00a0Minuten\" \/>\n<script type=\"application\/ld+json\" class=\"yoast-schema-graph\">{\"@context\":\"https:\/\/schema.org\",\"@graph\":[{\"@type\":\"WebPage\",\"@id\":\"https:\/\/ecosolarcarport.com\/de\/solar-carport-mit-doppelsaeule-fuer-die-wandmontage\/\",\"url\":\"https:\/\/ecosolarcarport.com\/de\/solar-carport-mit-doppelsaeule-fuer-die-wandmontage\/\",\"name\":\"Solar-Carport mit Doppels\u00e4ule f\u00fcr die Wandmontage - ecosolarcarport\",\"isPartOf\":{\"@id\":\"https:\/\/ecosolarcarport.com\/de\/#website\"},\"datePublished\":\"2025-09-27T03:17:30+00:00\",\"dateModified\":\"2025-12-13T07:54:18+00:00\",\"breadcrumb\":{\"@id\":\"https:\/\/ecosolarcarport.com\/de\/solar-carport-mit-doppelsaeule-fuer-die-wandmontage\/#breadcrumb\"},\"inLanguage\":\"de\",\"potentialAction\":[{\"@type\":\"ReadAction\",\"target\":[\"https:\/\/ecosolarcarport.com\/de\/solar-carport-mit-doppelsaeule-fuer-die-wandmontage\/\"]}]},{\"@type\":\"BreadcrumbList\",\"@id\":\"https:\/\/ecosolarcarport.com\/de\/solar-carport-mit-doppelsaeule-fuer-die-wandmontage\/#breadcrumb\",\"itemListElement\":[{\"@type\":\"ListItem\",\"position\":1,\"name\":\"\u9996\u9875\",\"item\":\"https:\/\/ecosolarcarport.com\/de\/\"},{\"@type\":\"ListItem\",\"position\":2,\"name\":\"Solar-Carport mit Doppels\u00e4ule f\u00fcr die Wandmontage\"}]},{\"@type\":\"WebSite\",\"@id\":\"https:\/\/ecosolarcarport.com\/de\/#website\",\"url\":\"https:\/\/ecosolarcarport.com\/de\/\",\"name\":\"ecosolarcarport\",\"description\":\"\",\"publisher\":{\"@id\":\"https:\/\/ecosolarcarport.com\/de\/#organization\"},\"potentialAction\":[{\"@type\":\"SearchAction\",\"target\":{\"@type\":\"EntryPoint\",\"urlTemplate\":\"https:\/\/ecosolarcarport.com\/de\/?s={search_term_string}\"},\"query-input\":{\"@type\":\"PropertyValueSpecification\",\"valueRequired\":true,\"valueName\":\"search_term_string\"}}],\"inLanguage\":\"de\"},{\"@type\":\"Organization\",\"@id\":\"https:\/\/ecosolarcarport.com\/de\/#organization\",\"name\":\"ecosolarcarport\",\"url\":\"https:\/\/ecosolarcarport.com\/de\/\",\"logo\":{\"@type\":\"ImageObject\",\"inLanguage\":\"de\",\"@id\":\"https:\/\/ecosolarcarport.com\/de\/#\/schema\/logo\/image\/\",\"url\":\"https:\/\/ecosolarcarport.com\/wp-content\/uploads\/2026\/03\/Ecosolarcarport.jpg\",\"contentUrl\":\"https:\/\/ecosolarcarport.com\/wp-content\/uploads\/2026\/03\/Ecosolarcarport.jpg\",\"width\":696,\"height\":696,\"caption\":\"ecosolarcarport\"},\"image\":{\"@id\":\"https:\/\/ecosolarcarport.com\/de\/#\/schema\/logo\/image\/\"},\"sameAs\":[\"https:\/\/www.facebook.com\/Ecosolarcarport\"]}]}<\/script>\n<!-- \/ Yoast SEO plugin. -->","yoast_head_json":{"title":"Solar-Carport mit Doppels\u00e4ule f\u00fcr die Wandmontage - ecosolarcarport","robots":{"index":"index","follow":"follow","max-snippet":"max-snippet:-1","max-image-preview":"max-image-preview:large","max-video-preview":"max-video-preview:-1"},"canonical":"https:\/\/ecosolarcarport.com\/de\/solar-carport-mit-doppelsaeule-fuer-die-wandmontage\/","og_locale":"de_DE","og_type":"article","og_title":"Solar-Carport mit Doppels\u00e4ule f\u00fcr die Wandmontage - ecosolarcarport","og_description":"[vc_section full_width=&#8220;stretch_row&#8220; content_placement=&#8220;middle&#8220; css=&#8220;.vc_custom_1758245840458{margin-bottom: 60px !important;padding-top: 300px !important;padding-bottom: 300px !important;background-image: url(https:\/\/ecosolarcarport.com\/wp-content\/uploads\/2025\/09\/Main-image-3.jpg?id=9840) !important;background-position: 0 0 !important;background-repeat: no-repeat !important;}&#8220;][vc_row css=&#8220;.vc_custom_1758097431591{margin-top: 100px !important;}&#8220;][vc_column css=&#8220;.vc_custom_1758097058625{margin-top: 0px !important;}&#8220;][\/vc_column][\/vc_row][\/vc_section][vc_row css=&#8220;.vc_custom_1758097465459{margin-top: -150px !important;}&#8220;][vc_column][vc_column_text] Solar-Carport mit Doppels\u00e4ule f\u00fcr die Wandmontage [\/vc_column_text][\/vc_column][\/vc_row][vc_row full_width=&#8220;stretch_row&#8220; gap=&#8220;20&#8243;][vc_column width=&#8220;1\/2&#8243;][vc_images_carousel images=&#8220;10261,8552,9640,9830&#8243; img_size=&#8220;680&#215;420&#8243; autoplay=&#8220;yes&#8220; hide_prev_next_buttons=&#8220;yes&#8220; wrap=&#8220;yes&#8220; css_animation=&#8220;none&#8220;][\/vc_column][vc_column width=&#8220;1\/2&#8243; css=&#8220;.vc_custom_1749880285195{margin-left: 120px !important;}&#8220;][vc_column_text css_animation=&#8220;fadeIn&#8220; css=&#8220;.vc_custom_1758245945992{margin-top: -30px !important;}&#8220;] Integriertes Solar-Carport-Kraftwerk Home Solar Carport[...]","og_url":"https:\/\/ecosolarcarport.com\/de\/solar-carport-mit-doppelsaeule-fuer-die-wandmontage\/","og_site_name":"ecosolarcarport","article_publisher":"https:\/\/www.facebook.com\/Ecosolarcarport","article_modified_time":"2025-12-13T07:54:18+00:00","twitter_card":"summary_large_image","twitter_misc":{"Gesch\u00e4tzte Lesezeit":"3\u00a0Minuten"},"schema":{"@context":"https:\/\/schema.org","@graph":[{"@type":"WebPage","@id":"https:\/\/ecosolarcarport.com\/de\/solar-carport-mit-doppelsaeule-fuer-die-wandmontage\/","url":"https:\/\/ecosolarcarport.com\/de\/solar-carport-mit-doppelsaeule-fuer-die-wandmontage\/","name":"Solar-Carport mit Doppels\u00e4ule f\u00fcr die Wandmontage - ecosolarcarport","isPartOf":{"@id":"https:\/\/ecosolarcarport.com\/de\/#website"},"datePublished":"2025-09-27T03:17:30+00:00","dateModified":"2025-12-13T07:54:18+00:00","breadcrumb":{"@id":"https:\/\/ecosolarcarport.com\/de\/solar-carport-mit-doppelsaeule-fuer-die-wandmontage\/#breadcrumb"},"inLanguage":"de","potentialAction":[{"@type":"ReadAction","target":["https:\/\/ecosolarcarport.com\/de\/solar-carport-mit-doppelsaeule-fuer-die-wandmontage\/"]}]},{"@type":"BreadcrumbList","@id":"https:\/\/ecosolarcarport.com\/de\/solar-carport-mit-doppelsaeule-fuer-die-wandmontage\/#breadcrumb","itemListElement":[{"@type":"ListItem","position":1,"name":"\u9996\u9875","item":"https:\/\/ecosolarcarport.com\/de\/"},{"@type":"ListItem","position":2,"name":"Solar-Carport mit Doppels\u00e4ule f\u00fcr die Wandmontage"}]},{"@type":"WebSite","@id":"https:\/\/ecosolarcarport.com\/de\/#website","url":"https:\/\/ecosolarcarport.com\/de\/","name":"ecosolarcarport","description":"","publisher":{"@id":"https:\/\/ecosolarcarport.com\/de\/#organization"},"potentialAction":[{"@type":"SearchAction","target":{"@type":"EntryPoint","urlTemplate":"https:\/\/ecosolarcarport.com\/de\/?s={search_term_string}"},"query-input":{"@type":"PropertyValueSpecification","valueRequired":true,"valueName":"search_term_string"}}],"inLanguage":"de"},{"@type":"Organization","@id":"https:\/\/ecosolarcarport.com\/de\/#organization","name":"ecosolarcarport","url":"https:\/\/ecosolarcarport.com\/de\/","logo":{"@type":"ImageObject","inLanguage":"de","@id":"https:\/\/ecosolarcarport.com\/de\/#\/schema\/logo\/image\/","url":"https:\/\/ecosolarcarport.com\/wp-content\/uploads\/2026\/03\/Ecosolarcarport.jpg","contentUrl":"https:\/\/ecosolarcarport.com\/wp-content\/uploads\/2026\/03\/Ecosolarcarport.jpg","width":696,"height":696,"caption":"ecosolarcarport"},"image":{"@id":"https:\/\/ecosolarcarport.com\/de\/#\/schema\/logo\/image\/"},"sameAs":["https:\/\/www.facebook.com\/Ecosolarcarport"]}]}},"_links":{"self":[{"href":"https:\/\/ecosolarcarport.com\/de\/wp-json\/wp\/v2\/pages\/11567","targetHints":{"allow":["GET"]}}],"collection":[{"href":"https:\/\/ecosolarcarport.com\/de\/wp-json\/wp\/v2\/pages"}],"about":[{"href":"https:\/\/ecosolarcarport.com\/de\/wp-json\/wp\/v2\/types\/page"}],"author":[{"embeddable":true,"href":"https:\/\/ecosolarcarport.com\/de\/wp-json\/wp\/v2\/users\/1"}],"replies":[{"embeddable":true,"href":"https:\/\/ecosolarcarport.com\/de\/wp-json\/wp\/v2\/comments?post=11567"}],"version-history":[{"count":7,"href":"https:\/\/ecosolarcarport.com\/de\/wp-json\/wp\/v2\/pages\/11567\/revisions"}],"predecessor-version":[{"id":11653,"href":"https:\/\/ecosolarcarport.com\/de\/wp-json\/wp\/v2\/pages\/11567\/revisions\/11653"}],"wp:attachment":[{"href":"https:\/\/ecosolarcarport.com\/de\/wp-json\/wp\/v2\/media?parent=11567"}],"curies":[{"name":"wp","href":"https:\/\/api.w.org\/{rel}","templated":true}]}}