{"id":4427,"date":"2018-04-20T21:19:19","date_gmt":"2018-04-20T21:19:19","guid":{"rendered":"http:\/\/laniakeaenergy.com\/services-archive-3-columns\/"},"modified":"2025-12-12T08:01:09","modified_gmt":"2025-12-12T08:01:09","slug":"dienstleistungen","status":"publish","type":"page","link":"https:\/\/ecosolarcarport.com\/de\/dienstleistungen\/","title":{"rendered":"DIENSTLEISTUNGEN"},"content":{"rendered":"<p>[vc_section full_width=&#8220;stretch_row&#8220; content_placement=&#8220;bottom&#8220; css=&#8220;.vc_custom_1758077996536{margin-bottom: 20px !important;padding-top: 150px !important;padding-bottom: 90px !important;background-image: url(https:\/\/ecosolarcarport.com\/wp-content\/uploads\/2025\/09\/pexels-jan-van-bizar-12224996-1.jpg?id=9539) !important;background-position: center !important;background-repeat: no-repeat !important;background-size: cover !important;}&#8220;][vc_row content_placement=&#8220;middle&#8220;][vc_column offset=&#8220;vc_col-lg-offset-0 vc_col-md-offset-0 vc_col-sm-offset-0&#8243;]<div style=\"padding:60px 40px;\" class=\"heading-title  breadcrumbs-style al-center\" id=\"alian4x_el_69d0543a29ed8\"><h5 style=\"color:#ffffff;\" class=\"al-headitg-title al-parallax\">Wir bieten ein umfassendes Portfolio an Agenturservices, die auf Ihre spezifischen Bed\u00fcrfnisse zugeschnitten sind, und als verl\u00e4sslicher Partner sind wir bestrebt, herausragende Ergebnisse zu liefern<\/h5><div style=\"color:#ffffff;\" class=\"al-subtitle\"><\/div><\/div>[\/vc_column][\/vc_row][\/vc_section][vc_row css=&#8220;.vc_custom_1758077911822{margin-top: 100px !important;}&#8220;][vc_column width=&#8220;1\/3&#8243;][vc_single_image image=&#8220;9482&#8243; img_size=&#8220;400&#215;310&#8243; css=&#8220;.vc_custom_1758077190493{margin-bottom: -8px !important;}&#8220; el_class=&#8220;post-content img&#8220;][vc_column_text css_animation=&#8220;fadeIn&#8220; css=&#8220;.vc_custom_1765503696390{border-top-width: 3px !important;padding-top: 13px !important;padding-right: 13px !important;padding-bottom: 0px !important;padding-left: 13px !important;background-color: #eeeeee !important;}&#8220; el_class=&#8220;small-text&#8220;]<\/p>\n<h5 style=\"text-align: left;\"><strong>PROFESSIONELLE L\u00d6SUNG<\/strong><\/h5>\n<p class=\"ds-markdown-paragraph\">Wir bieten ein umfassendes Portfolio an Agenturservices, einschlie\u00dflich der Planung und Umsetzung einer ganzheitlichen Solarl\u00f6sung f\u00fcr Ihr Geb\u00e4ude, die darauf abzielt, die Energieeffizienz zu maximieren und den Verbrauch zu reduzieren.<\/p>\n<p class=\"ds-markdown-paragraph\">Als sowohl Anbieter als auch vertrauensw\u00fcrdiger Partner stehen Ihnen unsere Teams in China und Deutschland stets zur Seite, um Sie zu unterst\u00fctzen und Ihre vollst\u00e4ndige Zufriedenheit sicherzustellen.<\/p>\n<p>[\/vc_column_text][\/vc_column][vc_column width=&#8220;1\/3&#8243;][vc_single_image image=&#8220;9571&#8243; img_size=&#8220;400&#215;310&#8243; css=&#8220;.vc_custom_1758091933335{margin-bottom: -8px !important;background-image: url(https:\/\/ecosolarcarport.com\/wp-content\/uploads\/2025\/09\/4.jpg?id=9571) !important;}&#8220; el_class=&#8220;post-content img&#8220;][vc_column_text css_animation=&#8220;fadeIn&#8220; css=&#8220;.vc_custom_1765503726173{border-top-width: 3px !important;padding-top: 13px !important;padding-right: 13px !important;padding-bottom: 0px !important;padding-left: 13px !important;background-color: #eeeeee !important;}&#8220; el_class=&#8220;small-text&#8220;]<\/p>\n<h5 style=\"text-align: left;\"><strong>DESIGN-TEAM<\/strong><\/h5>\n<p class=\"ds-markdown-paragraph\">Unser hochqualifiziertes Designteam verf\u00fcgt \u00fcber umfangreiche Erfahrung in der Umsetzung ma\u00dfgeschneiderter L\u00f6sungen, um den individuellen Bed\u00fcrfnissen jedes Kunden gerecht zu werden.<\/p>\n<p class=\"ds-markdown-paragraph\">Alles, was Sie beisteuern m\u00fcssen, ist eine Idee, eine Skizze oder eine Vorstellung vom gew\u00fcnschten Ergebnis. Unser Expertenteam \u00fcbernimmt jeden Aspekt des Prozesses \u2013 von der anf\u00e4nglichen Konzeptentwicklung bis hin zur finalen Produktherstellung.<\/p>\n<p>[\/vc_column_text][\/vc_column][vc_column width=&#8220;1\/3&#8243;][vc_single_image image=&#8220;9489&#8243; img_size=&#8220;400&#215;310&#8243; css=&#8220;.vc_custom_1758077689684{margin-bottom: -8px !important;}&#8220; el_class=&#8220;post-content img&#8220;][vc_column_text css_animation=&#8220;fadeIn&#8220; css=&#8220;.vc_custom_1765503799907{border-top-width: 3px !important;padding-top: 13px !important;padding-right: 13px !important;padding-bottom: 0px !important;padding-left: 13px !important;background-color: #eeeeee !important;}&#8220; el_class=&#8220;small-text&#8220;]<\/p>\n<h5 class=\"ds-markdown-paragraph\"><strong>LOGISTIKDIENSTLEISTUNGEN<\/strong><\/h5>\n<div class=\"head-service small-head text-left\">\n<p class=\"ds-markdown-paragraph\">Unsere Logistikdienstleistungen bieten mehrere Transportoptionen, darunter DPD, GLS, UPS, DHL und mehr, und gew\u00e4hrleisten so eine zuverl\u00e4ssige Zustellung in ganz Europa.<\/p>\n<p class=\"ds-markdown-paragraph\">Zudem erm\u00f6glichen unsere Containerlieferungen von China nach Deutschland, die alle zwei Wochen stattfinden, sowohl kosteng\u00fcnstige als auch beschleunigte Lieferungen f\u00fcr unsere Kunden.<\/p>\n<\/div>\n<p>[\/vc_column_text][\/vc_column][\/vc_row][vc_row css=&#8220;.vc_custom_1758074690381{margin-top: 30px !important;}&#8220;][vc_column width=&#8220;1\/3&#8243;][vc_single_image image=&#8220;9494&#8243; img_size=&#8220;400&#215;310&#8243; css=&#8220;.vc_custom_1758077695074{margin-bottom: -8px !important;}&#8220; el_class=&#8220;post-content img&#8220;][vc_column_text css_animation=&#8220;fadeIn&#8220; css=&#8220;.vc_custom_1765503851307{border-top-width: 3px !important;padding-top: 13px !important;padding-right: 13px !important;padding-bottom: 0px !important;padding-left: 13px !important;background-color: #eeeeee !important;}&#8220; el_class=&#8220;small-text&#8220;]<\/p>\n<h5 class=\"ds-markdown-paragraph\"><strong>VOR-ORT-INSTALLATIONSSERVICE<\/strong><\/h5>\n<div class=\"head-service small-head text-left\">\n<p>Wir bieten Vor-Ort-Installationsdienstleistungen an. Ein Rundum-Service von Kauf, Installation bis zum After-Sales macht Kunden sorgenfrei, steigert die Effizienz und spart Kosten.<\/p>\n<\/div>\n<p>[\/vc_column_text][\/vc_column][vc_column width=&#8220;1\/3&#8243;][vc_single_image image=&#8220;9499&#8243; img_size=&#8220;400&#215;310&#8243; css=&#8220;.vc_custom_1758077700020{margin-bottom: -8px !important;}&#8220; el_class=&#8220;post-content img&#8220;][vc_column_text css_animation=&#8220;fadeIn&#8220; css=&#8220;.vc_custom_1765504059367{border-top-width: 3px !important;padding-top: 13px !important;padding-right: 13px !important;padding-bottom: 0px !important;padding-left: 13px !important;background-color: #eeeeee !important;}&#8220; el_class=&#8220;small-text&#8220;]<\/p>\n<h5><strong>SKD-DIENSTLEISTUNGEN<\/strong><\/h5>\n<div class=\"head-service small-head text-left\">\n<p class=\"ds-markdown-paragraph\">Unsere deutsche Niederlassung bietet umfassende Montage- und Anpassungsdienste f\u00fcr Halbfertigprodukte an, inklusive Kundenindividualisierung, Reparatur und Qualit\u00e4tspr\u00fcfungen. Dank modularer Bauweise lassen sich unsere Produkte durch verschiedene Zubeh\u00f6rteile flexibel anpassen. Durch lokale Rekonstruktionsm\u00f6glichkeiten garantieren wir schnelle und pr\u00e4zise Auftragsabwicklung f\u00fcr unsere Kunden.<\/p>\n<\/div>\n<p>[\/vc_column_text][\/vc_column][vc_column width=&#8220;1\/3&#8243;][vc_single_image image=&#8220;9504&#8243; img_size=&#8220;400&#215;310&#8243; css=&#8220;.vc_custom_1758077706132{margin-bottom: -8px !important;}&#8220; el_class=&#8220;post-content img&#8220;][vc_column_text css_animation=&#8220;fadeIn&#8220; css=&#8220;.vc_custom_1765503919641{border-top-width: 3px !important;padding-top: 13px !important;padding-right: 13px !important;padding-bottom: 0px !important;padding-left: 13px !important;background-color: #eeeeee !important;}&#8220; el_class=&#8220;small-text&#8220;]<\/p>\n<h5><strong>H\u00c4NDLERSERVICE<\/strong><\/h5>\n<div class=\"head-service small-head text-left\">\n<p class=\"ds-markdown-paragraph\">Wir bieten ma\u00dfgeschneiderte Virtual-Reality-Ausstellungen mit der Option an, ein pers\u00f6nliches Logo hinzuzuf\u00fcgen oder ganz auf ein Logo zu verzichten. Dar\u00fcber hinaus bietet unser Team individuelle Unterst\u00fctzung bei der Erstellung von ma\u00dfgeschneiderten 360-Grad-Ausstellungshallen, die auf Ihre spezifischen Bed\u00fcrfnisse zugeschnitten sind.<\/p>\n<p class=\"ds-markdown-paragraph\">Als sowohl Anbieter als auch vertrauensw\u00fcrdiger Partner stehen Ihnen unsere Teams in China und Deutschland stets zur Seite, um Sie zu unterst\u00fctzen und Ihre vollst\u00e4ndige Zufriedenheit sicherzustellen.<\/p>\n<\/div>\n<p>[\/vc_column_text][\/vc_column][\/vc_row][vc_row css=&#8220;.vc_custom_1758076998011{margin-top: 30px !important;margin-bottom: 30px !important;}&#8220;][vc_column][\/vc_column][\/vc_row]<\/p>\n","protected":false},"excerpt":{"rendered":"<p>[vc_section full_width=&#8220;stretch_row&#8220; content_placement=&#8220;bottom&#8220; css=&#8220;.vc_custom_1758077996536{margin-bottom: 20px !important;padding-top: 150px !important;padding-bottom: 90px !important;background-image: url(https:\/\/ecosolarcarport.com\/wp-content\/uploads\/2025\/09\/pexels-jan-van-bizar-12224996-1.jpg?id=9539) !important;background-position: center !important;background-repeat: no-repeat !important;background-size: cover !important;}&#8220;][vc_row content_placement=&#8220;middle&#8220;][vc_column offset=&#8220;vc_col-lg-offset-0 vc_col-md-offset-0 vc_col-sm-offset-0&#8243;][\/vc_column][\/vc_row][\/vc_section][vc_row css=&#8220;.vc_custom_1758077911822{margin-top: 100px !important;}&#8220;][vc_column width=&#8220;1\/3&#8243;][vc_single_image image=&#8220;9482&#8243; img_size=&#8220;400&#215;310&#8243; css=&#8220;.vc_custom_1758077190493{margin-bottom: -8px !important;}&#8220; el_class=&#8220;post-content img&#8220;][vc_column_text css_animation=&#8220;fadeIn&#8220; css=&#8220;.vc_custom_1765503696390{border-top-width: 3px !important;padding-top: 13px !important;padding-right: 13px !important;padding-bottom: 0px !important;padding-left: 13px !important;background-color: #eeeeee !important;}&#8220; el_class=&#8220;small-text&#8220;] PROFESSIONELLE L\u00d6SUNG Wir bieten ein umfassendes Portfolio<span class=\"screen-reader-text\"><a href=\"https:\/\/ecosolarcarport.com\/de\/dienstleistungen\/\" rel=\"nofollow\">[&#8230;]<\/a><\/span><\/p>\n","protected":false},"author":1,"featured_media":0,"parent":0,"menu_order":0,"comment_status":"closed","ping_status":"closed","template":"page-builder.php","meta":{"om_disable_all_campaigns":false,"_monsterinsights_skip_tracking":false,"_monsterinsights_sitenote_active":false,"_monsterinsights_sitenote_note":"","_monsterinsights_sitenote_category":0,"footnotes":""},"class_list":["post-4427","page","type-page","status-publish","hentry"],"acf":[],"yoast_head":"<!-- This site is optimized with the Yoast SEO plugin v27.1.1 - https:\/\/yoast.com\/product\/yoast-seo-wordpress\/ -->\n<title>DIENSTLEISTUNGEN - ecosolarcarport<\/title>\n<meta name=\"robots\" content=\"index, follow, max-snippet:-1, max-image-preview:large, max-video-preview:-1\" \/>\n<link rel=\"canonical\" href=\"https:\/\/ecosolarcarport.com\/de\/dienstleistungen\/\" \/>\n<meta property=\"og:locale\" content=\"de_DE\" \/>\n<meta property=\"og:type\" content=\"article\" \/>\n<meta property=\"og:title\" content=\"DIENSTLEISTUNGEN - ecosolarcarport\" \/>\n<meta property=\"og:description\" content=\"[vc_section full_width=&#8220;stretch_row&#8220; content_placement=&#8220;bottom&#8220; css=&#8220;.vc_custom_1758077996536{margin-bottom: 20px !important;padding-top: 150px !important;padding-bottom: 90px !important;background-image: url(https:\/\/ecosolarcarport.com\/wp-content\/uploads\/2025\/09\/pexels-jan-van-bizar-12224996-1.jpg?id=9539) !important;background-position: center !important;background-repeat: no-repeat !important;background-size: cover !important;}&#8220;][vc_row content_placement=&#8220;middle&#8220;][vc_column offset=&#8220;vc_col-lg-offset-0 vc_col-md-offset-0 vc_col-sm-offset-0&#8243;][\/vc_column][\/vc_row][\/vc_section][vc_row css=&#8220;.vc_custom_1758077911822{margin-top: 100px !important;}&#8220;][vc_column width=&#8220;1\/3&#8243;][vc_single_image image=&#8220;9482&#8243; img_size=&#8220;400&#215;310&#8243; css=&#8220;.vc_custom_1758077190493{margin-bottom: -8px !important;}&#8220; el_class=&#8220;post-content img&#8220;][vc_column_text css_animation=&#8220;fadeIn&#8220; css=&#8220;.vc_custom_1765503696390{border-top-width: 3px !important;padding-top: 13px !important;padding-right: 13px !important;padding-bottom: 0px !important;padding-left: 13px !important;background-color: #eeeeee !important;}&#8220; el_class=&#8220;small-text&#8220;] PROFESSIONELLE L\u00d6SUNG Wir bieten ein umfassendes Portfolio[...]\" \/>\n<meta property=\"og:url\" content=\"https:\/\/ecosolarcarport.com\/de\/dienstleistungen\/\" \/>\n<meta property=\"og:site_name\" content=\"ecosolarcarport\" \/>\n<meta property=\"article:publisher\" content=\"https:\/\/www.facebook.com\/Ecosolarcarport\" \/>\n<meta property=\"article:modified_time\" content=\"2025-12-12T08:01:09+00:00\" \/>\n<meta name=\"twitter:card\" content=\"summary_large_image\" \/>\n<meta name=\"twitter:label1\" content=\"Gesch\u00e4tzte Lesezeit\" \/>\n\t<meta name=\"twitter:data1\" content=\"4\u00a0Minuten\" \/>\n<script type=\"application\/ld+json\" class=\"yoast-schema-graph\">{\"@context\":\"https:\/\/schema.org\",\"@graph\":[{\"@type\":\"WebPage\",\"@id\":\"https:\/\/ecosolarcarport.com\/de\/dienstleistungen\/\",\"url\":\"https:\/\/ecosolarcarport.com\/de\/dienstleistungen\/\",\"name\":\"DIENSTLEISTUNGEN - ecosolarcarport\",\"isPartOf\":{\"@id\":\"https:\/\/ecosolarcarport.com\/de\/#website\"},\"datePublished\":\"2018-04-20T21:19:19+00:00\",\"dateModified\":\"2025-12-12T08:01:09+00:00\",\"breadcrumb\":{\"@id\":\"https:\/\/ecosolarcarport.com\/de\/dienstleistungen\/#breadcrumb\"},\"inLanguage\":\"de\",\"potentialAction\":[{\"@type\":\"ReadAction\",\"target\":[\"https:\/\/ecosolarcarport.com\/de\/dienstleistungen\/\"]}]},{\"@type\":\"BreadcrumbList\",\"@id\":\"https:\/\/ecosolarcarport.com\/de\/dienstleistungen\/#breadcrumb\",\"itemListElement\":[{\"@type\":\"ListItem\",\"position\":1,\"name\":\"\u9996\u9875\",\"item\":\"https:\/\/ecosolarcarport.com\/de\/\"},{\"@type\":\"ListItem\",\"position\":2,\"name\":\"Services\"}]},{\"@type\":\"WebSite\",\"@id\":\"https:\/\/ecosolarcarport.com\/de\/#website\",\"url\":\"https:\/\/ecosolarcarport.com\/de\/\",\"name\":\"ecosolarcarport\",\"description\":\"\",\"publisher\":{\"@id\":\"https:\/\/ecosolarcarport.com\/de\/#organization\"},\"potentialAction\":[{\"@type\":\"SearchAction\",\"target\":{\"@type\":\"EntryPoint\",\"urlTemplate\":\"https:\/\/ecosolarcarport.com\/de\/?s={search_term_string}\"},\"query-input\":{\"@type\":\"PropertyValueSpecification\",\"valueRequired\":true,\"valueName\":\"search_term_string\"}}],\"inLanguage\":\"de\"},{\"@type\":\"Organization\",\"@id\":\"https:\/\/ecosolarcarport.com\/de\/#organization\",\"name\":\"ecosolarcarport\",\"url\":\"https:\/\/ecosolarcarport.com\/de\/\",\"logo\":{\"@type\":\"ImageObject\",\"inLanguage\":\"de\",\"@id\":\"https:\/\/ecosolarcarport.com\/de\/#\/schema\/logo\/image\/\",\"url\":\"https:\/\/ecosolarcarport.com\/wp-content\/uploads\/2026\/03\/Ecosolarcarport.jpg\",\"contentUrl\":\"https:\/\/ecosolarcarport.com\/wp-content\/uploads\/2026\/03\/Ecosolarcarport.jpg\",\"width\":696,\"height\":696,\"caption\":\"ecosolarcarport\"},\"image\":{\"@id\":\"https:\/\/ecosolarcarport.com\/de\/#\/schema\/logo\/image\/\"},\"sameAs\":[\"https:\/\/www.facebook.com\/Ecosolarcarport\"]}]}<\/script>\n<!-- \/ Yoast SEO plugin. -->","yoast_head_json":{"title":"DIENSTLEISTUNGEN - ecosolarcarport","robots":{"index":"index","follow":"follow","max-snippet":"max-snippet:-1","max-image-preview":"max-image-preview:large","max-video-preview":"max-video-preview:-1"},"canonical":"https:\/\/ecosolarcarport.com\/de\/dienstleistungen\/","og_locale":"de_DE","og_type":"article","og_title":"DIENSTLEISTUNGEN - ecosolarcarport","og_description":"[vc_section full_width=&#8220;stretch_row&#8220; content_placement=&#8220;bottom&#8220; css=&#8220;.vc_custom_1758077996536{margin-bottom: 20px !important;padding-top: 150px !important;padding-bottom: 90px !important;background-image: url(https:\/\/ecosolarcarport.com\/wp-content\/uploads\/2025\/09\/pexels-jan-van-bizar-12224996-1.jpg?id=9539) !important;background-position: center !important;background-repeat: no-repeat !important;background-size: cover !important;}&#8220;][vc_row content_placement=&#8220;middle&#8220;][vc_column offset=&#8220;vc_col-lg-offset-0 vc_col-md-offset-0 vc_col-sm-offset-0&#8243;][\/vc_column][\/vc_row][\/vc_section][vc_row css=&#8220;.vc_custom_1758077911822{margin-top: 100px !important;}&#8220;][vc_column width=&#8220;1\/3&#8243;][vc_single_image image=&#8220;9482&#8243; img_size=&#8220;400&#215;310&#8243; css=&#8220;.vc_custom_1758077190493{margin-bottom: -8px !important;}&#8220; el_class=&#8220;post-content img&#8220;][vc_column_text css_animation=&#8220;fadeIn&#8220; css=&#8220;.vc_custom_1765503696390{border-top-width: 3px !important;padding-top: 13px !important;padding-right: 13px !important;padding-bottom: 0px !important;padding-left: 13px !important;background-color: #eeeeee !important;}&#8220; el_class=&#8220;small-text&#8220;] PROFESSIONELLE L\u00d6SUNG Wir bieten ein umfassendes Portfolio[...]","og_url":"https:\/\/ecosolarcarport.com\/de\/dienstleistungen\/","og_site_name":"ecosolarcarport","article_publisher":"https:\/\/www.facebook.com\/Ecosolarcarport","article_modified_time":"2025-12-12T08:01:09+00:00","twitter_card":"summary_large_image","twitter_misc":{"Gesch\u00e4tzte Lesezeit":"4\u00a0Minuten"},"schema":{"@context":"https:\/\/schema.org","@graph":[{"@type":"WebPage","@id":"https:\/\/ecosolarcarport.com\/de\/dienstleistungen\/","url":"https:\/\/ecosolarcarport.com\/de\/dienstleistungen\/","name":"DIENSTLEISTUNGEN - ecosolarcarport","isPartOf":{"@id":"https:\/\/ecosolarcarport.com\/de\/#website"},"datePublished":"2018-04-20T21:19:19+00:00","dateModified":"2025-12-12T08:01:09+00:00","breadcrumb":{"@id":"https:\/\/ecosolarcarport.com\/de\/dienstleistungen\/#breadcrumb"},"inLanguage":"de","potentialAction":[{"@type":"ReadAction","target":["https:\/\/ecosolarcarport.com\/de\/dienstleistungen\/"]}]},{"@type":"BreadcrumbList","@id":"https:\/\/ecosolarcarport.com\/de\/dienstleistungen\/#breadcrumb","itemListElement":[{"@type":"ListItem","position":1,"name":"\u9996\u9875","item":"https:\/\/ecosolarcarport.com\/de\/"},{"@type":"ListItem","position":2,"name":"Services"}]},{"@type":"WebSite","@id":"https:\/\/ecosolarcarport.com\/de\/#website","url":"https:\/\/ecosolarcarport.com\/de\/","name":"ecosolarcarport","description":"","publisher":{"@id":"https:\/\/ecosolarcarport.com\/de\/#organization"},"potentialAction":[{"@type":"SearchAction","target":{"@type":"EntryPoint","urlTemplate":"https:\/\/ecosolarcarport.com\/de\/?s={search_term_string}"},"query-input":{"@type":"PropertyValueSpecification","valueRequired":true,"valueName":"search_term_string"}}],"inLanguage":"de"},{"@type":"Organization","@id":"https:\/\/ecosolarcarport.com\/de\/#organization","name":"ecosolarcarport","url":"https:\/\/ecosolarcarport.com\/de\/","logo":{"@type":"ImageObject","inLanguage":"de","@id":"https:\/\/ecosolarcarport.com\/de\/#\/schema\/logo\/image\/","url":"https:\/\/ecosolarcarport.com\/wp-content\/uploads\/2026\/03\/Ecosolarcarport.jpg","contentUrl":"https:\/\/ecosolarcarport.com\/wp-content\/uploads\/2026\/03\/Ecosolarcarport.jpg","width":696,"height":696,"caption":"ecosolarcarport"},"image":{"@id":"https:\/\/ecosolarcarport.com\/de\/#\/schema\/logo\/image\/"},"sameAs":["https:\/\/www.facebook.com\/Ecosolarcarport"]}]}},"_links":{"self":[{"href":"https:\/\/ecosolarcarport.com\/de\/wp-json\/wp\/v2\/pages\/4427","targetHints":{"allow":["GET"]}}],"collection":[{"href":"https:\/\/ecosolarcarport.com\/de\/wp-json\/wp\/v2\/pages"}],"about":[{"href":"https:\/\/ecosolarcarport.com\/de\/wp-json\/wp\/v2\/types\/page"}],"author":[{"embeddable":true,"href":"https:\/\/ecosolarcarport.com\/de\/wp-json\/wp\/v2\/users\/1"}],"replies":[{"embeddable":true,"href":"https:\/\/ecosolarcarport.com\/de\/wp-json\/wp\/v2\/comments?post=4427"}],"version-history":[{"count":20,"href":"https:\/\/ecosolarcarport.com\/de\/wp-json\/wp\/v2\/pages\/4427\/revisions"}],"predecessor-version":[{"id":11589,"href":"https:\/\/ecosolarcarport.com\/de\/wp-json\/wp\/v2\/pages\/4427\/revisions\/11589"}],"wp:attachment":[{"href":"https:\/\/ecosolarcarport.com\/de\/wp-json\/wp\/v2\/media?parent=4427"}],"curies":[{"name":"wp","href":"https:\/\/api.w.org\/{rel}","templated":true}]}}