{"id":4636,"date":"2018-03-18T10:36:36","date_gmt":"2018-03-18T10:36:36","guid":{"rendered":"http:\/\/laniakeaenergy.com\/about-us\/"},"modified":"2026-04-01T03:12:27","modified_gmt":"2026-04-01T03:12:27","slug":"solar-carport-hersteller","status":"publish","type":"page","link":"https:\/\/ecosolarcarport.com\/de\/solar-carport-hersteller\/","title":{"rendered":"\u00dcber uns"},"content":{"rendered":"<p>[vc_section full_width=&#8220;stretch_row&#8220; content_placement=&#8220;bottom&#8220; css=&#8220;.vc_custom_1757983446537{padding-top: 150px !important;padding-bottom: 90px !important;background-image: url(https:\/\/ecosolarcarport.com\/wp-content\/uploads\/2025\/06\/\u573a\u666f\u6807\u51c6\u6b3e\u53cc\u8f66\u4f4d1-1.jpg?id=9097) !important;background-position: center !important;background-repeat: no-repeat !important;background-size: cover !important;}&#8220;][vc_row content_placement=&#8220;middle&#8220;][vc_column width=&#8220;1\/2&#8243;]<div style=\"margin:0 0 30px 0;\" class=\"heading-title  al-left\" id=\"alian4x_el_69d059b552fa1\"><h3 style=\"color:#ffffff;\" class=\"al-headitg-title al-parallax\">\u00dcber <span class=\"span\">uns<\/span><\/h3><span  class=\"al-line-title\"><\/span><div style=\"color:#ffffff;\" class=\"al-subtitle\">Suchen Sie nach ma\u00dfgeschneiderten Aluminium-Solar-Carports? Ecosolarcarport kombiniert direkte Fabrikpreise aus China mit Lagerbestand in Deutschland, um dauerhafte, CE\/Statik-zertifizierte Solar-Parkl\u00f6sungen in ganz Europa zu liefern. Egal, ob Sie ein privates System oder eine gro\u00dfe gewerbliche Installation ben\u00f6tigen \u2013 wir bieten ma\u00dfgeschneiderte Aluminium-Designs mit schneller Lieferung und voller technischer Compliance. Fordern Sie noch heute Ihr kostenloses Angebot an.<\/div><\/div>[\/vc_column][vc_column width=&#8220;1\/2&#8243;]\n    <div style=\"color:#ffffff;\"  class=\"alx-breadcrumbs\" >\n\n        <nav class=\"alx-breadcrumbs\"><span><a href=\"https:\/\/ecosolarcarport.com\/de\/\"><span>Home<\/span><\/a><\/span> <span class=\"sep\">\/<\/span> <span class=\"current\">Seiten<\/span><\/nav>\n    <\/div>\n\n    [\/vc_column][\/vc_row][\/vc_section][vc_row css=&#8220;.vc_custom_1676995152882{padding-top: 85px !important;padding-bottom: 65px !important;}&#8220;][vc_column width=&#8220;1\/3&#8243;]<div class=\"item-about\"><div class=\"icon\"><i  class=\"pe-7s-plane\"><\/i> <div class=\"bg-icon\"><i  class=\"pe-7s-plane\"><\/i><\/div><\/div><div class=\"content\"><h3 >Schnelle <span class=\"span\">Lieferung<\/span><\/h3> [vc_column_text]Die Waren\/Produkte werden aus unserem Lager in Deutschland geliefert, um eine schnelle Lieferung zu gew\u00e4hrleisten.[\/vc_column_text]<\/div><\/div>[\/vc_column][vc_column width=&#8220;1\/3&#8243;]<div class=\"item-about\"><div class=\"icon\"><i  class=\"pe-7s-cart\"><\/i> <div class=\"bg-icon\"><i  class=\"pe-7s-cart\"><\/i><\/div><\/div><div class=\"content\"><h3 >Wettbewerbsf\u00e4hige <span class=\"span\">Kosten<\/span><\/h3> [vc_column_text]Wir bieten wettbewerbsf\u00e4hige Preise f\u00fcr Halterungen, die in unserer eigenen Werkstatt hergestellt werden.[\/vc_column_text]<\/div><\/div>[\/vc_column][vc_column width=&#8220;1\/3&#8243;]<div class=\"item-about\"><div class=\"icon\"><i  class=\"pe-7s-add-user\"><\/i> <div class=\"bg-icon\"><i  class=\"pe-7s-add-user\"><\/i><\/div><\/div><div class=\"content\"><h3 ><span class=\"span\">Agenturservices<\/span><\/h3> [vc_column_text]Alle Produktprofile und technischen Informationen sind f\u00fcr Sie verf\u00fcgbar, und Sie erhalten eine ma\u00dfgeschneiderte Website und einen Showroom. Sollten Sie Hilfe ben\u00f6tigen, stehen wir Ihnen jederzeit zur Verf\u00fcgung.[\/vc_column_text]<\/div><\/div>[\/vc_column][\/vc_row][vc_section full_width=&#8220;stretch_row_content&#8220; content_placement=&#8220;middle&#8220; css=&#8220;.vc_custom_1524759113273{padding-top: 0px !important;padding-bottom: 0px !important;background-image: url(http:\/\/kanter.fidex.com.ua\/wp-content\/uploads\/2018\/04\/david-cohen-556960-unsplashwhite.jpg?id=1786) !important;}&#8220;][vc_row full_height=&#8220;yes&#8220; equal_height=&#8220;yes&#8220; content_placement=&#8220;middle&#8220;][vc_column width=&#8220;1\/2&#8243; css=&#8220;.vc_custom_1676996231211{padding-top: 180px !important;padding-bottom: 180px !important;background-position: center !important;background-repeat: no-repeat !important;background-size: contain !important;}&#8220;][vc_single_image image=&#8220;8892&#8243; img_size=&#8220;large&#8220; alignment=&#8220;center&#8220;][\/vc_column][vc_column width=&#8220;1\/2&#8243;][vc_row_inner][vc_column_inner width=&#8220;1\/6&#8243;][\/vc_column_inner][vc_column_inner width=&#8220;2\/3&#8243;]<div style=\"margin:50px 0 50px 0;\" class=\"heading-title  al-left\" id=\"alian4x_el_69d059b553260\"><h4 style=\"\" class=\"al-headitg-title al-parallax\">Wer wir <span class=\"span\">sind<\/span><\/h4><span  class=\"al-line-title\"><\/span><div  class=\"al-subtitle\">Ecosolarcarport wurde 2006 gegr\u00fcndet und ist ein f\u00fchrender Spezialist f\u00fcr nachhaltige Solarinfrastruktur. Mit unseren fortschrittlichen Produktionsanlagen in China und einer strategischen Niederlassung mit Lager in Deutschland bieten wir die ideale Kombination aus Direktpreisen ab Werk und lokalem europ\u00e4ischem Support.<\/p>\n<p>Wir sind auf die Entwicklung und Herstellung hochwertiger Solar-Carports aus Aluminium sowie PV-Montagesysteme spezialisiert. Unsere Produktpalette umfasst Solarparkl\u00f6sungen f\u00fcr Privathaushalte, Dachmontagesysteme und Freilandanlagen \u2013 alle auf Langlebigkeit ausgelegt und in voller \u00dcbereinstimmung mit den CE- und Statik-Standards.<\/p>\n<p>Mit \u00fcber 18 Jahren Branchenerfahrung liefert Ecosolarcarport innovative, ma\u00dfgeschneiderte Designs, die auf die spezifischen Anforderungen des europ\u00e4ischen Marktes zugeschnitten sind. Unsere Logistik in Deutschland gew\u00e4hrleistet eine schnelle und zuverl\u00e4ssige Lieferung innerhalb der EU und bietet unseren Kunden einen reibungslosen Zugang zu leistungsstarken Solarstrukturen.<\/div><\/div>[\/vc_column_inner][vc_column_inner width=&#8220;1\/6&#8243;][\/vc_column_inner][\/vc_row_inner][\/vc_column][\/vc_row][vc_row full_height=&#8220;yes&#8220; equal_height=&#8220;yes&#8220; content_placement=&#8220;middle&#8220;][vc_column width=&#8220;1\/2&#8243;][vc_row_inner][vc_column_inner width=&#8220;1\/6&#8243;][\/vc_column_inner][vc_column_inner width=&#8220;2\/3&#8243;]<div style=\"margin:50px 0 50px 0;\" class=\"heading-title  al-left\" id=\"alian4x_el_69d059b553276\"><h4 style=\"\" class=\"al-headitg-title al-parallax\">Warum Sie uns <span class=\"span\">w\u00e4hlen sollten<\/span><\/h4><span  class=\"al-line-title\"><\/span><div  class=\"al-subtitle\">\u25cf Wettbewerbsf\u00e4hige Kosten und verl\u00e4ssliche Qualit\u00e4t: Die konkurrenzf\u00e4higsten Produkte aus unserem Werk helfen Ihnen, Projekte zu gewinnen \u2013 mit verl\u00e4sslicher Qualit\u00e4t, die die Zuverl\u00e4ssigkeit garantiert.<br \/>\n\u25cf Einfache Zusammenarbeit: Wir sprechen ausgezeichnetes Englisch und Deutsch, kennen die Branche sehr gut und sind absolut kundenorientiert.<br \/>\n\u25cf Lager in Deutschland: Reduzieren Sie Ihren Liquidit\u00e4tsdruck bei der Lagerhaltung, und erhalten Sie Produkte stets zum gew\u00fcnschten Zeitpunkt.<br \/>\n\u25cf Erfahrenes Ingenieur- &amp; Designteam: Wir bieten Ihnen nicht nur ben\u00f6tigte und innovative L\u00f6sungen, sondern auch Werbematerial f\u00fcr Ihr Marketing.<br \/>\n\u25cf Vor-Ort-Installationsservice: Ein Rundum-Service vom Kauf \u00fcber die Installation bis zum After-Sales macht Kunden sorgenfrei, steigert die Effizienz und spart Kosten.<\/div><\/div>[\/vc_column_inner][vc_column_inner width=&#8220;1\/6&#8243;][\/vc_column_inner][\/vc_row_inner][\/vc_column][vc_column width=&#8220;1\/2&#8243; css=&#8220;.vc_custom_1676996231211{padding-top: 180px !important;padding-bottom: 180px !important;background-position: center !important;background-repeat: no-repeat !important;background-size: contain !important;}&#8220;][vc_single_image image=&#8220;7817&#8243; img_size=&#8220;large&#8220; alignment=&#8220;center&#8220;][\/vc_column][\/vc_row][vc_row full_height=&#8220;yes&#8220; equal_height=&#8220;yes&#8220; content_placement=&#8220;middle&#8220;][vc_column width=&#8220;1\/2&#8243;][vc_single_image image=&#8220;9403&#8243; img_size=&#8220;large&#8220; alignment=&#8220;center&#8220;][\/vc_column][vc_column width=&#8220;1\/2&#8243; css=&#8220;.vc_custom_1676996231211{padding-top: 180px !important;padding-bottom: 180px !important;background-position: center !important;background-repeat: no-repeat !important;background-size: contain !important;}&#8220;][vc_row_inner][vc_column_inner width=&#8220;1\/6&#8243;][\/vc_column_inner][vc_column_inner width=&#8220;2\/3&#8243;]<div style=\"margin:50px 0 50px 0;\" class=\"heading-title  al-left\" id=\"alian4x_el_69d059b55328a\"><h4 style=\"\" class=\"al-headitg-title al-parallax\">Wie Sie mit uns <span class=\"span\">zusammenarbeiten k\u00f6nnen<\/span><\/h4><span  class=\"al-line-title\"><\/span><div  class=\"al-subtitle\">\u25cf Gestatten Sie uns, Ihnen als Ihr Wegweiser, Assistent und Partner in der neuen Energiewirtschaft zu dienen.<br \/>\n\u25cf Unser Ziel ist es, ein Vertriebsnetzwerk aufzubauen und unsere Vertriebskan\u00e4le zu diversifizieren, um sicherzustellen, dass Endkunden die richtigen Produkte und aufmerksame Dienstleistungen erhalten.<br \/>\n\u25cf S\u00e4mtliche Produktinformationen, inklusive Profile, Produktbeschreibungen, technische Datenbl\u00e4tter und Installationshandb\u00fccher, stehen Ihnen zur Verf\u00fcgung, zusammen mit einer ma\u00dfgeschneiderten Website und einem virtuellen Showroom. Unser Team ist stets f\u00fcr Sie da, um jegliche Unterst\u00fctzung zu bieten, die Sie ben\u00f6tigen.<\/div><\/div>[\/vc_column_inner][vc_column_inner width=&#8220;1\/6&#8243;][\/vc_column_inner][\/vc_row_inner][\/vc_column][\/vc_row][\/vc_section][vc_row full_width=&#8220;stretch_row&#8220; css=&#8220;.vc_custom_1524760440628{padding-top: 80px !important;padding-bottom: 80px !important;background-image: url(http:\/\/kanter.fidex.com.ua\/wp-content\/uploads\/2018\/04\/darkk.jpg?id=1783) !important;background-position: center !important;background-repeat: no-repeat !important;background-size: cover !important;}&#8220;][vc_column css=&#8220;.vc_custom_1520161734914{padding-top: 0px !important;}&#8220;]<div style=\"margin:0 0 35px 0;\" class=\"heading-title  al-center\" id=\"alian4x_el_69d059b55329b\"><h4 style=\"color:#ffffff;\" class=\"al-headitg-title al-parallax\">STARTEN SIE <span class=\"span\"> EIN PROJEKT? <span><\/h4><div style=\"color:#ffffff;\" class=\"al-subtitle\">Unser technisches Expertenteam unterst\u00fctzt Sie gerne bei Ihrem Solarprojekt. Kontaktieren Sie uns noch heute.<\/div><\/div>\n    <div style=\"\" class=\"buttons-section center\">\n        <a style=\"\" href=\"https:\/\/ecosolarcarport.com\/contact-us\/\" target =\"_self\" class=\"btn btn-blue\" id=\"alian4x_el_69d059b5532f2\">EIN GESPR\u00c4CH BEGINNEN<\/a>    <\/div>\n\n    [\/vc_column][\/vc_row]<\/p>\n","protected":false},"excerpt":{"rendered":"<p>[vc_section full_width=&#8220;stretch_row&#8220; content_placement=&#8220;bottom&#8220; css=&#8220;.vc_custom_1757983446537{padding-top: 150px !important;padding-bottom: 90px !important;background-image: url(https:\/\/ecosolarcarport.com\/wp-content\/uploads\/2025\/06\/\u573a\u666f\u6807\u51c6\u6b3e\u53cc\u8f66\u4f4d1-1.jpg?id=9097) !important;background-position: center !important;background-repeat: no-repeat !important;background-size: cover !important;}&#8220;][vc_row content_placement=&#8220;middle&#8220;][vc_column width=&#8220;1\/2&#8243;][\/vc_column][vc_column width=&#8220;1\/2&#8243;][\/vc_column][\/vc_row][\/vc_section][vc_row css=&#8220;.vc_custom_1676995152882{padding-top: 85px !important;padding-bottom: 65px !important;}&#8220;][vc_column width=&#8220;1\/3&#8243;][\/vc_column][vc_column width=&#8220;1\/3&#8243;][\/vc_column][vc_column width=&#8220;1\/3&#8243;][\/vc_column][\/vc_row][vc_section full_width=&#8220;stretch_row_content&#8220; content_placement=&#8220;middle&#8220; css=&#8220;.vc_custom_1524759113273{padding-top: 0px !important;padding-bottom: 0px !important;background-image: url(http:\/\/kanter.fidex.com.ua\/wp-content\/uploads\/2018\/04\/david-cohen-556960-unsplashwhite.jpg?id=1786) !important;}&#8220;][vc_row full_height=&#8220;yes&#8220; equal_height=&#8220;yes&#8220; content_placement=&#8220;middle&#8220;][vc_column width=&#8220;1\/2&#8243; css=&#8220;.vc_custom_1676996231211{padding-top: 180px !important;padding-bottom: 180px !important;background-position: center !important;background-repeat: no-repeat !important;background-size: contain !important;}&#8220;][vc_single_image image=&#8220;8892&#8243; img_size=&#8220;large&#8220; alignment=&#8220;center&#8220;][\/vc_column][vc_column width=&#8220;1\/2&#8243;][vc_row_inner][vc_column_inner<span class=\"screen-reader-text\"><a href=\"https:\/\/ecosolarcarport.com\/de\/solar-carport-hersteller\/\" rel=\"nofollow\">[&#8230;]<\/a><\/span><\/p>\n","protected":false},"author":1,"featured_media":0,"parent":0,"menu_order":0,"comment_status":"closed","ping_status":"closed","template":"page-builder.php","meta":{"om_disable_all_campaigns":false,"_monsterinsights_skip_tracking":false,"_monsterinsights_sitenote_active":false,"_monsterinsights_sitenote_note":"","_monsterinsights_sitenote_category":0,"footnotes":""},"class_list":["post-4636","page","type-page","status-publish","hentry"],"acf":[],"yoast_head":"<!-- This site is optimized with the Yoast SEO plugin v27.1.1 - https:\/\/yoast.com\/product\/yoast-seo-wordpress\/ -->\n<title>Ihr Solar-Carport Hersteller | \u00dcber Uns | Ecosolarcarport<\/title>\n<meta name=\"description\" content=\"Erfahren Sie mehr \u00fcber Ecosolarcarport, Ihren Experten f\u00fcr Solar-Carports aus Aluminium. Wir bieten Direktpreise ab Werk und schnelle Lieferung aus unserem Lager in Deutschland.\" \/>\n<meta name=\"robots\" content=\"index, follow, max-snippet:-1, max-image-preview:large, max-video-preview:-1\" \/>\n<link rel=\"canonical\" href=\"https:\/\/ecosolarcarport.com\/de\/solar-carport-hersteller\/\" \/>\n<meta property=\"og:locale\" content=\"de_DE\" \/>\n<meta property=\"og:type\" content=\"article\" \/>\n<meta property=\"og:title\" content=\"Ihr Solar-Carport Hersteller | \u00dcber Uns | Ecosolarcarport\" \/>\n<meta property=\"og:description\" content=\"Erfahren Sie mehr \u00fcber Ecosolarcarport, Ihren Experten f\u00fcr Solar-Carports aus Aluminium. Wir bieten Direktpreise ab Werk und schnelle Lieferung aus unserem Lager in Deutschland.\" \/>\n<meta property=\"og:url\" content=\"https:\/\/ecosolarcarport.com\/de\/solar-carport-hersteller\/\" \/>\n<meta property=\"og:site_name\" content=\"ecosolarcarport\" \/>\n<meta property=\"article:publisher\" content=\"https:\/\/www.facebook.com\/Ecosolarcarport\" \/>\n<meta property=\"article:modified_time\" content=\"2026-04-01T03:12:27+00:00\" \/>\n<meta name=\"twitter:card\" content=\"summary_large_image\" \/>\n<meta name=\"twitter:label1\" content=\"Gesch\u00e4tzte Lesezeit\" \/>\n\t<meta name=\"twitter:data1\" content=\"5\u00a0Minuten\" \/>\n<script type=\"application\/ld+json\" class=\"yoast-schema-graph\">{\"@context\":\"https:\/\/schema.org\",\"@graph\":[{\"@type\":\"WebPage\",\"@id\":\"https:\/\/ecosolarcarport.com\/de\/solar-carport-hersteller\/\",\"url\":\"https:\/\/ecosolarcarport.com\/de\/solar-carport-hersteller\/\",\"name\":\"Ihr Solar-Carport Hersteller | \u00dcber Uns | Ecosolarcarport\",\"isPartOf\":{\"@id\":\"https:\/\/ecosolarcarport.com\/de\/#website\"},\"datePublished\":\"2018-03-18T10:36:36+00:00\",\"dateModified\":\"2026-04-01T03:12:27+00:00\",\"description\":\"Erfahren Sie mehr \u00fcber Ecosolarcarport, Ihren Experten f\u00fcr Solar-Carports aus Aluminium. Wir bieten Direktpreise ab Werk und schnelle Lieferung aus unserem Lager in Deutschland.\",\"breadcrumb\":{\"@id\":\"https:\/\/ecosolarcarport.com\/de\/solar-carport-hersteller\/#breadcrumb\"},\"inLanguage\":\"de\",\"potentialAction\":[{\"@type\":\"ReadAction\",\"target\":[\"https:\/\/ecosolarcarport.com\/de\/solar-carport-hersteller\/\"]}]},{\"@type\":\"BreadcrumbList\",\"@id\":\"https:\/\/ecosolarcarport.com\/de\/solar-carport-hersteller\/#breadcrumb\",\"itemListElement\":[{\"@type\":\"ListItem\",\"position\":1,\"name\":\"\u9996\u9875\",\"item\":\"https:\/\/ecosolarcarport.com\/de\/\"},{\"@type\":\"ListItem\",\"position\":2,\"name\":\"\u00dcber uns\"}]},{\"@type\":\"WebSite\",\"@id\":\"https:\/\/ecosolarcarport.com\/de\/#website\",\"url\":\"https:\/\/ecosolarcarport.com\/de\/\",\"name\":\"ecosolarcarport\",\"description\":\"\",\"publisher\":{\"@id\":\"https:\/\/ecosolarcarport.com\/de\/#organization\"},\"potentialAction\":[{\"@type\":\"SearchAction\",\"target\":{\"@type\":\"EntryPoint\",\"urlTemplate\":\"https:\/\/ecosolarcarport.com\/de\/?s={search_term_string}\"},\"query-input\":{\"@type\":\"PropertyValueSpecification\",\"valueRequired\":true,\"valueName\":\"search_term_string\"}}],\"inLanguage\":\"de\"},{\"@type\":\"Organization\",\"@id\":\"https:\/\/ecosolarcarport.com\/de\/#organization\",\"name\":\"ecosolarcarport\",\"url\":\"https:\/\/ecosolarcarport.com\/de\/\",\"logo\":{\"@type\":\"ImageObject\",\"inLanguage\":\"de\",\"@id\":\"https:\/\/ecosolarcarport.com\/de\/#\/schema\/logo\/image\/\",\"url\":\"https:\/\/ecosolarcarport.com\/wp-content\/uploads\/2026\/03\/Ecosolarcarport.jpg\",\"contentUrl\":\"https:\/\/ecosolarcarport.com\/wp-content\/uploads\/2026\/03\/Ecosolarcarport.jpg\",\"width\":696,\"height\":696,\"caption\":\"ecosolarcarport\"},\"image\":{\"@id\":\"https:\/\/ecosolarcarport.com\/de\/#\/schema\/logo\/image\/\"},\"sameAs\":[\"https:\/\/www.facebook.com\/Ecosolarcarport\"]}]}<\/script>\n<!-- \/ Yoast SEO plugin. -->","yoast_head_json":{"title":"Ihr Solar-Carport Hersteller | \u00dcber Uns | Ecosolarcarport","description":"Erfahren Sie mehr \u00fcber Ecosolarcarport, Ihren Experten f\u00fcr Solar-Carports aus Aluminium. Wir bieten Direktpreise ab Werk und schnelle Lieferung aus unserem Lager in Deutschland.","robots":{"index":"index","follow":"follow","max-snippet":"max-snippet:-1","max-image-preview":"max-image-preview:large","max-video-preview":"max-video-preview:-1"},"canonical":"https:\/\/ecosolarcarport.com\/de\/solar-carport-hersteller\/","og_locale":"de_DE","og_type":"article","og_title":"Ihr Solar-Carport Hersteller | \u00dcber Uns | Ecosolarcarport","og_description":"Erfahren Sie mehr \u00fcber Ecosolarcarport, Ihren Experten f\u00fcr Solar-Carports aus Aluminium. Wir bieten Direktpreise ab Werk und schnelle Lieferung aus unserem Lager in Deutschland.","og_url":"https:\/\/ecosolarcarport.com\/de\/solar-carport-hersteller\/","og_site_name":"ecosolarcarport","article_publisher":"https:\/\/www.facebook.com\/Ecosolarcarport","article_modified_time":"2026-04-01T03:12:27+00:00","twitter_card":"summary_large_image","twitter_misc":{"Gesch\u00e4tzte Lesezeit":"5\u00a0Minuten"},"schema":{"@context":"https:\/\/schema.org","@graph":[{"@type":"WebPage","@id":"https:\/\/ecosolarcarport.com\/de\/solar-carport-hersteller\/","url":"https:\/\/ecosolarcarport.com\/de\/solar-carport-hersteller\/","name":"Ihr Solar-Carport Hersteller | \u00dcber Uns | Ecosolarcarport","isPartOf":{"@id":"https:\/\/ecosolarcarport.com\/de\/#website"},"datePublished":"2018-03-18T10:36:36+00:00","dateModified":"2026-04-01T03:12:27+00:00","description":"Erfahren Sie mehr \u00fcber Ecosolarcarport, Ihren Experten f\u00fcr Solar-Carports aus Aluminium. Wir bieten Direktpreise ab Werk und schnelle Lieferung aus unserem Lager in Deutschland.","breadcrumb":{"@id":"https:\/\/ecosolarcarport.com\/de\/solar-carport-hersteller\/#breadcrumb"},"inLanguage":"de","potentialAction":[{"@type":"ReadAction","target":["https:\/\/ecosolarcarport.com\/de\/solar-carport-hersteller\/"]}]},{"@type":"BreadcrumbList","@id":"https:\/\/ecosolarcarport.com\/de\/solar-carport-hersteller\/#breadcrumb","itemListElement":[{"@type":"ListItem","position":1,"name":"\u9996\u9875","item":"https:\/\/ecosolarcarport.com\/de\/"},{"@type":"ListItem","position":2,"name":"\u00dcber uns"}]},{"@type":"WebSite","@id":"https:\/\/ecosolarcarport.com\/de\/#website","url":"https:\/\/ecosolarcarport.com\/de\/","name":"ecosolarcarport","description":"","publisher":{"@id":"https:\/\/ecosolarcarport.com\/de\/#organization"},"potentialAction":[{"@type":"SearchAction","target":{"@type":"EntryPoint","urlTemplate":"https:\/\/ecosolarcarport.com\/de\/?s={search_term_string}"},"query-input":{"@type":"PropertyValueSpecification","valueRequired":true,"valueName":"search_term_string"}}],"inLanguage":"de"},{"@type":"Organization","@id":"https:\/\/ecosolarcarport.com\/de\/#organization","name":"ecosolarcarport","url":"https:\/\/ecosolarcarport.com\/de\/","logo":{"@type":"ImageObject","inLanguage":"de","@id":"https:\/\/ecosolarcarport.com\/de\/#\/schema\/logo\/image\/","url":"https:\/\/ecosolarcarport.com\/wp-content\/uploads\/2026\/03\/Ecosolarcarport.jpg","contentUrl":"https:\/\/ecosolarcarport.com\/wp-content\/uploads\/2026\/03\/Ecosolarcarport.jpg","width":696,"height":696,"caption":"ecosolarcarport"},"image":{"@id":"https:\/\/ecosolarcarport.com\/de\/#\/schema\/logo\/image\/"},"sameAs":["https:\/\/www.facebook.com\/Ecosolarcarport"]}]}},"_links":{"self":[{"href":"https:\/\/ecosolarcarport.com\/de\/wp-json\/wp\/v2\/pages\/4636","targetHints":{"allow":["GET"]}}],"collection":[{"href":"https:\/\/ecosolarcarport.com\/de\/wp-json\/wp\/v2\/pages"}],"about":[{"href":"https:\/\/ecosolarcarport.com\/de\/wp-json\/wp\/v2\/types\/page"}],"author":[{"embeddable":true,"href":"https:\/\/ecosolarcarport.com\/de\/wp-json\/wp\/v2\/users\/1"}],"replies":[{"embeddable":true,"href":"https:\/\/ecosolarcarport.com\/de\/wp-json\/wp\/v2\/comments?post=4636"}],"version-history":[{"count":20,"href":"https:\/\/ecosolarcarport.com\/de\/wp-json\/wp\/v2\/pages\/4636\/revisions"}],"predecessor-version":[{"id":12254,"href":"https:\/\/ecosolarcarport.com\/de\/wp-json\/wp\/v2\/pages\/4636\/revisions\/12254"}],"wp:attachment":[{"href":"https:\/\/ecosolarcarport.com\/de\/wp-json\/wp\/v2\/media?parent=4636"}],"curies":[{"name":"wp","href":"https:\/\/api.w.org\/{rel}","templated":true}]}}