{"id":11400,"date":"2025-09-27T06:04:43","date_gmt":"2025-09-27T06:04:43","guid":{"rendered":"https:\/\/ecosolarcarport.com\/type-de-colonne-carport-solaire-pour-camping-car\/"},"modified":"2025-12-15T07:07:01","modified_gmt":"2025-12-15T07:07:01","slug":"carport-solaire-camping-car","status":"publish","type":"page","link":"https:\/\/ecosolarcarport.com\/fr\/carport-solaire-camping-car\/","title":{"rendered":"Carport Solaire &#8211; Camping-car"},"content":{"rendered":"<p>[vc_section full_width=\u00a0\u00bbstretch_row\u00a0\u00bb content_placement=\u00a0\u00bbmiddle\u00a0\u00bb css=\u00a0\u00bb.vc_custom_1758954702233{margin-bottom: 60px !important;padding-top: 300px !important;padding-bottom: 300px !important;background-image: url(https:\/\/ecosolarcarport.com\/wp-content\/uploads\/2025\/09\/Main-image-7.jpg?id=10329) !important;background-position: 0 0 !important;background-repeat: no-repeat !important;}\u00a0\u00bb][vc_row css=\u00a0\u00bb.vc_custom_1758097431591{margin-top: 100px !important;}\u00a0\u00bb][vc_column css=\u00a0\u00bb.vc_custom_1758097058625{margin-top: 0px !important;}\u00a0\u00bb]<div style=\"\" class=\"heading-title  al-center\" id=\"alian4x_el_69d0479a6c66b\"><h2 style=\"color:#ffffff;\" class=\"al-headitg-title al-parallax\">Le Carport Solaire Complet<br \/>\npour Votre V\u00e9hicule<\/h2><div  class=\"al-subtitle\"><\/div><\/div>[\/vc_column][\/vc_row][\/vc_section][vc_row css=\u00a0\u00bb.vc_custom_1758097465459{margin-top: -150px !important;}\u00a0\u00bb][vc_column][vc_column_text]<\/p>\n<h3 class=\"al-heading-title-big\">Carport Solaire &#8211; Camping-car<\/h3>\n<p>[\/vc_column_text][\/vc_column][\/vc_row][vc_row full_width=\u00a0\u00bbstretch_row\u00a0\u00bb gap=\u00a0\u00bb20&Prime;][vc_column width=\u00a0\u00bb1\/2&Prime;][vc_images_carousel images=\u00a0\u00bb10335,8552,9635,9640,9645&Prime; img_size=\u00a0\u00bb680&#215;420&Prime; autoplay=\u00a0\u00bbyes\u00a0\u00bb hide_prev_next_buttons=\u00a0\u00bbyes\u00a0\u00bb wrap=\u00a0\u00bbyes\u00a0\u00bb css_animation=\u00a0\u00bbnone\u00a0\u00bb][\/vc_column][vc_column width=\u00a0\u00bb1\/2&Prime; css=\u00a0\u00bb.vc_custom_1749880285195{margin-left: 120px !important;}\u00a0\u00bb][vc_column_text css_animation=\u00a0\u00bbfadeIn\u00a0\u00bb css=\u00a0\u00bb.vc_custom_1758944750528{margin-top: -30px !important;}\u00a0\u00bb]<\/p>\n<h5 style=\"text-align: left;\">Centrale solaire int\u00e9gr\u00e9e pour abris de voiture<\/h5>\n<ul>\n<li>Conception modulaire, facile \u00e0 \u00e9tendre \u00e0 d&rsquo;autres places de stationnement<\/li>\n<li>Cadre en aluminium peint par poudrage, r\u00e9sistant \u00e0 la corrosion, durable et sans d\u00e9coloration.<\/li>\n<li>Taille personnalis\u00e9e disponible<\/li>\n<li>Installation facile et rapide<\/li>\n<\/ul>\n<div>\n<hr \/>\n<\/div>\n<h5 style=\"text-align: left;\">Applications appropri\u00e9es<\/h5>\n<p>Maison\/Villa Courtyard\/R\u00e9sidentiel\/Commercial Espaces de stationnement partag\u00e9s\/Petites entreprises\/H\u00f4tels de charme et maisons d&rsquo;h\u00f4tes\/Corporate &amp; Institutional Small Parking Lots\/Agricultural\/Farm Vehicle Parking Areas[\/vc_column_text][\/vc_column][\/vc_row][vc_row css=\u00a0\u00bb.vc_custom_1758174259832{margin-top: 50px !important;}\u00a0\u00bb][vc_column css=\u00a0\u00bb.vc_custom_1758175297426{margin-bottom: -40px !important;}\u00a0\u00bb][vc_column_text]<\/p>\n<h5>Param\u00e8tres<\/h5>\n<p>[\/vc_column_text][\/vc_column][\/vc_row][vc_row css=\u00a0\u00bb.vc_custom_1758174565728{margin-top: -40px !important;}\u00a0\u00bb][vc_column width=\u00a0\u00bb1\/2&Prime;][vc_column_text]<\/p>\n<hr \/>\n<p>L&#8217;emballage contient\uff1a<\/p>\n<ul>\n<li>La structure en aluminium est compos\u00e9e de quatre c\u00f4t\u00e9s ouverts et d&rsquo;un toit l\u00e9g\u00e8rement inclin\u00e9 constitu\u00e9 de modules solaires.<\/li>\n<li>Sous-structure pour modules solaires<\/li>\n<li>y compris goutti\u00e8re et tuyau de descente Pente du toit<\/li>\n<\/ul>\n<hr \/>\n<p>Pente du toit\uff1a6\u00b0.<\/p>\n<hr \/>\n<p>Charge de neige\uff1a1.5 Kpa<\/p>\n<hr \/>\n<p>Charge au vent\uff1a33 M\/S<\/p>\n<hr \/>\n<p>Module\uff1a<\/p>\n<ul>\n<li>Jusqu&rsquo;\u00e0 12 modules (1722mm x 1134mm x 30mm)<\/li>\n<li>Puissance du module de 440 Wp<\/li>\n<li>Puissance totale 5,28 kWp<\/li>\n<\/ul>\n<hr \/>\n<p>Color\uff1aRAL7016 (gris anthracite)<\/p>\n<hr \/>\n<p>[\/vc_column_text][\/vc_column][vc_column width=\u00a0\u00bb1\/2&Prime; css=\u00a0\u00bb.vc_custom_1749880247022{margin-left: 100px !important;}\u00a0\u00bb][vc_images_carousel images=\u00a0\u00bb10289,10294,10284&Prime; img_size=\u00a0\u00bb560&#215;680&Prime; autoplay=\u00a0\u00bbyes\u00a0\u00bb hide_prev_next_buttons=\u00a0\u00bbyes\u00a0\u00bb wrap=\u00a0\u00bbyes\u00a0\u00bb css_animation=\u00a0\u00bbnone\u00a0\u00bb][\/vc_column][\/vc_row][vc_row full_width=\u00a0\u00bbstretch_row\u00a0\u00bb css=\u00a0\u00bb.vc_custom_1758183794810{margin-top: 120px !important;padding-top: 100px !important;padding-bottom: 100px !important;background-color: #eeeeee !important;}\u00a0\u00bb][vc_column width=\u00a0\u00bb1\/2&Prime;][vc_single_image image=\u00a0\u00bb9861&Prime; img_size=\u00a0\u00bb850&#215;500&Prime; css_animation=\u00a0\u00bbnone\u00a0\u00bb][\/vc_column][vc_column width=\u00a0\u00bb1\/2&Prime;][vc_column_text css_animation=\u00a0\u00bbnone\u00a0\u00bb css=\u00a0\u00bb.vc_custom_1758167459593{margin-top: -30px !important;}\u00a0\u00bb el_class=\u00a0\u00bbsmall-text\u00a0\u00bb]<\/p>\n<h5 style=\"text-align: left;\">Abri de voiture solaire avec production d&rsquo;\u00e9lectricit\u00e9 photovolta\u00efque : un syst\u00e8me complet hors r\u00e9seau ou connect\u00e9 au r\u00e9seau<\/h5>\n<p style=\"text-align: left;\">Notre syst\u00e8me d&rsquo;abri de voiture solaire int\u00e8gre une production d&rsquo;\u00e9nergie photovolta\u00efque gratuite avec un onduleur de 6kW et une unit\u00e9 de stockage de batterie de 5kW-10kWh, le tout contr\u00f4lable via une application mobile WiFi. Ce syst\u00e8me efficace permet de produire de l&rsquo;\u00e9lectricit\u00e9 pour la maison et de r\u00e9pondre aux besoins quotidiens en \u00e9lectricit\u00e9, tout en assurant la recharge de votre v\u00e9hicule \u00e9lectrique. Que vous soyez hors r\u00e9seau ou connect\u00e9 au r\u00e9seau, profitez des avantages d&rsquo;une \u00e9nergie propre, de co\u00fbts d&rsquo;\u00e9lectricit\u00e9 r\u00e9duits et de la commodit\u00e9 de recharger votre v\u00e9hicule \u00e9lectrique gr\u00e2ce \u00e0 l&rsquo;\u00e9nergie solaire.<\/p>\n<h5 style=\"text-align: left;\"><\/h5>\n<p>[\/vc_column_text][\/vc_column][\/vc_row]<\/p>\n","protected":false},"excerpt":{"rendered":"<p>[vc_section full_width=\u00a0\u00bbstretch_row\u00a0\u00bb content_placement=\u00a0\u00bbmiddle\u00a0\u00bb css=\u00a0\u00bb.vc_custom_1758954702233{margin-bottom: 60px !important;padding-top: 300px !important;padding-bottom: 300px !important;background-image: url(https:\/\/ecosolarcarport.com\/wp-content\/uploads\/2025\/09\/Main-image-7.jpg?id=10329) !important;background-position: 0 0 !important;background-repeat: no-repeat !important;}\u00a0\u00bb][vc_row css=\u00a0\u00bb.vc_custom_1758097431591{margin-top: 100px !important;}\u00a0\u00bb][vc_column css=\u00a0\u00bb.vc_custom_1758097058625{margin-top: 0px !important;}\u00a0\u00bb][\/vc_column][\/vc_row][\/vc_section][vc_row css=\u00a0\u00bb.vc_custom_1758097465459{margin-top: -150px !important;}\u00a0\u00bb][vc_column][vc_column_text] Carport Solaire &#8211; Camping-car [\/vc_column_text][\/vc_column][\/vc_row][vc_row full_width=\u00a0\u00bbstretch_row\u00a0\u00bb gap=\u00a0\u00bb20&Prime;][vc_column width=\u00a0\u00bb1\/2&Prime;][vc_images_carousel images=\u00a0\u00bb10335,8552,9635,9640,9645&Prime; img_size=\u00a0\u00bb680&#215;420&Prime; autoplay=\u00a0\u00bbyes\u00a0\u00bb hide_prev_next_buttons=\u00a0\u00bbyes\u00a0\u00bb wrap=\u00a0\u00bbyes\u00a0\u00bb css_animation=\u00a0\u00bbnone\u00a0\u00bb][\/vc_column][vc_column width=\u00a0\u00bb1\/2&Prime; css=\u00a0\u00bb.vc_custom_1749880285195{margin-left: 120px !important;}\u00a0\u00bb][vc_column_text css_animation=\u00a0\u00bbfadeIn\u00a0\u00bb css=\u00a0\u00bb.vc_custom_1758944750528{margin-top: -30px !important;}\u00a0\u00bb] Centrale solaire int\u00e9gr\u00e9e pour abris de voiture<span class=\"screen-reader-text\"><a href=\"https:\/\/ecosolarcarport.com\/fr\/carport-solaire-camping-car\/\" rel=\"nofollow\">[&#8230;]<\/a><\/span><\/p>\n","protected":false},"author":1,"featured_media":0,"parent":0,"menu_order":0,"comment_status":"closed","ping_status":"closed","template":"page-builder.php","meta":{"om_disable_all_campaigns":false,"_monsterinsights_skip_tracking":false,"_monsterinsights_sitenote_active":false,"_monsterinsights_sitenote_note":"","_monsterinsights_sitenote_category":0,"footnotes":""},"class_list":["post-11400","page","type-page","status-publish","hentry"],"acf":[],"yoast_head":"<!-- This site is optimized with the Yoast SEO plugin v27.1.1 - https:\/\/yoast.com\/product\/yoast-seo-wordpress\/ -->\n<title>Carport Solaire - Camping-car - ecosolarcarport<\/title>\n<meta name=\"robots\" content=\"index, follow, max-snippet:-1, max-image-preview:large, max-video-preview:-1\" \/>\n<link rel=\"canonical\" href=\"https:\/\/ecosolarcarport.com\/fr\/carport-solaire-camping-car\/\" \/>\n<meta property=\"og:locale\" content=\"fr_FR\" \/>\n<meta property=\"og:type\" content=\"article\" \/>\n<meta property=\"og:title\" content=\"Carport Solaire - Camping-car - ecosolarcarport\" \/>\n<meta property=\"og:description\" content=\"[vc_section full_width=\u00a0\u00bbstretch_row\u00a0\u00bb content_placement=\u00a0\u00bbmiddle\u00a0\u00bb css=\u00a0\u00bb.vc_custom_1758954702233{margin-bottom: 60px !important;padding-top: 300px !important;padding-bottom: 300px !important;background-image: url(https:\/\/ecosolarcarport.com\/wp-content\/uploads\/2025\/09\/Main-image-7.jpg?id=10329) !important;background-position: 0 0 !important;background-repeat: no-repeat !important;}\u00a0\u00bb][vc_row css=\u00a0\u00bb.vc_custom_1758097431591{margin-top: 100px !important;}\u00a0\u00bb][vc_column css=\u00a0\u00bb.vc_custom_1758097058625{margin-top: 0px !important;}\u00a0\u00bb][\/vc_column][\/vc_row][\/vc_section][vc_row css=\u00a0\u00bb.vc_custom_1758097465459{margin-top: -150px !important;}\u00a0\u00bb][vc_column][vc_column_text] Carport Solaire &#8211; Camping-car [\/vc_column_text][\/vc_column][\/vc_row][vc_row full_width=\u00a0\u00bbstretch_row\u00a0\u00bb gap=\u00a0\u00bb20&Prime;][vc_column width=\u00a0\u00bb1\/2&Prime;][vc_images_carousel images=\u00a0\u00bb10335,8552,9635,9640,9645&Prime; img_size=\u00a0\u00bb680&#215;420&Prime; autoplay=\u00a0\u00bbyes\u00a0\u00bb hide_prev_next_buttons=\u00a0\u00bbyes\u00a0\u00bb wrap=\u00a0\u00bbyes\u00a0\u00bb css_animation=\u00a0\u00bbnone\u00a0\u00bb][\/vc_column][vc_column width=\u00a0\u00bb1\/2&Prime; css=\u00a0\u00bb.vc_custom_1749880285195{margin-left: 120px !important;}\u00a0\u00bb][vc_column_text css_animation=\u00a0\u00bbfadeIn\u00a0\u00bb css=\u00a0\u00bb.vc_custom_1758944750528{margin-top: -30px !important;}\u00a0\u00bb] Centrale solaire int\u00e9gr\u00e9e pour abris de voiture[...]\" \/>\n<meta property=\"og:url\" content=\"https:\/\/ecosolarcarport.com\/fr\/carport-solaire-camping-car\/\" \/>\n<meta property=\"og:site_name\" content=\"ecosolarcarport\" \/>\n<meta property=\"article:publisher\" content=\"https:\/\/www.facebook.com\/Ecosolarcarport\" \/>\n<meta property=\"article:modified_time\" content=\"2025-12-15T07:07:01+00:00\" \/>\n<meta name=\"twitter:card\" content=\"summary_large_image\" \/>\n<meta name=\"twitter:label1\" content=\"Dur\u00e9e de lecture estim\u00e9e\" \/>\n\t<meta name=\"twitter:data1\" content=\"3 minutes\" \/>\n<script type=\"application\/ld+json\" class=\"yoast-schema-graph\">{\"@context\":\"https:\/\/schema.org\",\"@graph\":[{\"@type\":\"WebPage\",\"@id\":\"https:\/\/ecosolarcarport.com\/fr\/carport-solaire-camping-car\/\",\"url\":\"https:\/\/ecosolarcarport.com\/fr\/carport-solaire-camping-car\/\",\"name\":\"Carport Solaire - Camping-car - ecosolarcarport\",\"isPartOf\":{\"@id\":\"https:\/\/ecosolarcarport.com\/fr\/#website\"},\"datePublished\":\"2025-09-27T06:04:43+00:00\",\"dateModified\":\"2025-12-15T07:07:01+00:00\",\"breadcrumb\":{\"@id\":\"https:\/\/ecosolarcarport.com\/fr\/carport-solaire-camping-car\/#breadcrumb\"},\"inLanguage\":\"fr-FR\",\"potentialAction\":[{\"@type\":\"ReadAction\",\"target\":[\"https:\/\/ecosolarcarport.com\/fr\/carport-solaire-camping-car\/\"]}]},{\"@type\":\"BreadcrumbList\",\"@id\":\"https:\/\/ecosolarcarport.com\/fr\/carport-solaire-camping-car\/#breadcrumb\",\"itemListElement\":[{\"@type\":\"ListItem\",\"position\":1,\"name\":\"\u9996\u9875\",\"item\":\"https:\/\/ecosolarcarport.com\/fr\/\"},{\"@type\":\"ListItem\",\"position\":2,\"name\":\"Carport Solaire &#8211; Camping-car\"}]},{\"@type\":\"WebSite\",\"@id\":\"https:\/\/ecosolarcarport.com\/fr\/#website\",\"url\":\"https:\/\/ecosolarcarport.com\/fr\/\",\"name\":\"ecosolarcarport\",\"description\":\"\",\"publisher\":{\"@id\":\"https:\/\/ecosolarcarport.com\/fr\/#organization\"},\"potentialAction\":[{\"@type\":\"SearchAction\",\"target\":{\"@type\":\"EntryPoint\",\"urlTemplate\":\"https:\/\/ecosolarcarport.com\/fr\/?s={search_term_string}\"},\"query-input\":{\"@type\":\"PropertyValueSpecification\",\"valueRequired\":true,\"valueName\":\"search_term_string\"}}],\"inLanguage\":\"fr-FR\"},{\"@type\":\"Organization\",\"@id\":\"https:\/\/ecosolarcarport.com\/fr\/#organization\",\"name\":\"ecosolarcarport\",\"url\":\"https:\/\/ecosolarcarport.com\/fr\/\",\"logo\":{\"@type\":\"ImageObject\",\"inLanguage\":\"fr-FR\",\"@id\":\"https:\/\/ecosolarcarport.com\/fr\/#\/schema\/logo\/image\/\",\"url\":\"https:\/\/ecosolarcarport.com\/wp-content\/uploads\/2026\/03\/Ecosolarcarport.jpg\",\"contentUrl\":\"https:\/\/ecosolarcarport.com\/wp-content\/uploads\/2026\/03\/Ecosolarcarport.jpg\",\"width\":696,\"height\":696,\"caption\":\"ecosolarcarport\"},\"image\":{\"@id\":\"https:\/\/ecosolarcarport.com\/fr\/#\/schema\/logo\/image\/\"},\"sameAs\":[\"https:\/\/www.facebook.com\/Ecosolarcarport\"]}]}<\/script>\n<!-- \/ Yoast SEO plugin. -->","yoast_head_json":{"title":"Carport Solaire - Camping-car - ecosolarcarport","robots":{"index":"index","follow":"follow","max-snippet":"max-snippet:-1","max-image-preview":"max-image-preview:large","max-video-preview":"max-video-preview:-1"},"canonical":"https:\/\/ecosolarcarport.com\/fr\/carport-solaire-camping-car\/","og_locale":"fr_FR","og_type":"article","og_title":"Carport Solaire - Camping-car - ecosolarcarport","og_description":"[vc_section full_width=\u00a0\u00bbstretch_row\u00a0\u00bb content_placement=\u00a0\u00bbmiddle\u00a0\u00bb css=\u00a0\u00bb.vc_custom_1758954702233{margin-bottom: 60px !important;padding-top: 300px !important;padding-bottom: 300px !important;background-image: url(https:\/\/ecosolarcarport.com\/wp-content\/uploads\/2025\/09\/Main-image-7.jpg?id=10329) !important;background-position: 0 0 !important;background-repeat: no-repeat !important;}\u00a0\u00bb][vc_row css=\u00a0\u00bb.vc_custom_1758097431591{margin-top: 100px !important;}\u00a0\u00bb][vc_column css=\u00a0\u00bb.vc_custom_1758097058625{margin-top: 0px !important;}\u00a0\u00bb][\/vc_column][\/vc_row][\/vc_section][vc_row css=\u00a0\u00bb.vc_custom_1758097465459{margin-top: -150px !important;}\u00a0\u00bb][vc_column][vc_column_text] Carport Solaire &#8211; Camping-car [\/vc_column_text][\/vc_column][\/vc_row][vc_row full_width=\u00a0\u00bbstretch_row\u00a0\u00bb gap=\u00a0\u00bb20&Prime;][vc_column width=\u00a0\u00bb1\/2&Prime;][vc_images_carousel images=\u00a0\u00bb10335,8552,9635,9640,9645&Prime; img_size=\u00a0\u00bb680&#215;420&Prime; autoplay=\u00a0\u00bbyes\u00a0\u00bb hide_prev_next_buttons=\u00a0\u00bbyes\u00a0\u00bb wrap=\u00a0\u00bbyes\u00a0\u00bb css_animation=\u00a0\u00bbnone\u00a0\u00bb][\/vc_column][vc_column width=\u00a0\u00bb1\/2&Prime; css=\u00a0\u00bb.vc_custom_1749880285195{margin-left: 120px !important;}\u00a0\u00bb][vc_column_text css_animation=\u00a0\u00bbfadeIn\u00a0\u00bb css=\u00a0\u00bb.vc_custom_1758944750528{margin-top: -30px !important;}\u00a0\u00bb] Centrale solaire int\u00e9gr\u00e9e pour abris de voiture[...]","og_url":"https:\/\/ecosolarcarport.com\/fr\/carport-solaire-camping-car\/","og_site_name":"ecosolarcarport","article_publisher":"https:\/\/www.facebook.com\/Ecosolarcarport","article_modified_time":"2025-12-15T07:07:01+00:00","twitter_card":"summary_large_image","twitter_misc":{"Dur\u00e9e de lecture estim\u00e9e":"3 minutes"},"schema":{"@context":"https:\/\/schema.org","@graph":[{"@type":"WebPage","@id":"https:\/\/ecosolarcarport.com\/fr\/carport-solaire-camping-car\/","url":"https:\/\/ecosolarcarport.com\/fr\/carport-solaire-camping-car\/","name":"Carport Solaire - Camping-car - ecosolarcarport","isPartOf":{"@id":"https:\/\/ecosolarcarport.com\/fr\/#website"},"datePublished":"2025-09-27T06:04:43+00:00","dateModified":"2025-12-15T07:07:01+00:00","breadcrumb":{"@id":"https:\/\/ecosolarcarport.com\/fr\/carport-solaire-camping-car\/#breadcrumb"},"inLanguage":"fr-FR","potentialAction":[{"@type":"ReadAction","target":["https:\/\/ecosolarcarport.com\/fr\/carport-solaire-camping-car\/"]}]},{"@type":"BreadcrumbList","@id":"https:\/\/ecosolarcarport.com\/fr\/carport-solaire-camping-car\/#breadcrumb","itemListElement":[{"@type":"ListItem","position":1,"name":"\u9996\u9875","item":"https:\/\/ecosolarcarport.com\/fr\/"},{"@type":"ListItem","position":2,"name":"Carport Solaire &#8211; Camping-car"}]},{"@type":"WebSite","@id":"https:\/\/ecosolarcarport.com\/fr\/#website","url":"https:\/\/ecosolarcarport.com\/fr\/","name":"ecosolarcarport","description":"","publisher":{"@id":"https:\/\/ecosolarcarport.com\/fr\/#organization"},"potentialAction":[{"@type":"SearchAction","target":{"@type":"EntryPoint","urlTemplate":"https:\/\/ecosolarcarport.com\/fr\/?s={search_term_string}"},"query-input":{"@type":"PropertyValueSpecification","valueRequired":true,"valueName":"search_term_string"}}],"inLanguage":"fr-FR"},{"@type":"Organization","@id":"https:\/\/ecosolarcarport.com\/fr\/#organization","name":"ecosolarcarport","url":"https:\/\/ecosolarcarport.com\/fr\/","logo":{"@type":"ImageObject","inLanguage":"fr-FR","@id":"https:\/\/ecosolarcarport.com\/fr\/#\/schema\/logo\/image\/","url":"https:\/\/ecosolarcarport.com\/wp-content\/uploads\/2026\/03\/Ecosolarcarport.jpg","contentUrl":"https:\/\/ecosolarcarport.com\/wp-content\/uploads\/2026\/03\/Ecosolarcarport.jpg","width":696,"height":696,"caption":"ecosolarcarport"},"image":{"@id":"https:\/\/ecosolarcarport.com\/fr\/#\/schema\/logo\/image\/"},"sameAs":["https:\/\/www.facebook.com\/Ecosolarcarport"]}]}},"_links":{"self":[{"href":"https:\/\/ecosolarcarport.com\/fr\/wp-json\/wp\/v2\/pages\/11400","targetHints":{"allow":["GET"]}}],"collection":[{"href":"https:\/\/ecosolarcarport.com\/fr\/wp-json\/wp\/v2\/pages"}],"about":[{"href":"https:\/\/ecosolarcarport.com\/fr\/wp-json\/wp\/v2\/types\/page"}],"author":[{"embeddable":true,"href":"https:\/\/ecosolarcarport.com\/fr\/wp-json\/wp\/v2\/users\/1"}],"replies":[{"embeddable":true,"href":"https:\/\/ecosolarcarport.com\/fr\/wp-json\/wp\/v2\/comments?post=11400"}],"version-history":[{"count":13,"href":"https:\/\/ecosolarcarport.com\/fr\/wp-json\/wp\/v2\/pages\/11400\/revisions"}],"predecessor-version":[{"id":11691,"href":"https:\/\/ecosolarcarport.com\/fr\/wp-json\/wp\/v2\/pages\/11400\/revisions\/11691"}],"wp:attachment":[{"href":"https:\/\/ecosolarcarport.com\/fr\/wp-json\/wp\/v2\/media?parent=11400"}],"curies":[{"name":"wp","href":"https:\/\/api.w.org\/{rel}","templated":true}]}}