{"id":11485,"date":"2025-12-08T06:07:11","date_gmt":"2025-12-08T06:07:11","guid":{"rendered":"https:\/\/ecosolarcarport.com\/support-solaire-mural\/"},"modified":"2025-12-12T06:51:47","modified_gmt":"2025-12-12T06:51:47","slug":"support-solaire-mural","status":"publish","type":"page","link":"https:\/\/ecosolarcarport.com\/fr\/support-solaire-mural\/","title":{"rendered":"Support solaire mural"},"content":{"rendered":"<p>[vc_section full_width=\u00a0\u00bbstretch_row\u00a0\u00bb content_placement=\u00a0\u00bbmiddle\u00a0\u00bb css=\u00a0\u00bb.vc_custom_1765174015130{margin-bottom: 60px !important;padding-top: 300px !important;padding-bottom: 300px !important;background-image: url(https:\/\/ecosolarcarport.com\/wp-content\/uploads\/2025\/12\/Main-image-1.jpg?id=11201) !important;background-position: 0 0 !important;background-repeat: no-repeat !important;}\u00a0\u00bb][vc_row css=\u00a0\u00bb.vc_custom_1762505308474{margin-top: 140px !important;}\u00a0\u00bb][vc_column css=\u00a0\u00bb.vc_custom_1758097058625{margin-top: 0px !important;}\u00a0\u00bb]<div style=\"\" class=\"heading-title  al-center\" id=\"alian4x_el_69d054bf6feb5\"><h2 style=\"color:#ffffff;\" class=\"al-headitg-title al-parallax\">Support solaire mural<\/h2><div style=\"color:#ffffff;\" class=\"al-subtitle\"><\/div><\/div>[\/vc_column][\/vc_row][\/vc_section][vc_row css=\u00a0\u00bb.vc_custom_1758097465459{margin-top: -150px !important;}\u00a0\u00bb][vc_column][vc_column_text]<\/p>\n<h3><\/h3>\n<h3 class=\"product_title entry-title\">Support solaire mural<\/h3>\n<p>[\/vc_column_text][\/vc_column][\/vc_row][vc_row full_width=\u00a0\u00bbstretch_row\u00a0\u00bb gap=\u00a0\u00bb20&Prime;][vc_column width=\u00a0\u00bb1\/2&Prime;][vc_images_carousel images=\u00a0\u00bb11207,11196&Prime; img_size=\u00a0\u00bb680&#215;420&Prime; autoplay=\u00a0\u00bbyes\u00a0\u00bb hide_prev_next_buttons=\u00a0\u00bbyes\u00a0\u00bb wrap=\u00a0\u00bbyes\u00a0\u00bb css_animation=\u00a0\u00bbnone\u00a0\u00bb][\/vc_column][vc_column width=\u00a0\u00bb1\/2&Prime; css=\u00a0\u00bb.vc_custom_1749880285195{margin-left: 120px !important;}\u00a0\u00bb][vc_column_text css_animation=\u00a0\u00bbnone\u00a0\u00bb css=\u00a0\u00bb.vc_custom_1765173982369{margin-top: -30px !important;}\u00a0\u00bb]<\/p>\n<h5>Num\u00e9ro de mod\u00e8le : SW-B<\/h5>\n<p>Dimension :<\/p>\n<ol>\n<li>Pour panneaux solaires 1724 * 1134 * 30\/35mm<\/li>\n<li>Peut \u00eatre personnalis\u00e9 pour diff\u00e9rentes tailles de panneaux solaires<\/li>\n<\/ol>\n<p>Mat\u00e9riau : Alliage d&rsquo;aluminium<\/p>\n<p>Adapt\u00e9 \u00e0:Mur<\/p>\n<p>Angle d&rsquo;inclinaison : 20\u00b0, 25\u00b0, 30\u00b0.<\/p>\n<p>Description<\/p>\n<ul>\n<li>Optimise l&rsquo;espace de la maison pour l&rsquo;\u00e9nergie solaire<\/li>\n<li>Pas de travaux de toiture n\u00e9cessaires<\/li>\n<li>Installation simple et rapide<\/li>\n<li>Inclinaison personnalisable<\/li>\n<\/ul>\n<p>[\/vc_column_text][\/vc_column][\/vc_row]<\/p>\n","protected":false},"excerpt":{"rendered":"<p>[vc_section full_width=\u00a0\u00bbstretch_row\u00a0\u00bb content_placement=\u00a0\u00bbmiddle\u00a0\u00bb css=\u00a0\u00bb.vc_custom_1765174015130{margin-bottom: 60px !important;padding-top: 300px !important;padding-bottom: 300px !important;background-image: url(https:\/\/ecosolarcarport.com\/wp-content\/uploads\/2025\/12\/Main-image-1.jpg?id=11201) !important;background-position: 0 0 !important;background-repeat: no-repeat !important;}\u00a0\u00bb][vc_row css=\u00a0\u00bb.vc_custom_1762505308474{margin-top: 140px !important;}\u00a0\u00bb][vc_column css=\u00a0\u00bb.vc_custom_1758097058625{margin-top: 0px !important;}\u00a0\u00bb][\/vc_column][\/vc_row][\/vc_section][vc_row css=\u00a0\u00bb.vc_custom_1758097465459{margin-top: -150px !important;}\u00a0\u00bb][vc_column][vc_column_text] Support solaire mural [\/vc_column_text][\/vc_column][\/vc_row][vc_row full_width=\u00a0\u00bbstretch_row\u00a0\u00bb gap=\u00a0\u00bb20&Prime;][vc_column width=\u00a0\u00bb1\/2&Prime;][vc_images_carousel images=\u00a0\u00bb11207,11196&Prime; img_size=\u00a0\u00bb680&#215;420&Prime; autoplay=\u00a0\u00bbyes\u00a0\u00bb hide_prev_next_buttons=\u00a0\u00bbyes\u00a0\u00bb wrap=\u00a0\u00bbyes\u00a0\u00bb css_animation=\u00a0\u00bbnone\u00a0\u00bb][\/vc_column][vc_column width=\u00a0\u00bb1\/2&Prime; css=\u00a0\u00bb.vc_custom_1749880285195{margin-left: 120px !important;}\u00a0\u00bb][vc_column_text css_animation=\u00a0\u00bbnone\u00a0\u00bb css=\u00a0\u00bb.vc_custom_1765173982369{margin-top: -30px !important;}\u00a0\u00bb] Num\u00e9ro de mod\u00e8le : SW-B Dimension : Pour<span class=\"screen-reader-text\"><a href=\"https:\/\/ecosolarcarport.com\/fr\/support-solaire-mural\/\" rel=\"nofollow\">[&#8230;]<\/a><\/span><\/p>\n","protected":false},"author":1,"featured_media":0,"parent":0,"menu_order":0,"comment_status":"closed","ping_status":"closed","template":"page-builder.php","meta":{"om_disable_all_campaigns":false,"_monsterinsights_skip_tracking":false,"_monsterinsights_sitenote_active":false,"_monsterinsights_sitenote_note":"","_monsterinsights_sitenote_category":0,"footnotes":""},"class_list":["post-11485","page","type-page","status-publish","hentry"],"acf":[],"yoast_head":"<!-- This site is optimized with the Yoast SEO plugin v27.1.1 - https:\/\/yoast.com\/product\/yoast-seo-wordpress\/ -->\n<title>Support solaire mural - ecosolarcarport<\/title>\n<meta name=\"robots\" content=\"index, follow, max-snippet:-1, max-image-preview:large, max-video-preview:-1\" \/>\n<link rel=\"canonical\" href=\"https:\/\/ecosolarcarport.com\/fr\/support-solaire-mural\/\" \/>\n<meta property=\"og:locale\" content=\"fr_FR\" \/>\n<meta property=\"og:type\" content=\"article\" \/>\n<meta property=\"og:title\" content=\"Support solaire mural - ecosolarcarport\" \/>\n<meta property=\"og:description\" content=\"[vc_section full_width=\u00a0\u00bbstretch_row\u00a0\u00bb content_placement=\u00a0\u00bbmiddle\u00a0\u00bb css=\u00a0\u00bb.vc_custom_1765174015130{margin-bottom: 60px !important;padding-top: 300px !important;padding-bottom: 300px !important;background-image: url(https:\/\/ecosolarcarport.com\/wp-content\/uploads\/2025\/12\/Main-image-1.jpg?id=11201) !important;background-position: 0 0 !important;background-repeat: no-repeat !important;}\u00a0\u00bb][vc_row css=\u00a0\u00bb.vc_custom_1762505308474{margin-top: 140px !important;}\u00a0\u00bb][vc_column css=\u00a0\u00bb.vc_custom_1758097058625{margin-top: 0px !important;}\u00a0\u00bb][\/vc_column][\/vc_row][\/vc_section][vc_row css=\u00a0\u00bb.vc_custom_1758097465459{margin-top: -150px !important;}\u00a0\u00bb][vc_column][vc_column_text] Support solaire mural [\/vc_column_text][\/vc_column][\/vc_row][vc_row full_width=\u00a0\u00bbstretch_row\u00a0\u00bb gap=\u00a0\u00bb20&Prime;][vc_column width=\u00a0\u00bb1\/2&Prime;][vc_images_carousel images=\u00a0\u00bb11207,11196&Prime; img_size=\u00a0\u00bb680&#215;420&Prime; autoplay=\u00a0\u00bbyes\u00a0\u00bb hide_prev_next_buttons=\u00a0\u00bbyes\u00a0\u00bb wrap=\u00a0\u00bbyes\u00a0\u00bb css_animation=\u00a0\u00bbnone\u00a0\u00bb][\/vc_column][vc_column width=\u00a0\u00bb1\/2&Prime; css=\u00a0\u00bb.vc_custom_1749880285195{margin-left: 120px !important;}\u00a0\u00bb][vc_column_text css_animation=\u00a0\u00bbnone\u00a0\u00bb css=\u00a0\u00bb.vc_custom_1765173982369{margin-top: -30px !important;}\u00a0\u00bb] Num\u00e9ro de mod\u00e8le : SW-B Dimension : Pour[...]\" \/>\n<meta property=\"og:url\" content=\"https:\/\/ecosolarcarport.com\/fr\/support-solaire-mural\/\" \/>\n<meta property=\"og:site_name\" content=\"ecosolarcarport\" \/>\n<meta property=\"article:publisher\" content=\"https:\/\/www.facebook.com\/Ecosolarcarport\" \/>\n<meta property=\"article:modified_time\" content=\"2025-12-12T06:51:47+00:00\" \/>\n<meta name=\"twitter:card\" content=\"summary_large_image\" \/>\n<meta name=\"twitter:label1\" content=\"Dur\u00e9e de lecture estim\u00e9e\" \/>\n\t<meta name=\"twitter:data1\" content=\"1 minute\" \/>\n<script type=\"application\/ld+json\" class=\"yoast-schema-graph\">{\"@context\":\"https:\/\/schema.org\",\"@graph\":[{\"@type\":\"WebPage\",\"@id\":\"https:\/\/ecosolarcarport.com\/fr\/support-solaire-mural\/\",\"url\":\"https:\/\/ecosolarcarport.com\/fr\/support-solaire-mural\/\",\"name\":\"Support solaire mural - ecosolarcarport\",\"isPartOf\":{\"@id\":\"https:\/\/ecosolarcarport.com\/fr\/#website\"},\"datePublished\":\"2025-12-08T06:07:11+00:00\",\"dateModified\":\"2025-12-12T06:51:47+00:00\",\"breadcrumb\":{\"@id\":\"https:\/\/ecosolarcarport.com\/fr\/support-solaire-mural\/#breadcrumb\"},\"inLanguage\":\"fr-FR\",\"potentialAction\":[{\"@type\":\"ReadAction\",\"target\":[\"https:\/\/ecosolarcarport.com\/fr\/support-solaire-mural\/\"]}]},{\"@type\":\"BreadcrumbList\",\"@id\":\"https:\/\/ecosolarcarport.com\/fr\/support-solaire-mural\/#breadcrumb\",\"itemListElement\":[{\"@type\":\"ListItem\",\"position\":1,\"name\":\"\u9996\u9875\",\"item\":\"https:\/\/ecosolarcarport.com\/fr\/\"},{\"@type\":\"ListItem\",\"position\":2,\"name\":\"Support solaire mural\"}]},{\"@type\":\"WebSite\",\"@id\":\"https:\/\/ecosolarcarport.com\/fr\/#website\",\"url\":\"https:\/\/ecosolarcarport.com\/fr\/\",\"name\":\"ecosolarcarport\",\"description\":\"\",\"publisher\":{\"@id\":\"https:\/\/ecosolarcarport.com\/fr\/#organization\"},\"potentialAction\":[{\"@type\":\"SearchAction\",\"target\":{\"@type\":\"EntryPoint\",\"urlTemplate\":\"https:\/\/ecosolarcarport.com\/fr\/?s={search_term_string}\"},\"query-input\":{\"@type\":\"PropertyValueSpecification\",\"valueRequired\":true,\"valueName\":\"search_term_string\"}}],\"inLanguage\":\"fr-FR\"},{\"@type\":\"Organization\",\"@id\":\"https:\/\/ecosolarcarport.com\/fr\/#organization\",\"name\":\"ecosolarcarport\",\"url\":\"https:\/\/ecosolarcarport.com\/fr\/\",\"logo\":{\"@type\":\"ImageObject\",\"inLanguage\":\"fr-FR\",\"@id\":\"https:\/\/ecosolarcarport.com\/fr\/#\/schema\/logo\/image\/\",\"url\":\"https:\/\/ecosolarcarport.com\/wp-content\/uploads\/2026\/03\/Ecosolarcarport.jpg\",\"contentUrl\":\"https:\/\/ecosolarcarport.com\/wp-content\/uploads\/2026\/03\/Ecosolarcarport.jpg\",\"width\":696,\"height\":696,\"caption\":\"ecosolarcarport\"},\"image\":{\"@id\":\"https:\/\/ecosolarcarport.com\/fr\/#\/schema\/logo\/image\/\"},\"sameAs\":[\"https:\/\/www.facebook.com\/Ecosolarcarport\"]}]}<\/script>\n<!-- \/ Yoast SEO plugin. -->","yoast_head_json":{"title":"Support solaire mural - ecosolarcarport","robots":{"index":"index","follow":"follow","max-snippet":"max-snippet:-1","max-image-preview":"max-image-preview:large","max-video-preview":"max-video-preview:-1"},"canonical":"https:\/\/ecosolarcarport.com\/fr\/support-solaire-mural\/","og_locale":"fr_FR","og_type":"article","og_title":"Support solaire mural - ecosolarcarport","og_description":"[vc_section full_width=\u00a0\u00bbstretch_row\u00a0\u00bb content_placement=\u00a0\u00bbmiddle\u00a0\u00bb css=\u00a0\u00bb.vc_custom_1765174015130{margin-bottom: 60px !important;padding-top: 300px !important;padding-bottom: 300px !important;background-image: url(https:\/\/ecosolarcarport.com\/wp-content\/uploads\/2025\/12\/Main-image-1.jpg?id=11201) !important;background-position: 0 0 !important;background-repeat: no-repeat !important;}\u00a0\u00bb][vc_row css=\u00a0\u00bb.vc_custom_1762505308474{margin-top: 140px !important;}\u00a0\u00bb][vc_column css=\u00a0\u00bb.vc_custom_1758097058625{margin-top: 0px !important;}\u00a0\u00bb][\/vc_column][\/vc_row][\/vc_section][vc_row css=\u00a0\u00bb.vc_custom_1758097465459{margin-top: -150px !important;}\u00a0\u00bb][vc_column][vc_column_text] Support solaire mural [\/vc_column_text][\/vc_column][\/vc_row][vc_row full_width=\u00a0\u00bbstretch_row\u00a0\u00bb gap=\u00a0\u00bb20&Prime;][vc_column width=\u00a0\u00bb1\/2&Prime;][vc_images_carousel images=\u00a0\u00bb11207,11196&Prime; img_size=\u00a0\u00bb680&#215;420&Prime; autoplay=\u00a0\u00bbyes\u00a0\u00bb hide_prev_next_buttons=\u00a0\u00bbyes\u00a0\u00bb wrap=\u00a0\u00bbyes\u00a0\u00bb css_animation=\u00a0\u00bbnone\u00a0\u00bb][\/vc_column][vc_column width=\u00a0\u00bb1\/2&Prime; css=\u00a0\u00bb.vc_custom_1749880285195{margin-left: 120px !important;}\u00a0\u00bb][vc_column_text css_animation=\u00a0\u00bbnone\u00a0\u00bb css=\u00a0\u00bb.vc_custom_1765173982369{margin-top: -30px !important;}\u00a0\u00bb] Num\u00e9ro de mod\u00e8le : SW-B Dimension : Pour[...]","og_url":"https:\/\/ecosolarcarport.com\/fr\/support-solaire-mural\/","og_site_name":"ecosolarcarport","article_publisher":"https:\/\/www.facebook.com\/Ecosolarcarport","article_modified_time":"2025-12-12T06:51:47+00:00","twitter_card":"summary_large_image","twitter_misc":{"Dur\u00e9e de lecture estim\u00e9e":"1 minute"},"schema":{"@context":"https:\/\/schema.org","@graph":[{"@type":"WebPage","@id":"https:\/\/ecosolarcarport.com\/fr\/support-solaire-mural\/","url":"https:\/\/ecosolarcarport.com\/fr\/support-solaire-mural\/","name":"Support solaire mural - ecosolarcarport","isPartOf":{"@id":"https:\/\/ecosolarcarport.com\/fr\/#website"},"datePublished":"2025-12-08T06:07:11+00:00","dateModified":"2025-12-12T06:51:47+00:00","breadcrumb":{"@id":"https:\/\/ecosolarcarport.com\/fr\/support-solaire-mural\/#breadcrumb"},"inLanguage":"fr-FR","potentialAction":[{"@type":"ReadAction","target":["https:\/\/ecosolarcarport.com\/fr\/support-solaire-mural\/"]}]},{"@type":"BreadcrumbList","@id":"https:\/\/ecosolarcarport.com\/fr\/support-solaire-mural\/#breadcrumb","itemListElement":[{"@type":"ListItem","position":1,"name":"\u9996\u9875","item":"https:\/\/ecosolarcarport.com\/fr\/"},{"@type":"ListItem","position":2,"name":"Support solaire mural"}]},{"@type":"WebSite","@id":"https:\/\/ecosolarcarport.com\/fr\/#website","url":"https:\/\/ecosolarcarport.com\/fr\/","name":"ecosolarcarport","description":"","publisher":{"@id":"https:\/\/ecosolarcarport.com\/fr\/#organization"},"potentialAction":[{"@type":"SearchAction","target":{"@type":"EntryPoint","urlTemplate":"https:\/\/ecosolarcarport.com\/fr\/?s={search_term_string}"},"query-input":{"@type":"PropertyValueSpecification","valueRequired":true,"valueName":"search_term_string"}}],"inLanguage":"fr-FR"},{"@type":"Organization","@id":"https:\/\/ecosolarcarport.com\/fr\/#organization","name":"ecosolarcarport","url":"https:\/\/ecosolarcarport.com\/fr\/","logo":{"@type":"ImageObject","inLanguage":"fr-FR","@id":"https:\/\/ecosolarcarport.com\/fr\/#\/schema\/logo\/image\/","url":"https:\/\/ecosolarcarport.com\/wp-content\/uploads\/2026\/03\/Ecosolarcarport.jpg","contentUrl":"https:\/\/ecosolarcarport.com\/wp-content\/uploads\/2026\/03\/Ecosolarcarport.jpg","width":696,"height":696,"caption":"ecosolarcarport"},"image":{"@id":"https:\/\/ecosolarcarport.com\/fr\/#\/schema\/logo\/image\/"},"sameAs":["https:\/\/www.facebook.com\/Ecosolarcarport"]}]}},"_links":{"self":[{"href":"https:\/\/ecosolarcarport.com\/fr\/wp-json\/wp\/v2\/pages\/11485","targetHints":{"allow":["GET"]}}],"collection":[{"href":"https:\/\/ecosolarcarport.com\/fr\/wp-json\/wp\/v2\/pages"}],"about":[{"href":"https:\/\/ecosolarcarport.com\/fr\/wp-json\/wp\/v2\/types\/page"}],"author":[{"embeddable":true,"href":"https:\/\/ecosolarcarport.com\/fr\/wp-json\/wp\/v2\/users\/1"}],"replies":[{"embeddable":true,"href":"https:\/\/ecosolarcarport.com\/fr\/wp-json\/wp\/v2\/comments?post=11485"}],"version-history":[{"count":4,"href":"https:\/\/ecosolarcarport.com\/fr\/wp-json\/wp\/v2\/pages\/11485\/revisions"}],"predecessor-version":[{"id":11494,"href":"https:\/\/ecosolarcarport.com\/fr\/wp-json\/wp\/v2\/pages\/11485\/revisions\/11494"}],"wp:attachment":[{"href":"https:\/\/ecosolarcarport.com\/fr\/wp-json\/wp\/v2\/media?parent=11485"}],"curies":[{"name":"wp","href":"https:\/\/api.w.org\/{rel}","templated":true}]}}