{"id":11558,"date":"2025-11-29T06:42:46","date_gmt":"2025-11-29T06:42:46","guid":{"rendered":"https:\/\/ecosolarcarport.com\/support-solaire-au-sol\/"},"modified":"2026-04-02T06:23:16","modified_gmt":"2026-04-02T06:23:16","slug":"structure-pv-au-sol-aluminium","status":"publish","type":"page","link":"https:\/\/ecosolarcarport.com\/fr\/structure-pv-au-sol-aluminium\/","title":{"rendered":"Support solaire au sol"},"content":{"rendered":"<p>[vc_section full_width=\u00a0\u00bbstretch_row\u00a0\u00bb content_placement=\u00a0\u00bbmiddle\u00a0\u00bb css=\u00a0\u00bb.vc_custom_1765337310918{margin-bottom: 60px !important;padding-top: 300px !important;padding-bottom: 300px !important;background-image: url(https:\/\/ecosolarcarport.com\/wp-content\/uploads\/2025\/12\/Main-image-3.jpg?id=11303) !important;background-position: 0 0 !important;background-repeat: no-repeat !important;}\u00a0\u00bb][vc_row css=\u00a0\u00bb.vc_custom_1762505308474{margin-top: 140px !important;}\u00a0\u00bb][vc_column css=\u00a0\u00bb.vc_custom_1758097058625{margin-top: 0px !important;}\u00a0\u00bb]<div style=\"\" class=\"heading-title  al-center\" id=\"alian4x_el_69d0548eaafea\"><h2 style=\"color:#ffffff;\" class=\"al-headitg-title al-parallax\">Structure PV au Sol Aluminium<\/h2><div style=\"color:#ffffff;\" class=\"al-subtitle\"><\/div><\/div>[\/vc_column][\/vc_row][\/vc_section][vc_row css=\u00a0\u00bb.vc_custom_1758097465459{margin-top: -150px !important;}\u00a0\u00bb][vc_column][vc_column_text]<\/p>\n<h3><\/h3>\n<h3 class=\"al-heading-title-big\">Structure PV au Sol Aluminium<\/h3>\n<p>[\/vc_column_text][\/vc_column][\/vc_row][vc_row full_width=\u00a0\u00bbstretch_row\u00a0\u00bb gap=\u00a0\u00bb20&Prime;][vc_column width=\u00a0\u00bb1\/2&Prime;][vc_images_carousel images=\u00a0\u00bb11308,11313,11318,11323,11328,10131&Prime; img_size=\u00a0\u00bb680&#215;420&Prime; autoplay=\u00a0\u00bbyes\u00a0\u00bb hide_prev_next_buttons=\u00a0\u00bbyes\u00a0\u00bb wrap=\u00a0\u00bbyes\u00a0\u00bb css_animation=\u00a0\u00bbnone\u00a0\u00bb][\/vc_column][vc_column width=\u00a0\u00bb1\/2&Prime; css=\u00a0\u00bb.vc_custom_1749880285195{margin-left: 120px !important;}\u00a0\u00bb][vc_column_text css_animation=\u00a0\u00bbnone\u00a0\u00bb css=\u00a0\u00bb.vc_custom_1765334685630{margin-top: -30px !important;}\u00a0\u00bb]<\/p>\n<h5>Num\u00e9ro de mod\u00e8le : SG-B<\/h5>\n<h5>Dimension :<\/h5>\n<ul>\n<li>Pour panneaux solaires 1724 * 1134 * 30\/35mm<\/li>\n<li>Peut \u00eatre personnalis\u00e9 pour diff\u00e9rentes tailles de panneaux solaires<\/li>\n<\/ul>\n<div>\n<hr \/>\n<\/div>\n<h5 style=\"text-align: left;\">Mat\u00e9riau : Alliage d&rsquo;aluminium<\/h5>\n<ul>\n<li>Angle d&rsquo;inclinaison : 20\u00b0, 25\u00b0, 30\u00b0.<\/li>\n<li>Convient pour : Sol<\/li>\n<\/ul>\n<hr \/>\n<h5><strong>Description<\/strong><\/h5>\n<ul>\n<li>Portable et d\u00e9pla\u00e7able pour n&rsquo;importe quel endroit<\/li>\n<li>Panneau solaire facile \u00e0 \u00e9tendre<\/li>\n<li>Installation simple et rapide<\/li>\n<\/ul>\n<p>[\/vc_column_text][\/vc_column][\/vc_row][vc_row css=\u00a0\u00bb.vc_custom_1758174259832{margin-top: 50px !important;}\u00a0\u00bb][vc_column css=\u00a0\u00bb.vc_custom_1758175297426{margin-bottom: -40px !important;}\u00a0\u00bb][vc_column_text]<\/p>\n<h5 style=\"text-align: center;\">Param\u00e8tres<\/h5>\n<p>[\/vc_column_text][\/vc_column][\/vc_row][vc_row css=\u00a0\u00bb.vc_custom_1762506960310{margin-top: 100px !important;margin-bottom: 0px !important;}\u00a0\u00bb][vc_column width=\u00a0\u00bb1\/5&Prime;][vc_single_image image=\u00a0\u00bb11333&Prime; img_size=\u00a0\u00bbfull\u00a0\u00bb][vc_column_text]<\/p>\n<p style=\"text-align: center;\">Support triangulaire<br \/>\nL:1150mm,880mm,370mm<br \/>\nT:4.0mm<\/p>\n<p>[\/vc_column_text][\/vc_column][vc_column width=\u00a0\u00bb1\/5&Prime;][vc_single_image image=\u00a0\u00bb11338&Prime; img_size=\u00a0\u00bbfull\u00a0\u00bb][vc_column_text]<\/p>\n<p style=\"text-align: center;\">Rail de connexion r\u00e9tractable<br \/>\n43*43*800-1050mm<\/p>\n<p>[\/vc_column_text][\/vc_column][vc_column width=\u00a0\u00bb1\/5&Prime;][vc_single_image image=\u00a0\u00bb11343&Prime; img_size=\u00a0\u00bbfull\u00a0\u00bb][vc_column_text]<\/p>\n<p style=\"text-align: center;\">Feuille de fixation d&rsquo;onduleur<br \/>\n20*80*6mm<\/p>\n<p>[\/vc_column_text][\/vc_column][vc_column width=\u00a0\u00bb1\/5&Prime;][vc_single_image image=\u00a0\u00bb11348&Prime; img_size=\u00a0\u00bbfull\u00a0\u00bb][vc_column_text]<\/p>\n<p style=\"text-align: center;\">Plaque d&rsquo;aluminium<br \/>\n310*310*20mm<\/p>\n<p>[\/vc_column_text][\/vc_column][vc_column width=\u00a0\u00bb1\/5&Prime;][vc_single_image image=\u00a0\u00bb11353&Prime; img_size=\u00a0\u00bbfull\u00a0\u00bb][vc_column_text]<\/p>\n<p style=\"text-align: center;\">Boulon hexagonal M8*14mm<br \/>\navec \u00e9crou<\/p>\n<p>[\/vc_column_text][\/vc_column][\/vc_row][vc_row css=\u00a0\u00bb.vc_custom_1765337479038{margin-top: 20px !important;margin-bottom: 0px !important;}\u00a0\u00bb][vc_column width=\u00a0\u00bb1\/6&Prime;][vc_single_image image=\u00a0\u00bb11358&Prime; img_size=\u00a0\u00bbfull\u00a0\u00bb][vc_column_text]<\/p>\n<p style=\"text-align: center;\">Boulon Allen M8*20mm<\/p>\n<p>[\/vc_column_text][\/vc_column][vc_column width=\u00a0\u00bb1\/6&Prime;][vc_single_image image=\u00a0\u00bb11363&Prime; img_size=\u00a0\u00bbfull\u00a0\u00bb][vc_column_text]<\/p>\n<p style=\"text-align: center;\">Boulon Allen M8*25mm<br \/>\navec \u00e9crou, rondelle fendue et rondelle plate<\/p>\n<p>[\/vc_column_text][\/vc_column][vc_column width=\u00a0\u00bb1\/6&Prime;][vc_single_image image=\u00a0\u00bb10944&Prime; img_size=\u00a0\u00bbfull\u00a0\u00bb][vc_column_text]<\/p>\n<p style=\"text-align: center;\">Boulon Allen M8*60mm<br \/>\navec \u00e9crou, rondelle fendue et rondelle plate<\/p>\n<p>[\/vc_column_text][\/vc_column][vc_column width=\u00a0\u00bb1\/6&Prime;][vc_single_image image=\u00a0\u00bb11373&Prime; img_size=\u00a0\u00bbfull\u00a0\u00bb][vc_column_text]<\/p>\n<p style=\"text-align: center;\">M5*14mm Phillips<br \/>\nBoulon hexagonal avec \u00e9crou<\/p>\n<p>[\/vc_column_text][\/vc_column][vc_column width=\u00a0\u00bb1\/6&Prime;][vc_single_image image=\u00a0\u00bb10960&Prime; img_size=\u00a0\u00bbfull\u00a0\u00bb][vc_column_text]<\/p>\n<p style=\"text-align: center;\">Cl\u00e9 Allen<br \/>\n(pour boulon Allen M8)<\/p>\n<p>[\/vc_column_text][\/vc_column][vc_column width=\u00a0\u00bb1\/6&Prime;][vc_single_image image=\u00a0\u00bb10970&Prime; img_size=\u00a0\u00bbfull\u00a0\u00bb][vc_column_text]<\/p>\n<p style=\"text-align: center;\">Cl\u00e9 de serrage<\/p>\n<p>[\/vc_column_text][\/vc_column][\/vc_row]<\/p>\n","protected":false},"excerpt":{"rendered":"<p>[vc_section full_width=\u00a0\u00bbstretch_row\u00a0\u00bb content_placement=\u00a0\u00bbmiddle\u00a0\u00bb css=\u00a0\u00bb.vc_custom_1765337310918{margin-bottom: 60px !important;padding-top: 300px !important;padding-bottom: 300px !important;background-image: url(https:\/\/ecosolarcarport.com\/wp-content\/uploads\/2025\/12\/Main-image-3.jpg?id=11303) !important;background-position: 0 0 !important;background-repeat: no-repeat !important;}\u00a0\u00bb][vc_row css=\u00a0\u00bb.vc_custom_1762505308474{margin-top: 140px !important;}\u00a0\u00bb][vc_column css=\u00a0\u00bb.vc_custom_1758097058625{margin-top: 0px !important;}\u00a0\u00bb][\/vc_column][\/vc_row][\/vc_section][vc_row css=\u00a0\u00bb.vc_custom_1758097465459{margin-top: -150px !important;}\u00a0\u00bb][vc_column][vc_column_text] Structure PV au Sol Aluminium [\/vc_column_text][\/vc_column][\/vc_row][vc_row full_width=\u00a0\u00bbstretch_row\u00a0\u00bb gap=\u00a0\u00bb20&Prime;][vc_column width=\u00a0\u00bb1\/2&Prime;][vc_images_carousel images=\u00a0\u00bb11308,11313,11318,11323,11328,10131&Prime; img_size=\u00a0\u00bb680&#215;420&Prime; autoplay=\u00a0\u00bbyes\u00a0\u00bb hide_prev_next_buttons=\u00a0\u00bbyes\u00a0\u00bb wrap=\u00a0\u00bbyes\u00a0\u00bb css_animation=\u00a0\u00bbnone\u00a0\u00bb][\/vc_column][vc_column width=\u00a0\u00bb1\/2&Prime; css=\u00a0\u00bb.vc_custom_1749880285195{margin-left: 120px !important;}\u00a0\u00bb][vc_column_text css_animation=\u00a0\u00bbnone\u00a0\u00bb css=\u00a0\u00bb.vc_custom_1765334685630{margin-top: -30px !important;}\u00a0\u00bb] Num\u00e9ro de mod\u00e8le : SG-B Dimension<span class=\"screen-reader-text\"><a href=\"https:\/\/ecosolarcarport.com\/fr\/structure-pv-au-sol-aluminium\/\" rel=\"nofollow\">[&#8230;]<\/a><\/span><\/p>\n","protected":false},"author":1,"featured_media":0,"parent":0,"menu_order":0,"comment_status":"closed","ping_status":"closed","template":"page-builder.php","meta":{"om_disable_all_campaigns":false,"_monsterinsights_skip_tracking":false,"_monsterinsights_sitenote_active":false,"_monsterinsights_sitenote_note":"","_monsterinsights_sitenote_category":0,"footnotes":""},"class_list":["post-11558","page","type-page","status-publish","hentry"],"acf":[],"yoast_head":"<!-- This site is optimized with the Yoast SEO plugin v27.1.1 - https:\/\/yoast.com\/product\/yoast-seo-wordpress\/ -->\n<title>Structure PV au Sol Aluminium | Stock Europe | Ecosolarcarport<\/title>\n<meta name=\"description\" content=\"Structure photovolta\u00efque au sol en aluminium durable. Kit de montage PV robuste, prix usine &amp; stock en Europe. Solution id\u00e9ale par Ecosolarcarport.\" \/>\n<meta name=\"robots\" content=\"index, follow, max-snippet:-1, max-image-preview:large, max-video-preview:-1\" \/>\n<link rel=\"canonical\" href=\"https:\/\/ecosolarcarport.com\/fr\/structure-pv-au-sol-aluminium\/\" \/>\n<meta property=\"og:locale\" content=\"fr_FR\" \/>\n<meta property=\"og:type\" content=\"article\" \/>\n<meta property=\"og:title\" content=\"Structure PV au Sol Aluminium | Stock Europe | Ecosolarcarport\" \/>\n<meta property=\"og:description\" content=\"Structure photovolta\u00efque au sol en aluminium durable. Kit de montage PV robuste, prix usine &amp; stock en Europe. Solution id\u00e9ale par Ecosolarcarport.\" \/>\n<meta property=\"og:url\" content=\"https:\/\/ecosolarcarport.com\/fr\/structure-pv-au-sol-aluminium\/\" \/>\n<meta property=\"og:site_name\" content=\"ecosolarcarport\" \/>\n<meta property=\"article:publisher\" content=\"https:\/\/www.facebook.com\/Ecosolarcarport\" \/>\n<meta property=\"article:modified_time\" content=\"2026-04-02T06:23:16+00:00\" \/>\n<meta name=\"twitter:card\" content=\"summary_large_image\" \/>\n<meta name=\"twitter:label1\" content=\"Dur\u00e9e de lecture estim\u00e9e\" \/>\n\t<meta name=\"twitter:data1\" content=\"5 minutes\" \/>\n<script type=\"application\/ld+json\" class=\"yoast-schema-graph\">{\"@context\":\"https:\/\/schema.org\",\"@graph\":[{\"@type\":\"WebPage\",\"@id\":\"https:\/\/ecosolarcarport.com\/fr\/structure-pv-au-sol-aluminium\/\",\"url\":\"https:\/\/ecosolarcarport.com\/fr\/structure-pv-au-sol-aluminium\/\",\"name\":\"Structure PV au Sol Aluminium | Stock Europe | Ecosolarcarport\",\"isPartOf\":{\"@id\":\"https:\/\/ecosolarcarport.com\/fr\/#website\"},\"datePublished\":\"2025-11-29T06:42:46+00:00\",\"dateModified\":\"2026-04-02T06:23:16+00:00\",\"description\":\"Structure photovolta\u00efque au sol en aluminium durable. Kit de montage PV robuste, prix usine & stock en Europe. Solution id\u00e9ale par Ecosolarcarport.\",\"breadcrumb\":{\"@id\":\"https:\/\/ecosolarcarport.com\/fr\/structure-pv-au-sol-aluminium\/#breadcrumb\"},\"inLanguage\":\"fr-FR\",\"potentialAction\":[{\"@type\":\"ReadAction\",\"target\":[\"https:\/\/ecosolarcarport.com\/fr\/structure-pv-au-sol-aluminium\/\"]}]},{\"@type\":\"BreadcrumbList\",\"@id\":\"https:\/\/ecosolarcarport.com\/fr\/structure-pv-au-sol-aluminium\/#breadcrumb\",\"itemListElement\":[{\"@type\":\"ListItem\",\"position\":1,\"name\":\"\u9996\u9875\",\"item\":\"https:\/\/ecosolarcarport.com\/fr\/\"},{\"@type\":\"ListItem\",\"position\":2,\"name\":\"Support solaire au sol\"}]},{\"@type\":\"WebSite\",\"@id\":\"https:\/\/ecosolarcarport.com\/fr\/#website\",\"url\":\"https:\/\/ecosolarcarport.com\/fr\/\",\"name\":\"ecosolarcarport\",\"description\":\"\",\"publisher\":{\"@id\":\"https:\/\/ecosolarcarport.com\/fr\/#organization\"},\"potentialAction\":[{\"@type\":\"SearchAction\",\"target\":{\"@type\":\"EntryPoint\",\"urlTemplate\":\"https:\/\/ecosolarcarport.com\/fr\/?s={search_term_string}\"},\"query-input\":{\"@type\":\"PropertyValueSpecification\",\"valueRequired\":true,\"valueName\":\"search_term_string\"}}],\"inLanguage\":\"fr-FR\"},{\"@type\":\"Organization\",\"@id\":\"https:\/\/ecosolarcarport.com\/fr\/#organization\",\"name\":\"ecosolarcarport\",\"url\":\"https:\/\/ecosolarcarport.com\/fr\/\",\"logo\":{\"@type\":\"ImageObject\",\"inLanguage\":\"fr-FR\",\"@id\":\"https:\/\/ecosolarcarport.com\/fr\/#\/schema\/logo\/image\/\",\"url\":\"https:\/\/ecosolarcarport.com\/wp-content\/uploads\/2026\/03\/Ecosolarcarport.jpg\",\"contentUrl\":\"https:\/\/ecosolarcarport.com\/wp-content\/uploads\/2026\/03\/Ecosolarcarport.jpg\",\"width\":696,\"height\":696,\"caption\":\"ecosolarcarport\"},\"image\":{\"@id\":\"https:\/\/ecosolarcarport.com\/fr\/#\/schema\/logo\/image\/\"},\"sameAs\":[\"https:\/\/www.facebook.com\/Ecosolarcarport\"]}]}<\/script>\n<!-- \/ Yoast SEO plugin. -->","yoast_head_json":{"title":"Structure PV au Sol Aluminium | Stock Europe | Ecosolarcarport","description":"Structure photovolta\u00efque au sol en aluminium durable. Kit de montage PV robuste, prix usine & stock en Europe. Solution id\u00e9ale par Ecosolarcarport.","robots":{"index":"index","follow":"follow","max-snippet":"max-snippet:-1","max-image-preview":"max-image-preview:large","max-video-preview":"max-video-preview:-1"},"canonical":"https:\/\/ecosolarcarport.com\/fr\/structure-pv-au-sol-aluminium\/","og_locale":"fr_FR","og_type":"article","og_title":"Structure PV au Sol Aluminium | Stock Europe | Ecosolarcarport","og_description":"Structure photovolta\u00efque au sol en aluminium durable. Kit de montage PV robuste, prix usine & stock en Europe. Solution id\u00e9ale par Ecosolarcarport.","og_url":"https:\/\/ecosolarcarport.com\/fr\/structure-pv-au-sol-aluminium\/","og_site_name":"ecosolarcarport","article_publisher":"https:\/\/www.facebook.com\/Ecosolarcarport","article_modified_time":"2026-04-02T06:23:16+00:00","twitter_card":"summary_large_image","twitter_misc":{"Dur\u00e9e de lecture estim\u00e9e":"5 minutes"},"schema":{"@context":"https:\/\/schema.org","@graph":[{"@type":"WebPage","@id":"https:\/\/ecosolarcarport.com\/fr\/structure-pv-au-sol-aluminium\/","url":"https:\/\/ecosolarcarport.com\/fr\/structure-pv-au-sol-aluminium\/","name":"Structure PV au Sol Aluminium | Stock Europe | Ecosolarcarport","isPartOf":{"@id":"https:\/\/ecosolarcarport.com\/fr\/#website"},"datePublished":"2025-11-29T06:42:46+00:00","dateModified":"2026-04-02T06:23:16+00:00","description":"Structure photovolta\u00efque au sol en aluminium durable. Kit de montage PV robuste, prix usine & stock en Europe. Solution id\u00e9ale par Ecosolarcarport.","breadcrumb":{"@id":"https:\/\/ecosolarcarport.com\/fr\/structure-pv-au-sol-aluminium\/#breadcrumb"},"inLanguage":"fr-FR","potentialAction":[{"@type":"ReadAction","target":["https:\/\/ecosolarcarport.com\/fr\/structure-pv-au-sol-aluminium\/"]}]},{"@type":"BreadcrumbList","@id":"https:\/\/ecosolarcarport.com\/fr\/structure-pv-au-sol-aluminium\/#breadcrumb","itemListElement":[{"@type":"ListItem","position":1,"name":"\u9996\u9875","item":"https:\/\/ecosolarcarport.com\/fr\/"},{"@type":"ListItem","position":2,"name":"Support solaire au sol"}]},{"@type":"WebSite","@id":"https:\/\/ecosolarcarport.com\/fr\/#website","url":"https:\/\/ecosolarcarport.com\/fr\/","name":"ecosolarcarport","description":"","publisher":{"@id":"https:\/\/ecosolarcarport.com\/fr\/#organization"},"potentialAction":[{"@type":"SearchAction","target":{"@type":"EntryPoint","urlTemplate":"https:\/\/ecosolarcarport.com\/fr\/?s={search_term_string}"},"query-input":{"@type":"PropertyValueSpecification","valueRequired":true,"valueName":"search_term_string"}}],"inLanguage":"fr-FR"},{"@type":"Organization","@id":"https:\/\/ecosolarcarport.com\/fr\/#organization","name":"ecosolarcarport","url":"https:\/\/ecosolarcarport.com\/fr\/","logo":{"@type":"ImageObject","inLanguage":"fr-FR","@id":"https:\/\/ecosolarcarport.com\/fr\/#\/schema\/logo\/image\/","url":"https:\/\/ecosolarcarport.com\/wp-content\/uploads\/2026\/03\/Ecosolarcarport.jpg","contentUrl":"https:\/\/ecosolarcarport.com\/wp-content\/uploads\/2026\/03\/Ecosolarcarport.jpg","width":696,"height":696,"caption":"ecosolarcarport"},"image":{"@id":"https:\/\/ecosolarcarport.com\/fr\/#\/schema\/logo\/image\/"},"sameAs":["https:\/\/www.facebook.com\/Ecosolarcarport"]}]}},"_links":{"self":[{"href":"https:\/\/ecosolarcarport.com\/fr\/wp-json\/wp\/v2\/pages\/11558","targetHints":{"allow":["GET"]}}],"collection":[{"href":"https:\/\/ecosolarcarport.com\/fr\/wp-json\/wp\/v2\/pages"}],"about":[{"href":"https:\/\/ecosolarcarport.com\/fr\/wp-json\/wp\/v2\/types\/page"}],"author":[{"embeddable":true,"href":"https:\/\/ecosolarcarport.com\/fr\/wp-json\/wp\/v2\/users\/1"}],"replies":[{"embeddable":true,"href":"https:\/\/ecosolarcarport.com\/fr\/wp-json\/wp\/v2\/comments?post=11558"}],"version-history":[{"count":4,"href":"https:\/\/ecosolarcarport.com\/fr\/wp-json\/wp\/v2\/pages\/11558\/revisions"}],"predecessor-version":[{"id":12303,"href":"https:\/\/ecosolarcarport.com\/fr\/wp-json\/wp\/v2\/pages\/11558\/revisions\/12303"}],"wp:attachment":[{"href":"https:\/\/ecosolarcarport.com\/fr\/wp-json\/wp\/v2\/media?parent=11558"}],"curies":[{"name":"wp","href":"https:\/\/api.w.org\/{rel}","templated":true}]}}