{"id":12017,"date":"2025-12-23T07:56:33","date_gmt":"2025-12-23T07:56:33","guid":{"rendered":"https:\/\/ecosolarcarport.com\/presentation-3d-matterport\/"},"modified":"2025-12-23T09:06:59","modified_gmt":"2025-12-23T09:06:59","slug":"presentation-3d-matterport","status":"publish","type":"page","link":"https:\/\/ecosolarcarport.com\/fr\/presentation-3d-matterport\/","title":{"rendered":"Pr\u00e9sentation 3D Matterport"},"content":{"rendered":"<p>[vc_section full_width=\u00a0\u00bbstretch_row\u00a0\u00bb content_placement=\u00a0\u00bbbottom\u00a0\u00bb css=\u00a0\u00bb.vc_custom_1758077996536{margin-bottom: 20px !important;padding-top: 150px !important;padding-bottom: 90px !important;background-image: url(https:\/\/ecosolarcarport.com\/wp-content\/uploads\/2025\/09\/pexels-jan-van-bizar-12224996-1.jpg?id=9539) !important;background-position: center !important;background-repeat: no-repeat !important;background-size: cover !important;}\u00a0\u00bb][vc_row content_placement=\u00a0\u00bbmiddle\u00a0\u00bb][vc_column offset=\u00a0\u00bbvc_col-lg-offset-0 vc_col-md-offset-0 vc_col-sm-offset-0&Prime;]<div style=\"padding:60px 40px;\" class=\"heading-title  breadcrumbs-style al-center\" id=\"alian4x_el_69d0548f70b47\"><h5 style=\"color:#ffffff;\" class=\"al-headitg-title al-parallax\">Faites l'exp\u00e9rience de l'\u00e9chelle r\u00e9elle de l'abri de voiture solaire. Tournez, zoomez et marchez librement pour explorer chaque d\u00e9tail.<\/h5><div style=\"color:#ffffff;\" class=\"al-subtitle\"><\/div><\/div>[\/vc_column][\/vc_row][\/vc_section][vc_row css=\u00a0\u00bb.vc_custom_1766477941244{margin-top: 30px !important;}\u00a0\u00bb][vc_column css=\u00a0\u00bb.vc_custom_1766477946905{margin-bottom: -30px !important;}\u00a0\u00bb]<div style=\"\" class=\"heading-title  al-center\" id=\"alian4x_el_69d0548f70b68\"><h3 style=\"\" class=\"al-headitg-title al-parallax\">Carport solaire Luxo<\/h3><div  class=\"al-subtitle\"><\/div><\/div>[\/vc_column][\/vc_row][vc_row][vc_column][vc_raw_html]JTNDaWZyYW1lJTIwd2lkdGglM0QlMjIxMDAwJTIyJTIwaGVpZ2h0JTNEJTIyNDgwJTIyJTIwc3JjJTNEJTIyaHR0cHMlM0ElMkYlMkZteS5tYXR0ZXJwb3J0dnIuY24lMkZzaG93JTJGJTNGbSUzRFI1OTZvWmhXN3NzJTIyJTIwZnJhbWVib3JkZXIlM0QlMjIwJTIyJTIwYWxsb3dmdWxsc2NyZWVuJTIwYWxsb3clM0QlMjJhdXRvcGxheSUzQiUyMGZ1bGxzY3JlZW4lM0IlMjB3ZWItc2hhcmUlM0IlMjB4ci1zcGF0aWFsLXRyYWNraW5nJTNCJTIyJTNFJTNDJTJGaWZyYW1lJTNF[\/vc_raw_html][\/vc_column][\/vc_row][vc_row][vc_column][\/vc_column][\/vc_row][vc_row css=\u00a0\u00bb.vc_custom_1766478086787{margin-top: 50px !important;}\u00a0\u00bb][vc_column css=\u00a0\u00bb.vc_custom_1766477946905{margin-bottom: -30px !important;}\u00a0\u00bb]<div style=\"\" class=\"heading-title  al-center\" id=\"alian4x_el_69d0548f70b7b\"><h3 style=\"\" class=\"al-headitg-title al-parallax\">Carport solaire Nove<\/h3><div  class=\"al-subtitle\"><\/div><\/div>[\/vc_column][\/vc_row][vc_row][vc_column][vc_raw_html]JTNDaWZyYW1lJTIwd2lkdGglM0QlMjIxMDAwJTIyJTIwaGVpZ2h0JTNEJTIyNDgwJTIyJTIwc3JjJTNEJTIyaHR0cHMlM0ElMkYlMkZteS5tYXR0ZXJwb3J0dnIuY24lMkZzaG93JTJGJTNGbSUzRDdWYnBwZm0yNk1FJTIyJTIwZnJhbWVib3JkZXIlM0QlMjIwJTIyJTIwYWxsb3dmdWxsc2NyZWVuJTIwYWxsb3clM0QlMjJhdXRvcGxheSUzQiUyMGZ1bGxzY3JlZW4lM0IlMjB3ZWItc2hhcmUlM0IlMjB4ci1zcGF0aWFsLXRyYWNraW5nJTNCJTIyJTNFJTNDJTJGaWZyYW1lJTNF[\/vc_raw_html][\/vc_column][\/vc_row][vc_row][vc_column][\/vc_column][\/vc_row][vc_row css=\u00a0\u00bb.vc_custom_1766478086787{margin-top: 50px !important;}\u00a0\u00bb][vc_column css=\u00a0\u00bb.vc_custom_1766477946905{margin-bottom: -30px !important;}\u00a0\u00bb]<div style=\"\" class=\"heading-title  al-center\" id=\"alian4x_el_69d0548f70b8c\"><h3 style=\"\" class=\"al-headitg-title al-parallax\">Carport solaire adoss\u00e9<\/h3><div  class=\"al-subtitle\"><\/div><\/div>[\/vc_column][\/vc_row][vc_row][vc_column][vc_raw_html]JTNDaWZyYW1lJTIwd2lkdGglM0QlMjIxMDAwJTIyJTIwaGVpZ2h0JTNEJTIyNDgwJTIyJTIwc3JjJTNEJTIyaHR0cHMlM0ElMkYlMkZteS5tYXR0ZXJwb3J0dnIuY24lMkZzaG93JTJGJTNGbSUzRDJ2bTNQZUJXWDJuJTIyJTIwZnJhbWVib3JkZXIlM0QlMjIwJTIyJTIwYWxsb3dmdWxsc2NyZWVuJTIwYWxsb3clM0QlMjJhdXRvcGxheSUzQiUyMGZ1bGxzY3JlZW4lM0IlMjB3ZWItc2hhcmUlM0IlMjB4ci1zcGF0aWFsLXRyYWNraW5nJTNCJTIyJTNFJTNDJTJGaWZyYW1lJTNF[\/vc_raw_html][\/vc_column][\/vc_row][vc_row][vc_column][\/vc_column][\/vc_row][vc_row css=\u00a0\u00bb.vc_custom_1766478086787{margin-top: 50px !important;}\u00a0\u00bb][vc_column css=\u00a0\u00bb.vc_custom_1766477946905{margin-bottom: -30px !important;}\u00a0\u00bb]<div style=\"\" class=\"heading-title  al-center\" id=\"alian4x_el_69d0548f70b99\"><h3 style=\"\" class=\"al-headitg-title al-parallax\">N Type Carport solaire personnalisable<\/h3><div  class=\"al-subtitle\"><\/div><\/div>[\/vc_column][\/vc_row][vc_row][vc_column][vc_raw_html]JTNDaWZyYW1lJTIwd2lkdGglM0QlMjIxMDAwJTIyJTIwaGVpZ2h0JTNEJTIyNDgwJTIyJTIwc3JjJTNEJTIyaHR0cHMlM0ElMkYlMkZteS5tYXR0ZXJwb3J0dnIuY24lMkZzaG93JTJGJTNGbSUzRFJSdFd6RUhUeENzJTIyJTIwZnJhbWVib3JkZXIlM0QlMjIwJTIyJTIwYWxsb3dmdWxsc2NyZWVuJTIwYWxsb3clM0QlMjJhdXRvcGxheSUzQiUyMGZ1bGxzY3JlZW4lM0IlMjB3ZWItc2hhcmUlM0IlMjB4ci1zcGF0aWFsLXRyYWNraW5nJTNCJTIyJTNFJTNDJTJGaWZyYW1lJTNF[\/vc_raw_html][\/vc_column][\/vc_row]<\/p>\n","protected":false},"excerpt":{"rendered":"<p>[vc_section full_width=\u00a0\u00bbstretch_row\u00a0\u00bb content_placement=\u00a0\u00bbbottom\u00a0\u00bb css=\u00a0\u00bb.vc_custom_1758077996536{margin-bottom: 20px !important;padding-top: 150px !important;padding-bottom: 90px !important;background-image: url(https:\/\/ecosolarcarport.com\/wp-content\/uploads\/2025\/09\/pexels-jan-van-bizar-12224996-1.jpg?id=9539) !important;background-position: center !important;background-repeat: no-repeat !important;background-size: cover !important;}\u00a0\u00bb][vc_row content_placement=\u00a0\u00bbmiddle\u00a0\u00bb][vc_column offset=\u00a0\u00bbvc_col-lg-offset-0 vc_col-md-offset-0 vc_col-sm-offset-0&Prime;][\/vc_column][\/vc_row][\/vc_section][vc_row css=\u00a0\u00bb.vc_custom_1766477941244{margin-top: 30px !important;}\u00a0\u00bb][vc_column css=\u00a0\u00bb.vc_custom_1766477946905{margin-bottom: -30px !important;}\u00a0\u00bb][\/vc_column][\/vc_row][vc_row][vc_column][vc_raw_html]JTNDaWZyYW1lJTIwd2lkdGglM0QlMjIxMDAwJTIyJTIwaGVpZ2h0JTNEJTIyNDgwJTIyJTIwc3JjJTNEJTIyaHR0cHMlM0ElMkYlMkZteS5tYXR0ZXJwb3J0dnIuY24lMkZzaG93JTJGJTNGbSUzRFI1OTZvWmhXN3NzJTIyJTIwZnJhbWVib3JkZXIlM0QlMjIwJTIyJTIwYWxsb3dmdWxsc2NyZWVuJTIwYWxsb3clM0QlMjJhdXRvcGxheSUzQiUyMGZ1bGxzY3JlZW4lM0IlMjB3ZWItc2hhcmUlM0IlMjB4ci1zcGF0aWFsLXRyYWNraW5nJTNCJTIyJTNFJTNDJTJGaWZyYW1lJTNF[\/vc_raw_html][\/vc_column][\/vc_row][vc_row][vc_column][\/vc_column][\/vc_row][vc_row css=\u00a0\u00bb.vc_custom_1766478086787{margin-top: 50px !important;}\u00a0\u00bb][vc_column css=\u00a0\u00bb.vc_custom_1766477946905{margin-bottom: -30px !important;}\u00a0\u00bb][\/vc_column][\/vc_row][vc_row][vc_column][vc_raw_html]JTNDaWZyYW1lJTIwd2lkdGglM0QlMjIxMDAwJTIyJTIwaGVpZ2h0JTNEJTIyNDgwJTIyJTIwc3JjJTNEJTIyaHR0cHMlM0ElMkYlMkZteS5tYXR0ZXJwb3J0dnIuY24lMkZzaG93JTJGJTNGbSUzRDdWYnBwZm0yNk1FJTIyJTIwZnJhbWVib3JkZXIlM0QlMjIwJTIyJTIwYWxsb3dmdWxsc2NyZWVuJTIwYWxsb3clM0QlMjJhdXRvcGxheSUzQiUyMGZ1bGxzY3JlZW4lM0IlMjB3ZWItc2hhcmUlM0IlMjB4ci1zcGF0aWFsLXRyYWNraW5nJTNCJTIyJTNFJTNDJTJGaWZyYW1lJTNF[\/vc_raw_html][\/vc_column][\/vc_row][vc_row][vc_column][\/vc_column][\/vc_row][vc_row css=\u00a0\u00bb.vc_custom_1766478086787{margin-top: 50px !important;}\u00a0\u00bb][vc_column css=\u00a0\u00bb.vc_custom_1766477946905{margin-bottom: -30px !important;}\u00a0\u00bb][\/vc_column][\/vc_row][vc_row][vc_column][vc_raw_html]JTNDaWZyYW1lJTIwd2lkdGglM0QlMjIxMDAwJTIyJTIwaGVpZ2h0JTNEJTIyNDgwJTIyJTIwc3JjJTNEJTIyaHR0cHMlM0ElMkYlMkZteS5tYXR0ZXJwb3J0dnIuY24lMkZzaG93JTJGJTNGbSUzRDJ2bTNQZUJXWDJuJTIyJTIwZnJhbWVib3JkZXIlM0QlMjIwJTIyJTIwYWxsb3dmdWxsc2NyZWVuJTIwYWxsb3clM0QlMjJhdXRvcGxheSUzQiUyMGZ1bGxzY3JlZW4lM0IlMjB3ZWItc2hhcmUlM0IlMjB4ci1zcGF0aWFsLXRyYWNraW5nJTNCJTIyJTNFJTNDJTJGaWZyYW1lJTNF[\/vc_raw_html][\/vc_column][\/vc_row][vc_row][vc_column][\/vc_column][\/vc_row][vc_row css=\u00a0\u00bb.vc_custom_1766478086787{margin-top: 50px !important;}\u00a0\u00bb][vc_column css=\u00a0\u00bb.vc_custom_1766477946905{margin-bottom: -30px !important;}\u00a0\u00bb][\/vc_column][\/vc_row][vc_row][vc_column][vc_raw_html]JTNDaWZyYW1lJTIwd2lkdGglM0QlMjIxMDAwJTIyJTIwaGVpZ2h0JTNEJTIyNDgwJTIyJTIwc3JjJTNEJTIyaHR0cHMlM0ElMkYlMkZteS5tYXR0ZXJwb3J0dnIuY24lMkZzaG93JTJGJTNGbSUzRFJSdFd6RUhUeENzJTIyJTIwZnJhbWVib3JkZXIlM0QlMjIwJTIyJTIwYWxsb3dmdWxsc2NyZWVuJTIwYWxsb3clM0QlMjJhdXRvcGxheSUzQiUyMGZ1bGxzY3JlZW4lM0IlMjB3ZWItc2hhcmUlM0IlMjB4ci1zcGF0aWFsLXRyYWNraW5nJTNCJTIyJTNFJTNDJTJGaWZyYW1lJTNF[\/vc_raw_html][\/vc_column][\/vc_row]<\/p>\n","protected":false},"author":1,"featured_media":0,"parent":0,"menu_order":0,"comment_status":"closed","ping_status":"closed","template":"page-builder.php","meta":{"om_disable_all_campaigns":false,"_monsterinsights_skip_tracking":false,"_monsterinsights_sitenote_active":false,"_monsterinsights_sitenote_note":"","_monsterinsights_sitenote_category":0,"footnotes":""},"class_list":["post-12017","page","type-page","status-publish","hentry"],"acf":[],"yoast_head":"<!-- This site is optimized with the Yoast SEO plugin v27.1.1 - https:\/\/yoast.com\/product\/yoast-seo-wordpress\/ -->\n<title>Pr\u00e9sentation 3D Matterport - ecosolarcarport<\/title>\n<meta name=\"robots\" content=\"index, follow, max-snippet:-1, max-image-preview:large, max-video-preview:-1\" \/>\n<link rel=\"canonical\" href=\"https:\/\/ecosolarcarport.com\/fr\/presentation-3d-matterport\/\" \/>\n<meta property=\"og:locale\" content=\"fr_FR\" \/>\n<meta property=\"og:type\" content=\"article\" \/>\n<meta property=\"og:title\" content=\"Pr\u00e9sentation 3D Matterport - ecosolarcarport\" \/>\n<meta property=\"og:description\" content=\"[vc_section full_width=\u00a0\u00bbstretch_row\u00a0\u00bb content_placement=\u00a0\u00bbbottom\u00a0\u00bb css=\u00a0\u00bb.vc_custom_1758077996536{margin-bottom: 20px !important;padding-top: 150px !important;padding-bottom: 90px !important;background-image: url(https:\/\/ecosolarcarport.com\/wp-content\/uploads\/2025\/09\/pexels-jan-van-bizar-12224996-1.jpg?id=9539) !important;background-position: center !important;background-repeat: no-repeat !important;background-size: cover !important;}\u00a0\u00bb][vc_row content_placement=\u00a0\u00bbmiddle\u00a0\u00bb][vc_column offset=\u00a0\u00bbvc_col-lg-offset-0 vc_col-md-offset-0 vc_col-sm-offset-0&Prime;][\/vc_column][\/vc_row][\/vc_section][vc_row css=\u00a0\u00bb.vc_custom_1766477941244{margin-top: 30px !important;}\u00a0\u00bb][vc_column css=\u00a0\u00bb.vc_custom_1766477946905{margin-bottom: -30px !important;}\u00a0\u00bb][\/vc_column][\/vc_row][vc_row][vc_column][vc_raw_html]JTNDaWZyYW1lJTIwd2lkdGglM0QlMjIxMDAwJTIyJTIwaGVpZ2h0JTNEJTIyNDgwJTIyJTIwc3JjJTNEJTIyaHR0cHMlM0ElMkYlMkZteS5tYXR0ZXJwb3J0dnIuY24lMkZzaG93JTJGJTNGbSUzRFI1OTZvWmhXN3NzJTIyJTIwZnJhbWVib3JkZXIlM0QlMjIwJTIyJTIwYWxsb3dmdWxsc2NyZWVuJTIwYWxsb3clM0QlMjJhdXRvcGxheSUzQiUyMGZ1bGxzY3JlZW4lM0IlMjB3ZWItc2hhcmUlM0IlMjB4ci1zcGF0aWFsLXRyYWNraW5nJTNCJTIyJTNFJTNDJTJGaWZyYW1lJTNF[\/vc_raw_html][\/vc_column][\/vc_row][vc_row][vc_column][\/vc_column][\/vc_row][vc_row css=\u00a0\u00bb.vc_custom_1766478086787{margin-top: 50px !important;}\u00a0\u00bb][vc_column css=\u00a0\u00bb.vc_custom_1766477946905{margin-bottom: -30px !important;}\u00a0\u00bb][\/vc_column][\/vc_row][vc_row][vc_column][vc_raw_html]JTNDaWZyYW1lJTIwd2lkdGglM0QlMjIxMDAwJTIyJTIwaGVpZ2h0JTNEJTIyNDgwJTIyJTIwc3JjJTNEJTIyaHR0cHMlM0ElMkYlMkZteS5tYXR0ZXJwb3J0dnIuY24lMkZzaG93JTJGJTNGbSUzRDdWYnBwZm0yNk1FJTIyJTIwZnJhbWVib3JkZXIlM0QlMjIwJTIyJTIwYWxsb3dmdWxsc2NyZWVuJTIwYWxsb3clM0QlMjJhdXRvcGxheSUzQiUyMGZ1bGxzY3JlZW4lM0IlMjB3ZWItc2hhcmUlM0IlMjB4ci1zcGF0aWFsLXRyYWNraW5nJTNCJTIyJTNFJTNDJTJGaWZyYW1lJTNF[\/vc_raw_html][\/vc_column][\/vc_row][vc_row][vc_column][\/vc_column][\/vc_row][vc_row css=\u00a0\u00bb.vc_custom_1766478086787{margin-top: 50px !important;}\u00a0\u00bb][vc_column css=\u00a0\u00bb.vc_custom_1766477946905{margin-bottom: -30px !important;}\u00a0\u00bb][\/vc_column][\/vc_row][vc_row][vc_column][vc_raw_html]JTNDaWZyYW1lJTIwd2lkdGglM0QlMjIxMDAwJTIyJTIwaGVpZ2h0JTNEJTIyNDgwJTIyJTIwc3JjJTNEJTIyaHR0cHMlM0ElMkYlMkZteS5tYXR0ZXJwb3J0dnIuY24lMkZzaG93JTJGJTNGbSUzRDJ2bTNQZUJXWDJuJTIyJTIwZnJhbWVib3JkZXIlM0QlMjIwJTIyJTIwYWxsb3dmdWxsc2NyZWVuJTIwYWxsb3clM0QlMjJhdXRvcGxheSUzQiUyMGZ1bGxzY3JlZW4lM0IlMjB3ZWItc2hhcmUlM0IlMjB4ci1zcGF0aWFsLXRyYWNraW5nJTNCJTIyJTNFJTNDJTJGaWZyYW1lJTNF[\/vc_raw_html][\/vc_column][\/vc_row][vc_row][vc_column][\/vc_column][\/vc_row][vc_row css=\u00a0\u00bb.vc_custom_1766478086787{margin-top: 50px !important;}\u00a0\u00bb][vc_column css=\u00a0\u00bb.vc_custom_1766477946905{margin-bottom: -30px !important;}\u00a0\u00bb][\/vc_column][\/vc_row][vc_row][vc_column][vc_raw_html]JTNDaWZyYW1lJTIwd2lkdGglM0QlMjIxMDAwJTIyJTIwaGVpZ2h0JTNEJTIyNDgwJTIyJTIwc3JjJTNEJTIyaHR0cHMlM0ElMkYlMkZteS5tYXR0ZXJwb3J0dnIuY24lMkZzaG93JTJGJTNGbSUzRFJSdFd6RUhUeENzJTIyJTIwZnJhbWVib3JkZXIlM0QlMjIwJTIyJTIwYWxsb3dmdWxsc2NyZWVuJTIwYWxsb3clM0QlMjJhdXRvcGxheSUzQiUyMGZ1bGxzY3JlZW4lM0IlMjB3ZWItc2hhcmUlM0IlMjB4ci1zcGF0aWFsLXRyYWNraW5nJTNCJTIyJTNFJTNDJTJGaWZyYW1lJTNF[\/vc_raw_html][\/vc_column][\/vc_row]\" \/>\n<meta property=\"og:url\" content=\"https:\/\/ecosolarcarport.com\/fr\/presentation-3d-matterport\/\" \/>\n<meta property=\"og:site_name\" content=\"ecosolarcarport\" \/>\n<meta property=\"article:publisher\" content=\"https:\/\/www.facebook.com\/Ecosolarcarport\" \/>\n<meta property=\"article:modified_time\" content=\"2025-12-23T09:06:59+00:00\" \/>\n<meta name=\"twitter:card\" content=\"summary_large_image\" \/>\n<meta name=\"twitter:label1\" content=\"Dur\u00e9e de lecture estim\u00e9e\" \/>\n\t<meta name=\"twitter:data1\" content=\"2 minutes\" \/>\n<script type=\"application\/ld+json\" class=\"yoast-schema-graph\">{\"@context\":\"https:\/\/schema.org\",\"@graph\":[{\"@type\":\"WebPage\",\"@id\":\"https:\/\/ecosolarcarport.com\/fr\/presentation-3d-matterport\/\",\"url\":\"https:\/\/ecosolarcarport.com\/fr\/presentation-3d-matterport\/\",\"name\":\"Pr\u00e9sentation 3D Matterport - ecosolarcarport\",\"isPartOf\":{\"@id\":\"https:\/\/ecosolarcarport.com\/fr\/#website\"},\"datePublished\":\"2025-12-23T07:56:33+00:00\",\"dateModified\":\"2025-12-23T09:06:59+00:00\",\"breadcrumb\":{\"@id\":\"https:\/\/ecosolarcarport.com\/fr\/presentation-3d-matterport\/#breadcrumb\"},\"inLanguage\":\"fr-FR\",\"potentialAction\":[{\"@type\":\"ReadAction\",\"target\":[\"https:\/\/ecosolarcarport.com\/fr\/presentation-3d-matterport\/\"]}]},{\"@type\":\"BreadcrumbList\",\"@id\":\"https:\/\/ecosolarcarport.com\/fr\/presentation-3d-matterport\/#breadcrumb\",\"itemListElement\":[{\"@type\":\"ListItem\",\"position\":1,\"name\":\"\u9996\u9875\",\"item\":\"https:\/\/ecosolarcarport.com\/fr\/\"},{\"@type\":\"ListItem\",\"position\":2,\"name\":\"Pr\u00e9sentation 3D Matterport\"}]},{\"@type\":\"WebSite\",\"@id\":\"https:\/\/ecosolarcarport.com\/fr\/#website\",\"url\":\"https:\/\/ecosolarcarport.com\/fr\/\",\"name\":\"ecosolarcarport\",\"description\":\"\",\"publisher\":{\"@id\":\"https:\/\/ecosolarcarport.com\/fr\/#organization\"},\"potentialAction\":[{\"@type\":\"SearchAction\",\"target\":{\"@type\":\"EntryPoint\",\"urlTemplate\":\"https:\/\/ecosolarcarport.com\/fr\/?s={search_term_string}\"},\"query-input\":{\"@type\":\"PropertyValueSpecification\",\"valueRequired\":true,\"valueName\":\"search_term_string\"}}],\"inLanguage\":\"fr-FR\"},{\"@type\":\"Organization\",\"@id\":\"https:\/\/ecosolarcarport.com\/fr\/#organization\",\"name\":\"ecosolarcarport\",\"url\":\"https:\/\/ecosolarcarport.com\/fr\/\",\"logo\":{\"@type\":\"ImageObject\",\"inLanguage\":\"fr-FR\",\"@id\":\"https:\/\/ecosolarcarport.com\/fr\/#\/schema\/logo\/image\/\",\"url\":\"https:\/\/ecosolarcarport.com\/wp-content\/uploads\/2026\/03\/Ecosolarcarport.jpg\",\"contentUrl\":\"https:\/\/ecosolarcarport.com\/wp-content\/uploads\/2026\/03\/Ecosolarcarport.jpg\",\"width\":696,\"height\":696,\"caption\":\"ecosolarcarport\"},\"image\":{\"@id\":\"https:\/\/ecosolarcarport.com\/fr\/#\/schema\/logo\/image\/\"},\"sameAs\":[\"https:\/\/www.facebook.com\/Ecosolarcarport\"]}]}<\/script>\n<!-- \/ Yoast SEO plugin. -->","yoast_head_json":{"title":"Pr\u00e9sentation 3D Matterport - ecosolarcarport","robots":{"index":"index","follow":"follow","max-snippet":"max-snippet:-1","max-image-preview":"max-image-preview:large","max-video-preview":"max-video-preview:-1"},"canonical":"https:\/\/ecosolarcarport.com\/fr\/presentation-3d-matterport\/","og_locale":"fr_FR","og_type":"article","og_title":"Pr\u00e9sentation 3D Matterport - ecosolarcarport","og_description":"[vc_section full_width=\u00a0\u00bbstretch_row\u00a0\u00bb content_placement=\u00a0\u00bbbottom\u00a0\u00bb css=\u00a0\u00bb.vc_custom_1758077996536{margin-bottom: 20px !important;padding-top: 150px !important;padding-bottom: 90px !important;background-image: url(https:\/\/ecosolarcarport.com\/wp-content\/uploads\/2025\/09\/pexels-jan-van-bizar-12224996-1.jpg?id=9539) !important;background-position: center !important;background-repeat: no-repeat !important;background-size: cover !important;}\u00a0\u00bb][vc_row content_placement=\u00a0\u00bbmiddle\u00a0\u00bb][vc_column offset=\u00a0\u00bbvc_col-lg-offset-0 vc_col-md-offset-0 vc_col-sm-offset-0&Prime;][\/vc_column][\/vc_row][\/vc_section][vc_row css=\u00a0\u00bb.vc_custom_1766477941244{margin-top: 30px !important;}\u00a0\u00bb][vc_column css=\u00a0\u00bb.vc_custom_1766477946905{margin-bottom: -30px !important;}\u00a0\u00bb][\/vc_column][\/vc_row][vc_row][vc_column][vc_raw_html]JTNDaWZyYW1lJTIwd2lkdGglM0QlMjIxMDAwJTIyJTIwaGVpZ2h0JTNEJTIyNDgwJTIyJTIwc3JjJTNEJTIyaHR0cHMlM0ElMkYlMkZteS5tYXR0ZXJwb3J0dnIuY24lMkZzaG93JTJGJTNGbSUzRFI1OTZvWmhXN3NzJTIyJTIwZnJhbWVib3JkZXIlM0QlMjIwJTIyJTIwYWxsb3dmdWxsc2NyZWVuJTIwYWxsb3clM0QlMjJhdXRvcGxheSUzQiUyMGZ1bGxzY3JlZW4lM0IlMjB3ZWItc2hhcmUlM0IlMjB4ci1zcGF0aWFsLXRyYWNraW5nJTNCJTIyJTNFJTNDJTJGaWZyYW1lJTNF[\/vc_raw_html][\/vc_column][\/vc_row][vc_row][vc_column][\/vc_column][\/vc_row][vc_row css=\u00a0\u00bb.vc_custom_1766478086787{margin-top: 50px !important;}\u00a0\u00bb][vc_column css=\u00a0\u00bb.vc_custom_1766477946905{margin-bottom: -30px !important;}\u00a0\u00bb][\/vc_column][\/vc_row][vc_row][vc_column][vc_raw_html]JTNDaWZyYW1lJTIwd2lkdGglM0QlMjIxMDAwJTIyJTIwaGVpZ2h0JTNEJTIyNDgwJTIyJTIwc3JjJTNEJTIyaHR0cHMlM0ElMkYlMkZteS5tYXR0ZXJwb3J0dnIuY24lMkZzaG93JTJGJTNGbSUzRDdWYnBwZm0yNk1FJTIyJTIwZnJhbWVib3JkZXIlM0QlMjIwJTIyJTIwYWxsb3dmdWxsc2NyZWVuJTIwYWxsb3clM0QlMjJhdXRvcGxheSUzQiUyMGZ1bGxzY3JlZW4lM0IlMjB3ZWItc2hhcmUlM0IlMjB4ci1zcGF0aWFsLXRyYWNraW5nJTNCJTIyJTNFJTNDJTJGaWZyYW1lJTNF[\/vc_raw_html][\/vc_column][\/vc_row][vc_row][vc_column][\/vc_column][\/vc_row][vc_row css=\u00a0\u00bb.vc_custom_1766478086787{margin-top: 50px !important;}\u00a0\u00bb][vc_column css=\u00a0\u00bb.vc_custom_1766477946905{margin-bottom: -30px !important;}\u00a0\u00bb][\/vc_column][\/vc_row][vc_row][vc_column][vc_raw_html]JTNDaWZyYW1lJTIwd2lkdGglM0QlMjIxMDAwJTIyJTIwaGVpZ2h0JTNEJTIyNDgwJTIyJTIwc3JjJTNEJTIyaHR0cHMlM0ElMkYlMkZteS5tYXR0ZXJwb3J0dnIuY24lMkZzaG93JTJGJTNGbSUzRDJ2bTNQZUJXWDJuJTIyJTIwZnJhbWVib3JkZXIlM0QlMjIwJTIyJTIwYWxsb3dmdWxsc2NyZWVuJTIwYWxsb3clM0QlMjJhdXRvcGxheSUzQiUyMGZ1bGxzY3JlZW4lM0IlMjB3ZWItc2hhcmUlM0IlMjB4ci1zcGF0aWFsLXRyYWNraW5nJTNCJTIyJTNFJTNDJTJGaWZyYW1lJTNF[\/vc_raw_html][\/vc_column][\/vc_row][vc_row][vc_column][\/vc_column][\/vc_row][vc_row css=\u00a0\u00bb.vc_custom_1766478086787{margin-top: 50px !important;}\u00a0\u00bb][vc_column css=\u00a0\u00bb.vc_custom_1766477946905{margin-bottom: -30px !important;}\u00a0\u00bb][\/vc_column][\/vc_row][vc_row][vc_column][vc_raw_html]JTNDaWZyYW1lJTIwd2lkdGglM0QlMjIxMDAwJTIyJTIwaGVpZ2h0JTNEJTIyNDgwJTIyJTIwc3JjJTNEJTIyaHR0cHMlM0ElMkYlMkZteS5tYXR0ZXJwb3J0dnIuY24lMkZzaG93JTJGJTNGbSUzRFJSdFd6RUhUeENzJTIyJTIwZnJhbWVib3JkZXIlM0QlMjIwJTIyJTIwYWxsb3dmdWxsc2NyZWVuJTIwYWxsb3clM0QlMjJhdXRvcGxheSUzQiUyMGZ1bGxzY3JlZW4lM0IlMjB3ZWItc2hhcmUlM0IlMjB4ci1zcGF0aWFsLXRyYWNraW5nJTNCJTIyJTNFJTNDJTJGaWZyYW1lJTNF[\/vc_raw_html][\/vc_column][\/vc_row]","og_url":"https:\/\/ecosolarcarport.com\/fr\/presentation-3d-matterport\/","og_site_name":"ecosolarcarport","article_publisher":"https:\/\/www.facebook.com\/Ecosolarcarport","article_modified_time":"2025-12-23T09:06:59+00:00","twitter_card":"summary_large_image","twitter_misc":{"Dur\u00e9e de lecture estim\u00e9e":"2 minutes"},"schema":{"@context":"https:\/\/schema.org","@graph":[{"@type":"WebPage","@id":"https:\/\/ecosolarcarport.com\/fr\/presentation-3d-matterport\/","url":"https:\/\/ecosolarcarport.com\/fr\/presentation-3d-matterport\/","name":"Pr\u00e9sentation 3D Matterport - ecosolarcarport","isPartOf":{"@id":"https:\/\/ecosolarcarport.com\/fr\/#website"},"datePublished":"2025-12-23T07:56:33+00:00","dateModified":"2025-12-23T09:06:59+00:00","breadcrumb":{"@id":"https:\/\/ecosolarcarport.com\/fr\/presentation-3d-matterport\/#breadcrumb"},"inLanguage":"fr-FR","potentialAction":[{"@type":"ReadAction","target":["https:\/\/ecosolarcarport.com\/fr\/presentation-3d-matterport\/"]}]},{"@type":"BreadcrumbList","@id":"https:\/\/ecosolarcarport.com\/fr\/presentation-3d-matterport\/#breadcrumb","itemListElement":[{"@type":"ListItem","position":1,"name":"\u9996\u9875","item":"https:\/\/ecosolarcarport.com\/fr\/"},{"@type":"ListItem","position":2,"name":"Pr\u00e9sentation 3D Matterport"}]},{"@type":"WebSite","@id":"https:\/\/ecosolarcarport.com\/fr\/#website","url":"https:\/\/ecosolarcarport.com\/fr\/","name":"ecosolarcarport","description":"","publisher":{"@id":"https:\/\/ecosolarcarport.com\/fr\/#organization"},"potentialAction":[{"@type":"SearchAction","target":{"@type":"EntryPoint","urlTemplate":"https:\/\/ecosolarcarport.com\/fr\/?s={search_term_string}"},"query-input":{"@type":"PropertyValueSpecification","valueRequired":true,"valueName":"search_term_string"}}],"inLanguage":"fr-FR"},{"@type":"Organization","@id":"https:\/\/ecosolarcarport.com\/fr\/#organization","name":"ecosolarcarport","url":"https:\/\/ecosolarcarport.com\/fr\/","logo":{"@type":"ImageObject","inLanguage":"fr-FR","@id":"https:\/\/ecosolarcarport.com\/fr\/#\/schema\/logo\/image\/","url":"https:\/\/ecosolarcarport.com\/wp-content\/uploads\/2026\/03\/Ecosolarcarport.jpg","contentUrl":"https:\/\/ecosolarcarport.com\/wp-content\/uploads\/2026\/03\/Ecosolarcarport.jpg","width":696,"height":696,"caption":"ecosolarcarport"},"image":{"@id":"https:\/\/ecosolarcarport.com\/fr\/#\/schema\/logo\/image\/"},"sameAs":["https:\/\/www.facebook.com\/Ecosolarcarport"]}]}},"_links":{"self":[{"href":"https:\/\/ecosolarcarport.com\/fr\/wp-json\/wp\/v2\/pages\/12017","targetHints":{"allow":["GET"]}}],"collection":[{"href":"https:\/\/ecosolarcarport.com\/fr\/wp-json\/wp\/v2\/pages"}],"about":[{"href":"https:\/\/ecosolarcarport.com\/fr\/wp-json\/wp\/v2\/types\/page"}],"author":[{"embeddable":true,"href":"https:\/\/ecosolarcarport.com\/fr\/wp-json\/wp\/v2\/users\/1"}],"replies":[{"embeddable":true,"href":"https:\/\/ecosolarcarport.com\/fr\/wp-json\/wp\/v2\/comments?post=12017"}],"version-history":[{"count":8,"href":"https:\/\/ecosolarcarport.com\/fr\/wp-json\/wp\/v2\/pages\/12017\/revisions"}],"predecessor-version":[{"id":12030,"href":"https:\/\/ecosolarcarport.com\/fr\/wp-json\/wp\/v2\/pages\/12017\/revisions\/12030"}],"wp:attachment":[{"href":"https:\/\/ecosolarcarport.com\/fr\/wp-json\/wp\/v2\/media?parent=12017"}],"curies":[{"name":"wp","href":"https:\/\/api.w.org\/{rel}","templated":true}]}}