{"id":4426,"date":"2018-04-20T21:19:19","date_gmt":"2018-04-20T21:19:19","guid":{"rendered":"http:\/\/laniakeaenergy.com\/services-archive-3-columns\/"},"modified":"2025-12-12T08:01:37","modified_gmt":"2025-12-12T08:01:37","slug":"prestations","status":"publish","type":"page","link":"https:\/\/ecosolarcarport.com\/fr\/prestations\/","title":{"rendered":"Prestations"},"content":{"rendered":"<p>[vc_section full_width=\u00a0\u00bbstretch_row\u00a0\u00bb content_placement=\u00a0\u00bbbottom\u00a0\u00bb css=\u00a0\u00bb.vc_custom_1758077996536{margin-bottom: 20px !important;padding-top: 150px !important;padding-bottom: 90px !important;background-image: url(https:\/\/ecosolarcarport.com\/wp-content\/uploads\/2025\/09\/pexels-jan-van-bizar-12224996-1.jpg?id=9539) !important;background-position: center !important;background-repeat: no-repeat !important;background-size: cover !important;}\u00a0\u00bb][vc_row content_placement=\u00a0\u00bbmiddle\u00a0\u00bb][vc_column offset=\u00a0\u00bbvc_col-lg-offset-0 vc_col-md-offset-0 vc_col-sm-offset-0&Prime;]<div style=\"padding:60px 40px;\" class=\"heading-title  breadcrumbs-style al-center\" id=\"alian4x_el_69d05934d2359\"><h5 style=\"color:#ffffff;\" class=\"al-headitg-title al-parallax\">Nous proposons une gamme compl\u00e8te de services d'agence adapt\u00e9s \u00e0 vos besoins sp\u00e9cifiques et, en tant que partenaire de confiance, nous nous engageons \u00e0 fournir des r\u00e9sultats exceptionnels.<\/h5><div style=\"color:#ffffff;\" class=\"al-subtitle\"><\/div><\/div>[\/vc_column][\/vc_row][\/vc_section][vc_row css=\u00a0\u00bb.vc_custom_1758077911822{margin-top: 100px !important;}\u00a0\u00bb][vc_column width=\u00a0\u00bb1\/3&Prime;][vc_single_image image=\u00a0\u00bb9482&Prime; img_size=\u00a0\u00bb400&#215;310&Prime; css=\u00a0\u00bb.vc_custom_1758077190493{margin-bottom: -8px !important;}\u00a0\u00bb el_class=\u00a0\u00bbpost-content img\u00a0\u00bb][vc_column_text css_animation=\u00a0\u00bbfadeIn\u00a0\u00bb css=\u00a0\u00bb.vc_custom_1758076449936{border-top-width: 3px !important;padding-top: 13px !important;padding-right: 13px !important;padding-bottom: 0px !important;padding-left: 13px !important;background-color: #eeeeee !important;}\u00a0\u00bb el_class=\u00a0\u00bbsmall-text\u00a0\u00bb]<\/p>\n<h5 style=\"text-align: left;\">SOLUTION PROFESSIONNELLE<\/h5>\n<p style=\"text-align: left;\">Nous offrons une gamme compl\u00e8te de services d&rsquo;agence, y compris la conception et la mise en \u0153uvre d&rsquo;une solution solaire compl\u00e8te pour votre b\u00e2timent, visant \u00e0 maximiser l&rsquo;efficacit\u00e9 \u00e9nerg\u00e9tique et \u00e0 r\u00e9duire la consommation.<\/p>\n<p style=\"text-align: left;\">En tant que fournisseur et partenaire de confiance, nos \u00e9quipes en Chine et en Allemagne sont toujours pr\u00eates \u00e0 vous soutenir et \u00e0 assurer votre enti\u00e8re satisfaction.<\/p>\n<p>[\/vc_column_text][\/vc_column][vc_column width=\u00a0\u00bb1\/3&Prime;][vc_single_image image=\u00a0\u00bb9571&Prime; img_size=\u00a0\u00bb400&#215;310&Prime; css=\u00a0\u00bb.vc_custom_1758091933335{margin-bottom: -8px !important;background-image: url(https:\/\/ecosolarcarport.com\/wp-content\/uploads\/2025\/09\/4.jpg?id=9571) !important;}\u00a0\u00bb el_class=\u00a0\u00bbpost-content img\u00a0\u00bb][vc_column_text css_animation=\u00a0\u00bbfadeIn\u00a0\u00bb css=\u00a0\u00bb.vc_custom_1758076851239{border-top-width: 3px !important;padding-top: 13px !important;padding-right: 13px !important;padding-bottom: 0px !important;padding-left: 13px !important;background-color: #eeeeee !important;}\u00a0\u00bb el_class=\u00a0\u00bbsmall-text\u00a0\u00bb]<\/p>\n<h5 style=\"text-align: left;\">\u00c9QUIPE DE CONCEPTION<\/h5>\n<p>Notre \u00e9quipe de concepteurs hautement qualifi\u00e9s poss\u00e8de une vaste exp\u00e9rience dans la fourniture de solutions sur mesure pour r\u00e9pondre aux besoins uniques de chaque client.<\/p>\n<p>Il vous suffit de nous fournir une id\u00e9e, un croquis ou une vision du r\u00e9sultat souhait\u00e9. Notre \u00e9quipe d&rsquo;experts s&rsquo;occupera de tous les aspects du processus, du d\u00e9veloppement du concept initial \u00e0 la production du produit final.[\/vc_column_text][\/vc_column][vc_column width=\u00a0\u00bb1\/3&Prime;][vc_single_image image=\u00a0\u00bb9489&Prime; img_size=\u00a0\u00bb400&#215;310&Prime; css=\u00a0\u00bb.vc_custom_1758077689684{margin-bottom: -8px !important;}\u00a0\u00bb el_class=\u00a0\u00bbpost-content img\u00a0\u00bb][vc_column_text css_animation=\u00a0\u00bbfadeIn\u00a0\u00bb css=\u00a0\u00bb.vc_custom_1758076949056{border-top-width: 3px !important;padding-top: 13px !important;padding-right: 13px !important;padding-bottom: 0px !important;padding-left: 13px !important;background-color: #eeeeee !important;}\u00a0\u00bb el_class=\u00a0\u00bbsmall-text\u00a0\u00bb]<\/p>\n<h5>SERVICES LOGISTIQUES<\/h5>\n<div class=\"head-service small-head text-left\">\n<p>Nos services logistiques proposent plusieurs options de transport, notamment DPD, GLS, UPS, DHL et bien d&rsquo;autres, garantissant ainsi une livraison fiable dans toute l&rsquo;Europe.<\/p>\n<p>En outre, les exp\u00e9ditions de conteneurs de la Chine vers l&rsquo;Allemagne ayant lieu toutes les deux semaines, nous sommes en mesure d&rsquo;offrir \u00e0 nos clients des livraisons \u00e0 la fois \u00e9conomiques et acc\u00e9l\u00e9r\u00e9es.<\/p>\n<\/div>\n<p>[\/vc_column_text][\/vc_column][\/vc_row][vc_row css=\u00a0\u00bb.vc_custom_1758074690381{margin-top: 30px !important;}\u00a0\u00bb][vc_column width=\u00a0\u00bb1\/3&Prime;][vc_single_image image=\u00a0\u00bb9494&Prime; img_size=\u00a0\u00bb400&#215;310&Prime; css=\u00a0\u00bb.vc_custom_1758077695074{margin-bottom: -8px !important;}\u00a0\u00bb el_class=\u00a0\u00bbpost-content img\u00a0\u00bb][vc_column_text css_animation=\u00a0\u00bbfadeIn\u00a0\u00bb css=\u00a0\u00bb.vc_custom_1758076963272{border-top-width: 3px !important;padding-top: 13px !important;padding-right: 13px !important;padding-bottom: 0px !important;padding-left: 13px !important;background-color: #eeeeee !important;}\u00a0\u00bb el_class=\u00a0\u00bbsmall-text\u00a0\u00bb]<\/p>\n<h5>SERVICE D&rsquo;INSTALLATION SUR SITE<\/h5>\n<div class=\"head-service small-head text-left\">\n<p>Fournir des services d&rsquo;installation sur site, un service unique depuis l&rsquo;achat, l&rsquo;installation jusqu&rsquo;au service apr\u00e8s-vente peut permettre aux clients de ne pas s&rsquo;inqui\u00e9ter, d&rsquo;am\u00e9liorer l&rsquo;efficacit\u00e9 et d&rsquo;\u00e9conomiser des co\u00fbts.<\/p>\n<\/div>\n<p>[\/vc_column_text][\/vc_column][vc_column width=\u00a0\u00bb1\/3&Prime;][vc_single_image image=\u00a0\u00bb9499&Prime; img_size=\u00a0\u00bb400&#215;310&Prime; css=\u00a0\u00bb.vc_custom_1758077700020{margin-bottom: -8px !important;}\u00a0\u00bb el_class=\u00a0\u00bbpost-content img\u00a0\u00bb][vc_column_text css_animation=\u00a0\u00bbfadeIn\u00a0\u00bb css=\u00a0\u00bb.vc_custom_1758076954231{border-top-width: 3px !important;padding-top: 13px !important;padding-right: 13px !important;padding-bottom: 0px !important;padding-left: 13px !important;background-color: #eeeeee !important;}\u00a0\u00bb el_class=\u00a0\u00bbsmall-text\u00a0\u00bb]<\/p>\n<h5>SKD SERVICES<\/h5>\n<div class=\"head-service small-head text-left\">\n<p>Notre succursale allemande propose des services SKD complets, notamment l&rsquo;assemblage de semi-produits, la personnalisation pour r\u00e9pondre aux exigences des clients, la r\u00e9paration des retours et des inspections approfondies.<\/p>\n<p>Nos produits sont con\u00e7us pour \u00eatre polyvalents et peuvent \u00eatre transform\u00e9s en une vari\u00e9t\u00e9 de fonctions en combinant simplement diff\u00e9rents accessoires. Gr\u00e2ce \u00e0 sa capacit\u00e9 \u00e0 reconstruire les produits en interne, notre succursale allemande s&rsquo;assure que les clients re\u00e7oivent les produits souhait\u00e9s dans les d\u00e9lais impartis. <\/p>\n<\/div>\n<p>[\/vc_column_text][\/vc_column][vc_column width=\u00a0\u00bb1\/3&Prime;][vc_single_image image=\u00a0\u00bb9504&Prime; img_size=\u00a0\u00bb400&#215;310&Prime; css=\u00a0\u00bb.vc_custom_1758077706132{margin-bottom: -8px !important;}\u00a0\u00bb el_class=\u00a0\u00bbpost-content img\u00a0\u00bb][vc_column_text css_animation=\u00a0\u00bbfadeIn\u00a0\u00bb css=\u00a0\u00bb.vc_custom_1758076957848{border-top-width: 3px !important;padding-top: 13px !important;padding-right: 13px !important;padding-bottom: 0px !important;padding-left: 13px !important;background-color: #eeeeee !important;}\u00a0\u00bb el_class=\u00a0\u00bbsmall-text\u00a0\u00bb]<\/p>\n<h5>SERVICE AU D\u00c9TAILLANT<\/h5>\n<div class=\"head-service small-head text-left\">\n<p>Nous proposons des expositions de r\u00e9alit\u00e9 virtuelle personnalis\u00e9es avec la possibilit\u00e9 d&rsquo;ajouter un logo personnel ou d&rsquo;opter pour l&rsquo;absence de logo. En outre, notre \u00e9quipe vous apporte un soutien personnalis\u00e9 dans la cr\u00e9ation de salles d&rsquo;exposition \u00e0 360 degr\u00e9s sur mesure, adapt\u00e9es \u00e0 vos besoins sp\u00e9cifiques. <\/p>\n<p>En tant que fournisseur et partenaire de confiance, nos \u00e9quipes en Chine et en Allemagne sont toujours pr\u00eates \u00e0 vous soutenir et \u00e0 assurer votre enti\u00e8re satisfaction.<\/p>\n<\/div>\n<p>[\/vc_column_text][\/vc_column][\/vc_row][vc_row css=\u00a0\u00bb.vc_custom_1758076998011{margin-top: 30px !important;margin-bottom: 30px !important;}\u00a0\u00bb][vc_column][\/vc_column][\/vc_row]<\/p>\n","protected":false},"excerpt":{"rendered":"<p>[vc_section full_width=\u00a0\u00bbstretch_row\u00a0\u00bb content_placement=\u00a0\u00bbbottom\u00a0\u00bb css=\u00a0\u00bb.vc_custom_1758077996536{margin-bottom: 20px !important;padding-top: 150px !important;padding-bottom: 90px !important;background-image: url(https:\/\/ecosolarcarport.com\/wp-content\/uploads\/2025\/09\/pexels-jan-van-bizar-12224996-1.jpg?id=9539) !important;background-position: center !important;background-repeat: no-repeat !important;background-size: cover !important;}\u00a0\u00bb][vc_row content_placement=\u00a0\u00bbmiddle\u00a0\u00bb][vc_column offset=\u00a0\u00bbvc_col-lg-offset-0 vc_col-md-offset-0 vc_col-sm-offset-0&Prime;][\/vc_column][\/vc_row][\/vc_section][vc_row css=\u00a0\u00bb.vc_custom_1758077911822{margin-top: 100px !important;}\u00a0\u00bb][vc_column width=\u00a0\u00bb1\/3&Prime;][vc_single_image image=\u00a0\u00bb9482&Prime; img_size=\u00a0\u00bb400&#215;310&Prime; css=\u00a0\u00bb.vc_custom_1758077190493{margin-bottom: -8px !important;}\u00a0\u00bb el_class=\u00a0\u00bbpost-content img\u00a0\u00bb][vc_column_text css_animation=\u00a0\u00bbfadeIn\u00a0\u00bb css=\u00a0\u00bb.vc_custom_1758076449936{border-top-width: 3px !important;padding-top: 13px !important;padding-right: 13px !important;padding-bottom: 0px !important;padding-left: 13px !important;background-color: #eeeeee !important;}\u00a0\u00bb el_class=\u00a0\u00bbsmall-text\u00a0\u00bb] SOLUTION PROFESSIONNELLE Nous offrons une gamme compl\u00e8te<span class=\"screen-reader-text\"><a href=\"https:\/\/ecosolarcarport.com\/fr\/prestations\/\" rel=\"nofollow\">[&#8230;]<\/a><\/span><\/p>\n","protected":false},"author":1,"featured_media":0,"parent":0,"menu_order":0,"comment_status":"closed","ping_status":"closed","template":"page-builder.php","meta":{"om_disable_all_campaigns":false,"_monsterinsights_skip_tracking":false,"_monsterinsights_sitenote_active":false,"_monsterinsights_sitenote_note":"","_monsterinsights_sitenote_category":0,"footnotes":""},"class_list":["post-4426","page","type-page","status-publish","hentry"],"acf":[],"yoast_head":"<!-- This site is optimized with the Yoast SEO plugin v27.1.1 - https:\/\/yoast.com\/product\/yoast-seo-wordpress\/ -->\n<title>Prestations - ecosolarcarport<\/title>\n<meta name=\"robots\" content=\"index, follow, max-snippet:-1, max-image-preview:large, max-video-preview:-1\" \/>\n<link rel=\"canonical\" href=\"https:\/\/ecosolarcarport.com\/fr\/prestations\/\" \/>\n<meta property=\"og:locale\" content=\"fr_FR\" \/>\n<meta property=\"og:type\" content=\"article\" \/>\n<meta property=\"og:title\" content=\"Prestations - ecosolarcarport\" \/>\n<meta property=\"og:description\" content=\"[vc_section full_width=\u00a0\u00bbstretch_row\u00a0\u00bb content_placement=\u00a0\u00bbbottom\u00a0\u00bb css=\u00a0\u00bb.vc_custom_1758077996536{margin-bottom: 20px !important;padding-top: 150px !important;padding-bottom: 90px !important;background-image: url(https:\/\/ecosolarcarport.com\/wp-content\/uploads\/2025\/09\/pexels-jan-van-bizar-12224996-1.jpg?id=9539) !important;background-position: center !important;background-repeat: no-repeat !important;background-size: cover !important;}\u00a0\u00bb][vc_row content_placement=\u00a0\u00bbmiddle\u00a0\u00bb][vc_column offset=\u00a0\u00bbvc_col-lg-offset-0 vc_col-md-offset-0 vc_col-sm-offset-0&Prime;][\/vc_column][\/vc_row][\/vc_section][vc_row css=\u00a0\u00bb.vc_custom_1758077911822{margin-top: 100px !important;}\u00a0\u00bb][vc_column width=\u00a0\u00bb1\/3&Prime;][vc_single_image image=\u00a0\u00bb9482&Prime; img_size=\u00a0\u00bb400&#215;310&Prime; css=\u00a0\u00bb.vc_custom_1758077190493{margin-bottom: -8px !important;}\u00a0\u00bb el_class=\u00a0\u00bbpost-content img\u00a0\u00bb][vc_column_text css_animation=\u00a0\u00bbfadeIn\u00a0\u00bb css=\u00a0\u00bb.vc_custom_1758076449936{border-top-width: 3px !important;padding-top: 13px !important;padding-right: 13px !important;padding-bottom: 0px !important;padding-left: 13px !important;background-color: #eeeeee !important;}\u00a0\u00bb el_class=\u00a0\u00bbsmall-text\u00a0\u00bb] SOLUTION PROFESSIONNELLE Nous offrons une gamme compl\u00e8te[...]\" \/>\n<meta property=\"og:url\" content=\"https:\/\/ecosolarcarport.com\/fr\/prestations\/\" \/>\n<meta property=\"og:site_name\" content=\"ecosolarcarport\" \/>\n<meta property=\"article:publisher\" content=\"https:\/\/www.facebook.com\/Ecosolarcarport\" \/>\n<meta property=\"article:modified_time\" content=\"2025-12-12T08:01:37+00:00\" \/>\n<meta name=\"twitter:card\" content=\"summary_large_image\" \/>\n<meta name=\"twitter:label1\" content=\"Dur\u00e9e de lecture estim\u00e9e\" \/>\n\t<meta name=\"twitter:data1\" content=\"1 minute\" \/>\n<script type=\"application\/ld+json\" class=\"yoast-schema-graph\">{\"@context\":\"https:\/\/schema.org\",\"@graph\":[{\"@type\":\"WebPage\",\"@id\":\"https:\/\/ecosolarcarport.com\/fr\/prestations\/\",\"url\":\"https:\/\/ecosolarcarport.com\/fr\/prestations\/\",\"name\":\"Prestations - ecosolarcarport\",\"isPartOf\":{\"@id\":\"https:\/\/ecosolarcarport.com\/fr\/#website\"},\"datePublished\":\"2018-04-20T21:19:19+00:00\",\"dateModified\":\"2025-12-12T08:01:37+00:00\",\"breadcrumb\":{\"@id\":\"https:\/\/ecosolarcarport.com\/fr\/prestations\/#breadcrumb\"},\"inLanguage\":\"fr-FR\",\"potentialAction\":[{\"@type\":\"ReadAction\",\"target\":[\"https:\/\/ecosolarcarport.com\/fr\/prestations\/\"]}]},{\"@type\":\"BreadcrumbList\",\"@id\":\"https:\/\/ecosolarcarport.com\/fr\/prestations\/#breadcrumb\",\"itemListElement\":[{\"@type\":\"ListItem\",\"position\":1,\"name\":\"\u9996\u9875\",\"item\":\"https:\/\/ecosolarcarport.com\/fr\/\"},{\"@type\":\"ListItem\",\"position\":2,\"name\":\"Services\"}]},{\"@type\":\"WebSite\",\"@id\":\"https:\/\/ecosolarcarport.com\/fr\/#website\",\"url\":\"https:\/\/ecosolarcarport.com\/fr\/\",\"name\":\"ecosolarcarport\",\"description\":\"\",\"publisher\":{\"@id\":\"https:\/\/ecosolarcarport.com\/fr\/#organization\"},\"potentialAction\":[{\"@type\":\"SearchAction\",\"target\":{\"@type\":\"EntryPoint\",\"urlTemplate\":\"https:\/\/ecosolarcarport.com\/fr\/?s={search_term_string}\"},\"query-input\":{\"@type\":\"PropertyValueSpecification\",\"valueRequired\":true,\"valueName\":\"search_term_string\"}}],\"inLanguage\":\"fr-FR\"},{\"@type\":\"Organization\",\"@id\":\"https:\/\/ecosolarcarport.com\/fr\/#organization\",\"name\":\"ecosolarcarport\",\"url\":\"https:\/\/ecosolarcarport.com\/fr\/\",\"logo\":{\"@type\":\"ImageObject\",\"inLanguage\":\"fr-FR\",\"@id\":\"https:\/\/ecosolarcarport.com\/fr\/#\/schema\/logo\/image\/\",\"url\":\"https:\/\/ecosolarcarport.com\/wp-content\/uploads\/2026\/03\/Ecosolarcarport.jpg\",\"contentUrl\":\"https:\/\/ecosolarcarport.com\/wp-content\/uploads\/2026\/03\/Ecosolarcarport.jpg\",\"width\":696,\"height\":696,\"caption\":\"ecosolarcarport\"},\"image\":{\"@id\":\"https:\/\/ecosolarcarport.com\/fr\/#\/schema\/logo\/image\/\"},\"sameAs\":[\"https:\/\/www.facebook.com\/Ecosolarcarport\"]}]}<\/script>\n<!-- \/ Yoast SEO plugin. -->","yoast_head_json":{"title":"Prestations - ecosolarcarport","robots":{"index":"index","follow":"follow","max-snippet":"max-snippet:-1","max-image-preview":"max-image-preview:large","max-video-preview":"max-video-preview:-1"},"canonical":"https:\/\/ecosolarcarport.com\/fr\/prestations\/","og_locale":"fr_FR","og_type":"article","og_title":"Prestations - ecosolarcarport","og_description":"[vc_section full_width=\u00a0\u00bbstretch_row\u00a0\u00bb content_placement=\u00a0\u00bbbottom\u00a0\u00bb css=\u00a0\u00bb.vc_custom_1758077996536{margin-bottom: 20px !important;padding-top: 150px !important;padding-bottom: 90px !important;background-image: url(https:\/\/ecosolarcarport.com\/wp-content\/uploads\/2025\/09\/pexels-jan-van-bizar-12224996-1.jpg?id=9539) !important;background-position: center !important;background-repeat: no-repeat !important;background-size: cover !important;}\u00a0\u00bb][vc_row content_placement=\u00a0\u00bbmiddle\u00a0\u00bb][vc_column offset=\u00a0\u00bbvc_col-lg-offset-0 vc_col-md-offset-0 vc_col-sm-offset-0&Prime;][\/vc_column][\/vc_row][\/vc_section][vc_row css=\u00a0\u00bb.vc_custom_1758077911822{margin-top: 100px !important;}\u00a0\u00bb][vc_column width=\u00a0\u00bb1\/3&Prime;][vc_single_image image=\u00a0\u00bb9482&Prime; img_size=\u00a0\u00bb400&#215;310&Prime; css=\u00a0\u00bb.vc_custom_1758077190493{margin-bottom: -8px !important;}\u00a0\u00bb el_class=\u00a0\u00bbpost-content img\u00a0\u00bb][vc_column_text css_animation=\u00a0\u00bbfadeIn\u00a0\u00bb css=\u00a0\u00bb.vc_custom_1758076449936{border-top-width: 3px !important;padding-top: 13px !important;padding-right: 13px !important;padding-bottom: 0px !important;padding-left: 13px !important;background-color: #eeeeee !important;}\u00a0\u00bb el_class=\u00a0\u00bbsmall-text\u00a0\u00bb] SOLUTION PROFESSIONNELLE Nous offrons une gamme compl\u00e8te[...]","og_url":"https:\/\/ecosolarcarport.com\/fr\/prestations\/","og_site_name":"ecosolarcarport","article_publisher":"https:\/\/www.facebook.com\/Ecosolarcarport","article_modified_time":"2025-12-12T08:01:37+00:00","twitter_card":"summary_large_image","twitter_misc":{"Dur\u00e9e de lecture estim\u00e9e":"1 minute"},"schema":{"@context":"https:\/\/schema.org","@graph":[{"@type":"WebPage","@id":"https:\/\/ecosolarcarport.com\/fr\/prestations\/","url":"https:\/\/ecosolarcarport.com\/fr\/prestations\/","name":"Prestations - ecosolarcarport","isPartOf":{"@id":"https:\/\/ecosolarcarport.com\/fr\/#website"},"datePublished":"2018-04-20T21:19:19+00:00","dateModified":"2025-12-12T08:01:37+00:00","breadcrumb":{"@id":"https:\/\/ecosolarcarport.com\/fr\/prestations\/#breadcrumb"},"inLanguage":"fr-FR","potentialAction":[{"@type":"ReadAction","target":["https:\/\/ecosolarcarport.com\/fr\/prestations\/"]}]},{"@type":"BreadcrumbList","@id":"https:\/\/ecosolarcarport.com\/fr\/prestations\/#breadcrumb","itemListElement":[{"@type":"ListItem","position":1,"name":"\u9996\u9875","item":"https:\/\/ecosolarcarport.com\/fr\/"},{"@type":"ListItem","position":2,"name":"Services"}]},{"@type":"WebSite","@id":"https:\/\/ecosolarcarport.com\/fr\/#website","url":"https:\/\/ecosolarcarport.com\/fr\/","name":"ecosolarcarport","description":"","publisher":{"@id":"https:\/\/ecosolarcarport.com\/fr\/#organization"},"potentialAction":[{"@type":"SearchAction","target":{"@type":"EntryPoint","urlTemplate":"https:\/\/ecosolarcarport.com\/fr\/?s={search_term_string}"},"query-input":{"@type":"PropertyValueSpecification","valueRequired":true,"valueName":"search_term_string"}}],"inLanguage":"fr-FR"},{"@type":"Organization","@id":"https:\/\/ecosolarcarport.com\/fr\/#organization","name":"ecosolarcarport","url":"https:\/\/ecosolarcarport.com\/fr\/","logo":{"@type":"ImageObject","inLanguage":"fr-FR","@id":"https:\/\/ecosolarcarport.com\/fr\/#\/schema\/logo\/image\/","url":"https:\/\/ecosolarcarport.com\/wp-content\/uploads\/2026\/03\/Ecosolarcarport.jpg","contentUrl":"https:\/\/ecosolarcarport.com\/wp-content\/uploads\/2026\/03\/Ecosolarcarport.jpg","width":696,"height":696,"caption":"ecosolarcarport"},"image":{"@id":"https:\/\/ecosolarcarport.com\/fr\/#\/schema\/logo\/image\/"},"sameAs":["https:\/\/www.facebook.com\/Ecosolarcarport"]}]}},"_links":{"self":[{"href":"https:\/\/ecosolarcarport.com\/fr\/wp-json\/wp\/v2\/pages\/4426","targetHints":{"allow":["GET"]}}],"collection":[{"href":"https:\/\/ecosolarcarport.com\/fr\/wp-json\/wp\/v2\/pages"}],"about":[{"href":"https:\/\/ecosolarcarport.com\/fr\/wp-json\/wp\/v2\/types\/page"}],"author":[{"embeddable":true,"href":"https:\/\/ecosolarcarport.com\/fr\/wp-json\/wp\/v2\/users\/1"}],"replies":[{"embeddable":true,"href":"https:\/\/ecosolarcarport.com\/fr\/wp-json\/wp\/v2\/comments?post=4426"}],"version-history":[{"count":7,"href":"https:\/\/ecosolarcarport.com\/fr\/wp-json\/wp\/v2\/pages\/4426\/revisions"}],"predecessor-version":[{"id":11590,"href":"https:\/\/ecosolarcarport.com\/fr\/wp-json\/wp\/v2\/pages\/4426\/revisions\/11590"}],"wp:attachment":[{"href":"https:\/\/ecosolarcarport.com\/fr\/wp-json\/wp\/v2\/media?parent=4426"}],"curies":[{"name":"wp","href":"https:\/\/api.w.org\/{rel}","templated":true}]}}