{"id":4634,"date":"2018-03-18T10:36:36","date_gmt":"2018-03-18T10:36:36","guid":{"rendered":"http:\/\/laniakeaenergy.com\/about-us\/"},"modified":"2026-04-01T03:11:19","modified_gmt":"2026-04-01T03:11:19","slug":"fabricant-de-carport-solaire","status":"publish","type":"page","link":"https:\/\/ecosolarcarport.com\/fr\/fabricant-de-carport-solaire\/","title":{"rendered":"\u00c0 propos"},"content":{"rendered":"<p>[vc_section full_width=\u00a0\u00bbstretch_row\u00a0\u00bb content_placement=\u00a0\u00bbbottom\u00a0\u00bb css=\u00a0\u00bb.vc_custom_1757983446537{padding-top: 150px !important;padding-bottom: 90px !important;background-image: url(https:\/\/ecosolarcarport.com\/wp-content\/uploads\/2025\/06\/\u573a\u666f\u6807\u51c6\u6b3e\u53cc\u8f66\u4f4d1-1.jpg?id=9097) !important;background-position: center !important;background-repeat: no-repeat !important;background-size: cover !important;}\u00a0\u00bb][vc_row content_placement=\u00a0\u00bbmiddle\u00a0\u00bb][vc_column width=\u00a0\u00bb1\/2&Prime;]<div style=\"margin:0 0 30px 0;\" class=\"heading-title  al-left\" id=\"alian4x_el_69d05a0ab3b2e\"><h3 style=\"color:#ffffff;\" class=\"al-headitg-title al-parallax\">\u00c0 propos de <span class=\"span\">nous<\/span><\/h3><span  class=\"al-line-title\"><\/span><div style=\"color:#ffffff;\" class=\"al-subtitle\">Vous recherchez des carports solaires en aluminium personnalis\u00e9s ? Ecosolarcarport combine les prix directs d'usine depuis la Chine avec un stock disponible dans notre entrep\u00f4t en Allemagne pour livrer des solutions de stationnement solaire durables et certifi\u00e9es CE\/Statik dans toute l'Europe. Que vous ayez besoin d'un syst\u00e8me r\u00e9sidentiel ou d'une installation commerciale de grande envergure, nous proposons des structures en aluminium sur mesure, avec une livraison rapide et une conformit\u00e9 technique totale. Demandez votre devis gratuit d\u00e8s aujourd'hui.<\/div><\/div>[\/vc_column][vc_column width=\u00a0\u00bb1\/2&Prime;]\n    <div style=\"color:#ffffff;\"  class=\"alx-breadcrumbs\" >\n\n        <nav class=\"alx-breadcrumbs\"><span><a href=\"https:\/\/ecosolarcarport.com\/fr\/\"><span>Home<\/span><\/a><\/span> <span class=\"sep\">\/<\/span> <span class=\"current\">Pages<\/span><\/nav>\n    <\/div>\n\n    [\/vc_column][\/vc_row][\/vc_section][vc_row css=\u00a0\u00bb.vc_custom_1676995152882{padding-top: 85px !important;padding-bottom: 65px !important;}\u00a0\u00bb][vc_column width=\u00a0\u00bb1\/3&Prime;]<div class=\"item-about\"><div class=\"icon\"><i  class=\"pe-7s-plane\"><\/i> <div class=\"bg-icon\"><i  class=\"pe-7s-plane\"><\/i><\/div><\/div><div class=\"content\"><h3 >Livraison <span class=\"span\">Rapide<\/span><\/h3> [vc_column_text]Les marchandises\/produits seront livr\u00e9s \u00e0 partir de notre entrep\u00f4t en Allemagne afin de garantir une livraison rapide.[\/vc_column_text]<\/div><\/div>[\/vc_column][vc_column width=\u00a0\u00bb1\/3&Prime;]<div class=\"item-about\"><div class=\"icon\"><i  class=\"pe-7s-cart\"><\/i> <div class=\"bg-icon\"><i  class=\"pe-7s-cart\"><\/i><\/div><\/div><div class=\"content\"><h3 >Prix <span class=\"span\">Comp\u00e9titif<\/span><\/h3> [vc_column_text]Nous offrons des co\u00fbts comp\u00e9titifs pour les supports produits dans notre propre atelier.[\/vc_column_text]<\/div><\/div>[\/vc_column][vc_column width=\u00a0\u00bb1\/3&Prime;]<div class=\"item-about\"><div class=\"icon\"><i  class=\"pe-7s-add-user\"><\/i> <div class=\"bg-icon\"><i  class=\"pe-7s-add-user\"><\/i><\/div><\/div><div class=\"content\"><h3 >Services <span class=\"span\">d'Agence<\/span><\/h3> [vc_column_text]Tous les profils de produits et toutes les informations techniques sont disponibles pour vous, et vous disposerez d&rsquo;un site web et d&rsquo;une salle d&rsquo;exposition sur mesure. Si vous avez besoin d&rsquo;aide, nous sommes toujours \u00e0 votre disposition.[\/vc_column_text]<\/div><\/div>[\/vc_column][\/vc_row][vc_section full_width=\u00a0\u00bbstretch_row_content\u00a0\u00bb content_placement=\u00a0\u00bbmiddle\u00a0\u00bb css=\u00a0\u00bb.vc_custom_1524759113273{padding-top: 0px !important;padding-bottom: 0px !important;background-image: url(http:\/\/kanter.fidex.com.ua\/wp-content\/uploads\/2018\/04\/david-cohen-556960-unsplashwhite.jpg?id=1786) !important;}\u00a0\u00bb][vc_row full_height=\u00a0\u00bbyes\u00a0\u00bb equal_height=\u00a0\u00bbyes\u00a0\u00bb content_placement=\u00a0\u00bbmiddle\u00a0\u00bb][vc_column width=\u00a0\u00bb1\/2&Prime; css=\u00a0\u00bb.vc_custom_1676996231211{padding-top: 180px !important;padding-bottom: 180px !important;background-position: center !important;background-repeat: no-repeat !important;background-size: contain !important;}\u00a0\u00bb][vc_single_image image=\u00a0\u00bb8892&Prime; img_size=\u00a0\u00bblarge\u00a0\u00bb alignment=\u00a0\u00bbcenter\u00a0\u00bb][\/vc_column][vc_column width=\u00a0\u00bb1\/2&Prime;][vc_row_inner][vc_column_inner width=\u00a0\u00bb1\/6&Prime;][\/vc_column_inner][vc_column_inner width=\u00a0\u00bb2\/3&Prime;]<div style=\"margin:50px 0 50px 0;\" class=\"heading-title  al-left\" id=\"alian4x_el_69d05a0ab3da9\"><h4 style=\"\" class=\"al-headitg-title al-parallax\">Qui nous <span class=\"span\">sommes<\/span><\/h4><span  class=\"al-line-title\"><\/span><div  class=\"al-subtitle\">Fond\u00e9e en 2006, Ecosolarcarport est un sp\u00e9cialiste de premier plan dans l'infrastructure solaire durable. Avec nos installations de production avanc\u00e9es en Chine et une filiale strat\u00e9gique avec entrep\u00f4t en Allemagne, nous offrons la combinaison parfaite entre les prix directs d'usine et un support europ\u00e9en de proximit\u00e9.<\/p>\n<p>Nous sommes sp\u00e9cialis\u00e9s dans l'ing\u00e9nierie et la fabrication de carports solaires en aluminium de haute qualit\u00e9 et de syst\u00e8mes de montage photovolta\u00efque. Notre gamme de produits comprend des solutions de stationnement solaire r\u00e9sidentiel, des fixations de toiture et des syst\u00e8mes au sol, tous con\u00e7us pour la durabilit\u00e9 et en totale conformit\u00e9 avec les normes CE et de calcul statique.<\/p>\n<p>Fort de plus de 18 ans d'expertise sectorielle, Ecosolarcarport propose des conceptions innovantes et sur mesure pour r\u00e9pondre aux besoins uniques du march\u00e9 europ\u00e9en. Notre logistique bas\u00e9e en Allemagne assure une livraison rapide et fiable dans toute l'UE, offrant \u00e0 nos clients un acc\u00e8s fluide \u00e0 des structures solaires de haute performance.<\/div><\/div>[\/vc_column_inner][vc_column_inner width=\u00a0\u00bb1\/6&Prime;][\/vc_column_inner][\/vc_row_inner][\/vc_column][\/vc_row][vc_row full_height=\u00a0\u00bbyes\u00a0\u00bb equal_height=\u00a0\u00bbyes\u00a0\u00bb content_placement=\u00a0\u00bbmiddle\u00a0\u00bb][vc_column width=\u00a0\u00bb1\/2&Prime;][vc_row_inner][vc_column_inner width=\u00a0\u00bb1\/6&Prime;][\/vc_column_inner][vc_column_inner width=\u00a0\u00bb2\/3&Prime;]<div style=\"margin:50px 0 50px 0;\" class=\"heading-title  al-left\" id=\"alian4x_el_69d05a0ab3dbe\"><h4 style=\"\" class=\"al-headitg-title al-parallax\">Pourquoi nous <span class=\"span\">choisir<\/span><\/h4><span  class=\"al-line-title\"><\/span><div  class=\"al-subtitle\">\u25cf Co\u00fbt comp\u00e9titif et qualit\u00e9 fiable : Les produits les plus comp\u00e9titifs de notre usine pour vous aider \u00e0 remporter vos projets, avec une qualit\u00e9 digne de confiance pour garantir la fiabilit\u00e9.<br \/>\n\u25cf Facilit\u00e9 de collaboration : Nous parlons couramment l\u2019anglais et l\u2019allemand, ma\u00eetrisons parfaitement le secteur et pla\u00e7ons le client au c\u0153ur de nos priorit\u00e9s.<br \/>\n\u25cf Entrep\u00f4t en Allemagne : R\u00e9duisez vos contraintes de tr\u00e9sorerie li\u00e9es aux stocks, et b\u00e9n\u00e9ficiez d\u2019une livraison des produits au moment requis.<br \/>\n\u25cf \u00c9quipe d\u2019ing\u00e9nierie et de conception exp\u00e9riment\u00e9e : Nous vous fournissons non seulement des solutions innovantes et adapt\u00e9es, mais aussi du mat\u00e9riel publicitaire pour vos actions marketing.<br \/>\n\u25cf Services d\u2019installation sur site : Une prestation cl\u00e9 en main, de l\u2019achat \u00e0 l\u2019installation et au service apr\u00e8s-vente, pour une exp\u00e9rience client sans souci, une efficacit\u00e9 accrue et des \u00e9conomies r\u00e9alis\u00e9es.<\/div><\/div>[\/vc_column_inner][vc_column_inner width=\u00a0\u00bb1\/6&Prime;][\/vc_column_inner][\/vc_row_inner][\/vc_column][vc_column width=\u00a0\u00bb1\/2&Prime; css=\u00a0\u00bb.vc_custom_1676996231211{padding-top: 180px !important;padding-bottom: 180px !important;background-position: center !important;background-repeat: no-repeat !important;background-size: contain !important;}\u00a0\u00bb][vc_single_image image=\u00a0\u00bb7817&Prime; img_size=\u00a0\u00bblarge\u00a0\u00bb alignment=\u00a0\u00bbcenter\u00a0\u00bb][\/vc_column][\/vc_row][vc_row full_height=\u00a0\u00bbyes\u00a0\u00bb equal_height=\u00a0\u00bbyes\u00a0\u00bb content_placement=\u00a0\u00bbmiddle\u00a0\u00bb][vc_column width=\u00a0\u00bb1\/2&Prime;][vc_single_image image=\u00a0\u00bb9403&Prime; img_size=\u00a0\u00bblarge\u00a0\u00bb alignment=\u00a0\u00bbcenter\u00a0\u00bb][\/vc_column][vc_column width=\u00a0\u00bb1\/2&Prime; css=\u00a0\u00bb.vc_custom_1676996231211{padding-top: 180px !important;padding-bottom: 180px !important;background-position: center !important;background-repeat: no-repeat !important;background-size: contain !important;}\u00a0\u00bb][vc_row_inner][vc_column_inner width=\u00a0\u00bb1\/6&Prime;][\/vc_column_inner][vc_column_inner width=\u00a0\u00bb2\/3&Prime;]<div style=\"margin:50px 0 50px 0;\" class=\"heading-title  al-left\" id=\"alian4x_el_69d05a0ab3dd1\"><h4 style=\"\" class=\"al-headitg-title al-parallax\">Comment coop\u00e9rer avec <span class=\"span\">nous<\/span><\/h4><span  class=\"al-line-title\"><\/span><div  class=\"al-subtitle\">\u25cf Permettez-nous d'\u00eatre votre guide, votre assistant et votre partenaire dans le secteur des \u00e9nergies nouvelles.<br \/>\n\u25cf Notre objectif est de cultiver un r\u00e9seau de distributeurs et de diversifier nos canaux de vente, afin que les clients finaux b\u00e9n\u00e9ficient des produits adapt\u00e9s et d'un service attentif.<br \/>\n\u25cf Toutes les informations produits, y compris les profils, fiches techniques, donn\u00e9es techniques et manuels d'installation, sont \u00e0 votre disposition, accompagn\u00e9es d'un site web personnalis\u00e9 et d'un salon virtuel. Notre \u00e9quipe est toujours pr\u00eate \u00e0 vous apporter toute l\u2019assistance dont vous pourriez avoir besoin.<\/div><\/div>[\/vc_column_inner][vc_column_inner width=\u00a0\u00bb1\/6&Prime;][\/vc_column_inner][\/vc_row_inner][\/vc_column][\/vc_row][\/vc_section][vc_row full_width=\u00a0\u00bbstretch_row\u00a0\u00bb css=\u00a0\u00bb.vc_custom_1524760440628{padding-top: 80px !important;padding-bottom: 80px !important;background-image: url(http:\/\/kanter.fidex.com.ua\/wp-content\/uploads\/2018\/04\/darkk.jpg?id=1783) !important;background-position: center !important;background-repeat: no-repeat !important;background-size: cover !important;}\u00a0\u00bb][vc_column css=\u00a0\u00bb.vc_custom_1520161734914{padding-top: 0px !important;}\u00a0\u00bb]<div style=\"margin:0 0 35px 0;\" class=\"heading-title  al-center\" id=\"alian4x_el_69d05a0ab3de3\"><h4 style=\"color:#ffffff;\" class=\"al-headitg-title al-parallax\">VOUS D\u00c9BUTEZ <span class=\"span\"> UN PROJET\uff1f <span><\/h4><div style=\"color:#ffffff;\" class=\"al-subtitle\">Notre \u00e9quipe technique experte vous accompagne dans la r\u00e9alisation de votre projet solaire. Contactez-nous d\u00e8s aujourd'hui.<\/div><\/div>\n    <div style=\"\" class=\"buttons-section center\">\n        <a style=\"\" href=\"https:\/\/ecosolarcarport.com\/contact-us\/\" target =\"_self\" class=\"btn btn-blue\" id=\"alian4x_el_69d05a0ab3e37\">ENTAMER UNE CONVERSATION<\/a>    <\/div>\n\n    [\/vc_column][\/vc_row]<\/p>\n","protected":false},"excerpt":{"rendered":"<p>[vc_section full_width=\u00a0\u00bbstretch_row\u00a0\u00bb content_placement=\u00a0\u00bbbottom\u00a0\u00bb css=\u00a0\u00bb.vc_custom_1757983446537{padding-top: 150px !important;padding-bottom: 90px !important;background-image: url(https:\/\/ecosolarcarport.com\/wp-content\/uploads\/2025\/06\/\u573a\u666f\u6807\u51c6\u6b3e\u53cc\u8f66\u4f4d1-1.jpg?id=9097) !important;background-position: center !important;background-repeat: no-repeat !important;background-size: cover !important;}\u00a0\u00bb][vc_row content_placement=\u00a0\u00bbmiddle\u00a0\u00bb][vc_column width=\u00a0\u00bb1\/2&Prime;][\/vc_column][vc_column width=\u00a0\u00bb1\/2&Prime;][\/vc_column][\/vc_row][\/vc_section][vc_row css=\u00a0\u00bb.vc_custom_1676995152882{padding-top: 85px !important;padding-bottom: 65px !important;}\u00a0\u00bb][vc_column width=\u00a0\u00bb1\/3&Prime;][\/vc_column][vc_column width=\u00a0\u00bb1\/3&Prime;][\/vc_column][vc_column width=\u00a0\u00bb1\/3&Prime;][\/vc_column][\/vc_row][vc_section full_width=\u00a0\u00bbstretch_row_content\u00a0\u00bb content_placement=\u00a0\u00bbmiddle\u00a0\u00bb css=\u00a0\u00bb.vc_custom_1524759113273{padding-top: 0px !important;padding-bottom: 0px !important;background-image: url(http:\/\/kanter.fidex.com.ua\/wp-content\/uploads\/2018\/04\/david-cohen-556960-unsplashwhite.jpg?id=1786) !important;}\u00a0\u00bb][vc_row full_height=\u00a0\u00bbyes\u00a0\u00bb equal_height=\u00a0\u00bbyes\u00a0\u00bb content_placement=\u00a0\u00bbmiddle\u00a0\u00bb][vc_column width=\u00a0\u00bb1\/2&Prime; css=\u00a0\u00bb.vc_custom_1676996231211{padding-top: 180px !important;padding-bottom: 180px !important;background-position: center !important;background-repeat: no-repeat !important;background-size: contain !important;}\u00a0\u00bb][vc_single_image image=\u00a0\u00bb8892&Prime; img_size=\u00a0\u00bblarge\u00a0\u00bb alignment=\u00a0\u00bbcenter\u00a0\u00bb][\/vc_column][vc_column width=\u00a0\u00bb1\/2&Prime;][vc_row_inner][vc_column_inner<span class=\"screen-reader-text\"><a href=\"https:\/\/ecosolarcarport.com\/fr\/fabricant-de-carport-solaire\/\" rel=\"nofollow\">[&#8230;]<\/a><\/span><\/p>\n","protected":false},"author":1,"featured_media":0,"parent":0,"menu_order":0,"comment_status":"closed","ping_status":"closed","template":"page-builder.php","meta":{"om_disable_all_campaigns":false,"_monsterinsights_skip_tracking":false,"_monsterinsights_sitenote_active":false,"_monsterinsights_sitenote_note":"","_monsterinsights_sitenote_category":0,"footnotes":""},"class_list":["post-4634","page","type-page","status-publish","hentry"],"acf":[],"yoast_head":"<!-- This site is optimized with the Yoast SEO plugin v27.1.1 - https:\/\/yoast.com\/product\/yoast-seo-wordpress\/ -->\n<title>Fabricant de Carport Solaire | \u00c0 Propos | Ecosolarcarport<\/title>\n<meta name=\"description\" content=\"D\u00e9couvrez Ecosolarcarport, votre expert en carports solaires en aluminium. Nous proposons des prix directs d&#039;usine et une livraison rapide depuis notre entrep\u00f4t en Allemagne.\" \/>\n<meta name=\"robots\" content=\"index, follow, max-snippet:-1, max-image-preview:large, max-video-preview:-1\" \/>\n<link rel=\"canonical\" href=\"https:\/\/ecosolarcarport.com\/fr\/fabricant-de-carport-solaire\/\" \/>\n<meta property=\"og:locale\" content=\"fr_FR\" \/>\n<meta property=\"og:type\" content=\"article\" \/>\n<meta property=\"og:title\" content=\"Fabricant de Carport Solaire | \u00c0 Propos | Ecosolarcarport\" \/>\n<meta property=\"og:description\" content=\"D\u00e9couvrez Ecosolarcarport, votre expert en carports solaires en aluminium. Nous proposons des prix directs d&#039;usine et une livraison rapide depuis notre entrep\u00f4t en Allemagne.\" \/>\n<meta property=\"og:url\" content=\"https:\/\/ecosolarcarport.com\/fr\/fabricant-de-carport-solaire\/\" \/>\n<meta property=\"og:site_name\" content=\"ecosolarcarport\" \/>\n<meta property=\"article:publisher\" content=\"https:\/\/www.facebook.com\/Ecosolarcarport\" \/>\n<meta property=\"article:modified_time\" content=\"2026-04-01T03:11:19+00:00\" \/>\n<meta name=\"twitter:card\" content=\"summary_large_image\" \/>\n<meta name=\"twitter:label1\" content=\"Dur\u00e9e de lecture estim\u00e9e\" \/>\n\t<meta name=\"twitter:data1\" content=\"5 minutes\" \/>\n<script type=\"application\/ld+json\" class=\"yoast-schema-graph\">{\"@context\":\"https:\/\/schema.org\",\"@graph\":[{\"@type\":\"WebPage\",\"@id\":\"https:\/\/ecosolarcarport.com\/fr\/fabricant-de-carport-solaire\/\",\"url\":\"https:\/\/ecosolarcarport.com\/fr\/fabricant-de-carport-solaire\/\",\"name\":\"Fabricant de Carport Solaire | \u00c0 Propos | Ecosolarcarport\",\"isPartOf\":{\"@id\":\"https:\/\/ecosolarcarport.com\/fr\/#website\"},\"datePublished\":\"2018-03-18T10:36:36+00:00\",\"dateModified\":\"2026-04-01T03:11:19+00:00\",\"description\":\"D\u00e9couvrez Ecosolarcarport, votre expert en carports solaires en aluminium. Nous proposons des prix directs d'usine et une livraison rapide depuis notre entrep\u00f4t en Allemagne.\",\"breadcrumb\":{\"@id\":\"https:\/\/ecosolarcarport.com\/fr\/fabricant-de-carport-solaire\/#breadcrumb\"},\"inLanguage\":\"fr-FR\",\"potentialAction\":[{\"@type\":\"ReadAction\",\"target\":[\"https:\/\/ecosolarcarport.com\/fr\/fabricant-de-carport-solaire\/\"]}]},{\"@type\":\"BreadcrumbList\",\"@id\":\"https:\/\/ecosolarcarport.com\/fr\/fabricant-de-carport-solaire\/#breadcrumb\",\"itemListElement\":[{\"@type\":\"ListItem\",\"position\":1,\"name\":\"\u9996\u9875\",\"item\":\"https:\/\/ecosolarcarport.com\/fr\/\"},{\"@type\":\"ListItem\",\"position\":2,\"name\":\"\u00c0 propos\"}]},{\"@type\":\"WebSite\",\"@id\":\"https:\/\/ecosolarcarport.com\/fr\/#website\",\"url\":\"https:\/\/ecosolarcarport.com\/fr\/\",\"name\":\"ecosolarcarport\",\"description\":\"\",\"publisher\":{\"@id\":\"https:\/\/ecosolarcarport.com\/fr\/#organization\"},\"potentialAction\":[{\"@type\":\"SearchAction\",\"target\":{\"@type\":\"EntryPoint\",\"urlTemplate\":\"https:\/\/ecosolarcarport.com\/fr\/?s={search_term_string}\"},\"query-input\":{\"@type\":\"PropertyValueSpecification\",\"valueRequired\":true,\"valueName\":\"search_term_string\"}}],\"inLanguage\":\"fr-FR\"},{\"@type\":\"Organization\",\"@id\":\"https:\/\/ecosolarcarport.com\/fr\/#organization\",\"name\":\"ecosolarcarport\",\"url\":\"https:\/\/ecosolarcarport.com\/fr\/\",\"logo\":{\"@type\":\"ImageObject\",\"inLanguage\":\"fr-FR\",\"@id\":\"https:\/\/ecosolarcarport.com\/fr\/#\/schema\/logo\/image\/\",\"url\":\"https:\/\/ecosolarcarport.com\/wp-content\/uploads\/2026\/03\/Ecosolarcarport.jpg\",\"contentUrl\":\"https:\/\/ecosolarcarport.com\/wp-content\/uploads\/2026\/03\/Ecosolarcarport.jpg\",\"width\":696,\"height\":696,\"caption\":\"ecosolarcarport\"},\"image\":{\"@id\":\"https:\/\/ecosolarcarport.com\/fr\/#\/schema\/logo\/image\/\"},\"sameAs\":[\"https:\/\/www.facebook.com\/Ecosolarcarport\"]}]}<\/script>\n<!-- \/ Yoast SEO plugin. -->","yoast_head_json":{"title":"Fabricant de Carport Solaire | \u00c0 Propos | Ecosolarcarport","description":"D\u00e9couvrez Ecosolarcarport, votre expert en carports solaires en aluminium. Nous proposons des prix directs d'usine et une livraison rapide depuis notre entrep\u00f4t en Allemagne.","robots":{"index":"index","follow":"follow","max-snippet":"max-snippet:-1","max-image-preview":"max-image-preview:large","max-video-preview":"max-video-preview:-1"},"canonical":"https:\/\/ecosolarcarport.com\/fr\/fabricant-de-carport-solaire\/","og_locale":"fr_FR","og_type":"article","og_title":"Fabricant de Carport Solaire | \u00c0 Propos | Ecosolarcarport","og_description":"D\u00e9couvrez Ecosolarcarport, votre expert en carports solaires en aluminium. Nous proposons des prix directs d'usine et une livraison rapide depuis notre entrep\u00f4t en Allemagne.","og_url":"https:\/\/ecosolarcarport.com\/fr\/fabricant-de-carport-solaire\/","og_site_name":"ecosolarcarport","article_publisher":"https:\/\/www.facebook.com\/Ecosolarcarport","article_modified_time":"2026-04-01T03:11:19+00:00","twitter_card":"summary_large_image","twitter_misc":{"Dur\u00e9e de lecture estim\u00e9e":"5 minutes"},"schema":{"@context":"https:\/\/schema.org","@graph":[{"@type":"WebPage","@id":"https:\/\/ecosolarcarport.com\/fr\/fabricant-de-carport-solaire\/","url":"https:\/\/ecosolarcarport.com\/fr\/fabricant-de-carport-solaire\/","name":"Fabricant de Carport Solaire | \u00c0 Propos | Ecosolarcarport","isPartOf":{"@id":"https:\/\/ecosolarcarport.com\/fr\/#website"},"datePublished":"2018-03-18T10:36:36+00:00","dateModified":"2026-04-01T03:11:19+00:00","description":"D\u00e9couvrez Ecosolarcarport, votre expert en carports solaires en aluminium. Nous proposons des prix directs d'usine et une livraison rapide depuis notre entrep\u00f4t en Allemagne.","breadcrumb":{"@id":"https:\/\/ecosolarcarport.com\/fr\/fabricant-de-carport-solaire\/#breadcrumb"},"inLanguage":"fr-FR","potentialAction":[{"@type":"ReadAction","target":["https:\/\/ecosolarcarport.com\/fr\/fabricant-de-carport-solaire\/"]}]},{"@type":"BreadcrumbList","@id":"https:\/\/ecosolarcarport.com\/fr\/fabricant-de-carport-solaire\/#breadcrumb","itemListElement":[{"@type":"ListItem","position":1,"name":"\u9996\u9875","item":"https:\/\/ecosolarcarport.com\/fr\/"},{"@type":"ListItem","position":2,"name":"\u00c0 propos"}]},{"@type":"WebSite","@id":"https:\/\/ecosolarcarport.com\/fr\/#website","url":"https:\/\/ecosolarcarport.com\/fr\/","name":"ecosolarcarport","description":"","publisher":{"@id":"https:\/\/ecosolarcarport.com\/fr\/#organization"},"potentialAction":[{"@type":"SearchAction","target":{"@type":"EntryPoint","urlTemplate":"https:\/\/ecosolarcarport.com\/fr\/?s={search_term_string}"},"query-input":{"@type":"PropertyValueSpecification","valueRequired":true,"valueName":"search_term_string"}}],"inLanguage":"fr-FR"},{"@type":"Organization","@id":"https:\/\/ecosolarcarport.com\/fr\/#organization","name":"ecosolarcarport","url":"https:\/\/ecosolarcarport.com\/fr\/","logo":{"@type":"ImageObject","inLanguage":"fr-FR","@id":"https:\/\/ecosolarcarport.com\/fr\/#\/schema\/logo\/image\/","url":"https:\/\/ecosolarcarport.com\/wp-content\/uploads\/2026\/03\/Ecosolarcarport.jpg","contentUrl":"https:\/\/ecosolarcarport.com\/wp-content\/uploads\/2026\/03\/Ecosolarcarport.jpg","width":696,"height":696,"caption":"ecosolarcarport"},"image":{"@id":"https:\/\/ecosolarcarport.com\/fr\/#\/schema\/logo\/image\/"},"sameAs":["https:\/\/www.facebook.com\/Ecosolarcarport"]}]}},"_links":{"self":[{"href":"https:\/\/ecosolarcarport.com\/fr\/wp-json\/wp\/v2\/pages\/4634","targetHints":{"allow":["GET"]}}],"collection":[{"href":"https:\/\/ecosolarcarport.com\/fr\/wp-json\/wp\/v2\/pages"}],"about":[{"href":"https:\/\/ecosolarcarport.com\/fr\/wp-json\/wp\/v2\/types\/page"}],"author":[{"embeddable":true,"href":"https:\/\/ecosolarcarport.com\/fr\/wp-json\/wp\/v2\/users\/1"}],"replies":[{"embeddable":true,"href":"https:\/\/ecosolarcarport.com\/fr\/wp-json\/wp\/v2\/comments?post=4634"}],"version-history":[{"count":20,"href":"https:\/\/ecosolarcarport.com\/fr\/wp-json\/wp\/v2\/pages\/4634\/revisions"}],"predecessor-version":[{"id":12255,"href":"https:\/\/ecosolarcarport.com\/fr\/wp-json\/wp\/v2\/pages\/4634\/revisions\/12255"}],"wp:attachment":[{"href":"https:\/\/ecosolarcarport.com\/fr\/wp-json\/wp\/v2\/media?parent=4634"}],"curies":[{"name":"wp","href":"https:\/\/api.w.org\/{rel}","templated":true}]}}